{"id":6870,"date":"2025-08-04T09:46:10","date_gmt":"2025-08-04T07:46:10","guid":{"rendered":"https:\/\/ofertacular.com\/index.php\/producto\/banador-moderno-2\/"},"modified":"2025-08-04T09:46:10","modified_gmt":"2025-08-04T07:46:10","slug":"banador-moderno-2","status":"publish","type":"product","link":"https:\/\/ofertacular.com\/index.php\/producto\/banador-moderno-2\/","title":{"rendered":"Ba\u00f1ador Moderno"},"content":{"rendered":"<div class=\"oferta-container\">\n<p>\ud83d\udfe5 <b>INCRE\u00cdBLE<\/b> \ud83d\udfe5 #Publicidad #Amazon #16<\/p>\n<p>\ud83d\udd34 <b>Ba\u00f1ador Moderno <\/b><\/p>\n<p>\u2705 <b>AHORA 13.5 \u20ac<\/b> \u2714\ufe0f\ud83d\udfe1<\/p>\n<p>\u274c Antes 19.90 \u20ac<\/p>\n<p>\ud83d\uded2: <a href=\"https:\/\/btz.es\/4STlb7V\" target=\"_blank\" rel=\"nofollow noopener\">https:\/\/btz.es\/4STlb7V<\/a><\/p>\n<p>Descubre el ba\u00f1ador moderno perfecto para disfrutar del verano con estilo y comodidad. Este ba\u00f1ador combina dise\u00f1o vanguardista con tejidos de alta calidad que garantizan durabilidad y confort, ideal para actividades acu\u00e1ticas y d\u00edas de ocio en la playa o la piscina. Su confecci\u00f3n est\u00e1 pensada para ofrecer un ajuste \u00f3ptimo que realza la figura y permite libertad de movimiento. La elecci\u00f3n de colores y estampados responde a las \u00faltimas tendencias en moda de ba\u00f1o, aportando frescura y personalidad a tu vestuario. Adem\u00e1s, este ba\u00f1ador se seca r\u00e1pidamente, facilitando su uso continuado y evitando molestias ocasionadas por la humedad. Es adecuado para todo tipo de cuerpos y edades, gracias a su dise\u00f1o inclusivo y vers\u00e1til. Perfecto tanto para deportistas amateurs como para quienes buscan un estilo casual y elegante al mismo tiempo. No pierdas la oportunidad de renovar tu colecci\u00f3n de ropa de ba\u00f1o con este ba\u00f1ador moderno que se distingue por su funcionalidad y est\u00e9tica inigualable. Haz tu pedido ahora y prep\u00e1rate para lucir impecable en cada chapuz\u00f3n, destacando gracias a su confecci\u00f3n premium y atenci\u00f3n a los detalles.<\/p>\n<\/p><\/div>\n","protected":false},"excerpt":{"rendered":"<p>\ud83d\udfe5 INCRE\u00cdBLE \ud83d\udfe5 #Publicidad #Amazon #16 \ud83d\udd34 Ba\u00f1ador Moderno \u2705 AHORA 13.5 \u20ac \u2714\ufe0f\ud83d\udfe1 \u274c Antes 19.90 \u20ac \ud83d\uded2: https:\/\/btz.es\/4STlb7V Descubre el ba\u00f1ador moderno perfecto para disfrutar del verano con estilo y comodidad. Este ba\u00f1ador combina dise\u00f1o vanguardista con tejidos de alta calidad que garantizan durabilidad y confort, ideal para actividades acu\u00e1ticas y d\u00edas de [&hellip;]<\/p>\n","protected":false},"featured_media":6869,"template":"","meta":{"_gspb_post_css":""},"store":[],"product_brand":[],"product_cat":[16],"product_tag":[],"class_list":{"0":"post-6870","1":"product","2":"type-product","3":"status-publish","4":"has-post-thumbnail","6":"product_cat-sin-categorizar","8":"first","9":"instock","10":"sale","11":"shipping-taxable","12":"product-type-external"},"jetpack_sharing_enabled":true,"_links":{"self":[{"href":"https:\/\/ofertacular.com\/index.php\/wp-json\/wp\/v2\/product\/6870","targetHints":{"allow":["GET"]}}],"collection":[{"href":"https:\/\/ofertacular.com\/index.php\/wp-json\/wp\/v2\/product"}],"about":[{"href":"https:\/\/ofertacular.com\/index.php\/wp-json\/wp\/v2\/types\/product"}],"wp:featuredmedia":[{"embeddable":true,"href":"https:\/\/ofertacular.com\/index.php\/wp-json\/wp\/v2\/media\/6869"}],"wp:attachment":[{"href":"https:\/\/ofertacular.com\/index.php\/wp-json\/wp\/v2\/media?parent=6870"}],"wp:term":[{"taxonomy":"store","embeddable":true,"href":"https:\/\/ofertacular.com\/index.php\/wp-json\/wp\/v2\/store?post=6870"},{"taxonomy":"product_brand","embeddable":true,"href":"https:\/\/ofertacular.com\/index.php\/wp-json\/wp\/v2\/product_brand?post=6870"},{"taxonomy":"product_cat","embeddable":true,"href":"https:\/\/ofertacular.com\/index.php\/wp-json\/wp\/v2\/product_cat?post=6870"},{"taxonomy":"product_tag","embeddable":true,"href":"https:\/\/ofertacular.com\/index.php\/wp-json\/wp\/v2\/product_tag?post=6870"}],"curies":[{"name":"wp","href":"https:\/\/api.w.org\/{rel}","templated":true}]}}