{"id":6874,"date":"2025-08-04T09:58:07","date_gmt":"2025-08-04T07:58:07","guid":{"rendered":"https:\/\/ofertacular.com\/index.php\/producto\/giannis-immortality\/"},"modified":"2025-08-04T09:58:07","modified_gmt":"2025-08-04T07:58:07","slug":"giannis-immortality","status":"publish","type":"product","link":"https:\/\/ofertacular.com\/index.php\/producto\/giannis-immortality\/","title":{"rendered":"Giannis Immortality"},"content":{"rendered":"<div class=\"oferta-container\">\n<p>\ud83d\udfe5 <b>AHORRA AQU\u00cd<\/b> \ud83d\udfe5 #Publicidad #Amazon #16<\/p>\n<p>\ud83d\udd34 <b>Inmortal Giannis <\/b><\/p>\n<p>\u2705 <b>AHORA 53.95 \u20ac<\/b> \u2714\ufe0f\ud83d\udfe1<\/p>\n<p>\u274c Antes 89.99 \u20ac<\/p>\n<p>\ud83d\uded2: <a href=\"https:\/\/btz.es\/4STobWB\" target=\"_blank\" rel=\"nofollow noopener\">https:\/\/btz.es\/4STobWB<\/a><\/p>\n<p>Descubre la camiseta \u00abInmortal Giannis\u00bb, una prenda \u00fanica dedicada a uno de los jugadores m\u00e1s emblem\u00e1ticos y dominantes del baloncesto moderno, Giannis Antetokounmpo. Esta camiseta est\u00e1 dise\u00f1ada para los verdaderos fans que quieren llevar con orgullo el legado y la inspiraci\u00f3n que Giannis representa en el deporte y la cultura. Fabricada con materiales de alta calidad, la camiseta \u00abInmortal Giannis\u00bb garantiza comodidad y durabilidad, ideal para uso cotidiano o para tus entrenamientos. El dise\u00f1o combina un estilo moderno con elementos que reflejan la fuerza, la perseverancia y el esp\u00edritu competitivo de Giannis. Un imprescindible para coleccionistas y aficionados del baloncesto, esta camiseta no solo es una prenda deportiva, sino un s\u00edmbolo de motivaci\u00f3n y \u00e9xito. Con un ajuste perfecto y detalles que resaltan la figura de Giannis, esta camiseta es perfecta para hombres y mujeres que buscan destacar en la cancha o en su d\u00eda a d\u00eda. No pierdas la oportunidad de conseguir esta prenda exclusiva que celebra la inmortalidad del talento y la dedicaci\u00f3n de Giannis Antetokounmpo. Perfecta para regalar o para complementar tu outfit deportivo con estilo y pasi\u00f3n. \u00a1Hazte con la camiseta \u00abInmortal Giannis\u00bb y lleva contigo el esp\u00edritu de un verdadero campe\u00f3n!<\/p>\n<\/p><\/div>\n","protected":false},"excerpt":{"rendered":"<p>\ud83d\udfe5 AHORRA AQU\u00cd \ud83d\udfe5 #Publicidad #Amazon #16 \ud83d\udd34 Inmortal Giannis \u2705 AHORA 53.95 \u20ac \u2714\ufe0f\ud83d\udfe1 \u274c Antes 89.99 \u20ac \ud83d\uded2: https:\/\/btz.es\/4STobWB Descubre la camiseta \u00abInmortal Giannis\u00bb, una prenda \u00fanica dedicada a uno de los jugadores m\u00e1s emblem\u00e1ticos y dominantes del baloncesto moderno, Giannis Antetokounmpo. Esta camiseta est\u00e1 dise\u00f1ada para los verdaderos fans que quieren llevar [&hellip;]<\/p>\n","protected":false},"featured_media":6873,"template":"","meta":{"_gspb_post_css":""},"store":[],"product_brand":[],"product_cat":[16],"product_tag":[],"class_list":{"0":"post-6874","1":"product","2":"type-product","3":"status-publish","4":"has-post-thumbnail","6":"product_cat-sin-categorizar","8":"first","9":"instock","10":"sale","11":"shipping-taxable","12":"product-type-external"},"jetpack_sharing_enabled":true,"_links":{"self":[{"href":"https:\/\/ofertacular.com\/index.php\/wp-json\/wp\/v2\/product\/6874","targetHints":{"allow":["GET"]}}],"collection":[{"href":"https:\/\/ofertacular.com\/index.php\/wp-json\/wp\/v2\/product"}],"about":[{"href":"https:\/\/ofertacular.com\/index.php\/wp-json\/wp\/v2\/types\/product"}],"wp:featuredmedia":[{"embeddable":true,"href":"https:\/\/ofertacular.com\/index.php\/wp-json\/wp\/v2\/media\/6873"}],"wp:attachment":[{"href":"https:\/\/ofertacular.com\/index.php\/wp-json\/wp\/v2\/media?parent=6874"}],"wp:term":[{"taxonomy":"store","embeddable":true,"href":"https:\/\/ofertacular.com\/index.php\/wp-json\/wp\/v2\/store?post=6874"},{"taxonomy":"product_brand","embeddable":true,"href":"https:\/\/ofertacular.com\/index.php\/wp-json\/wp\/v2\/product_brand?post=6874"},{"taxonomy":"product_cat","embeddable":true,"href":"https:\/\/ofertacular.com\/index.php\/wp-json\/wp\/v2\/product_cat?post=6874"},{"taxonomy":"product_tag","embeddable":true,"href":"https:\/\/ofertacular.com\/index.php\/wp-json\/wp\/v2\/product_tag?post=6874"}],"curies":[{"name":"wp","href":"https:\/\/api.w.org\/{rel}","templated":true}]}}