{"id":6880,"date":"2025-08-04T10:04:09","date_gmt":"2025-08-04T08:04:09","guid":{"rendered":"https:\/\/ofertacular.com\/index.php\/producto\/mirio-togata\/"},"modified":"2025-08-04T10:04:09","modified_gmt":"2025-08-04T08:04:09","slug":"mirio-togata","status":"publish","type":"product","link":"https:\/\/ofertacular.com\/index.php\/producto\/mirio-togata\/","title":{"rendered":"Mirio Togata"},"content":{"rendered":"<div class=\"oferta-container\">\ud83d\udfea <b>FUNKAZO<\/b> \ud83d\udfea #Publicidad #Amazon<\/p>\n<p>\ud83d\udfe3 <b> Funko POP! Anime: My Hero &#8211; Mirio Togata Hero<\/b> <\/p>\n<p>\u2705 <b>AHORA 8.74 \u20ac<\/b> \u2714\ufe0f\ud83d\udfe1<br \/>\n\u274c Antes 16.00 \u20ac \u20ac <\/p>\n<p>\ud83d\uded2: https:\/\/btz.es\/4STp7Ql\ud83d\udfe2 <\/p>\n<p>Ofertacular.com<\/p>\n<p>Descubre el Funko POP! Anime de Mirio Togata, un imprescindible para los fans de My Hero Academia. Esta figura de vinilo captura todos los detalles del h\u00e9roe Mirio, reflejando su carisma y fuerza. Perfecto para coleccionistas y amantes del anime, este Funko es ideal para exhibici\u00f3n y regalo. A\u00f1ade a tu colecci\u00f3n un producto oficial y de alta calidad que destacar\u00e1 en cualquier vitrina.<\/p>\n<\/div>\n","protected":false},"excerpt":{"rendered":"<p>\ud83d\udfea FUNKAZO \ud83d\udfea #Publicidad #Amazon \ud83d\udfe3 Funko POP! Anime: My Hero &#8211; Mirio Togata Hero \u2705 AHORA 8.74 \u20ac \u2714\ufe0f\ud83d\udfe1 \u274c Antes 16.00 \u20ac \u20ac \ud83d\uded2: https:\/\/btz.es\/4STp7Ql\ud83d\udfe2 Ofertacular.com Descubre el Funko POP! Anime de Mirio Togata, un imprescindible para los fans de My Hero Academia. Esta figura de vinilo captura todos los detalles del h\u00e9roe [&hellip;]<\/p>\n","protected":false},"featured_media":6879,"template":"","meta":{"_gspb_post_css":""},"store":[],"product_brand":[],"product_cat":[16],"product_tag":[],"class_list":{"0":"post-6880","1":"product","2":"type-product","3":"status-publish","4":"has-post-thumbnail","6":"product_cat-sin-categorizar","8":"first","9":"instock","10":"sale","11":"shipping-taxable","12":"product-type-external"},"jetpack_sharing_enabled":true,"_links":{"self":[{"href":"https:\/\/ofertacular.com\/index.php\/wp-json\/wp\/v2\/product\/6880","targetHints":{"allow":["GET"]}}],"collection":[{"href":"https:\/\/ofertacular.com\/index.php\/wp-json\/wp\/v2\/product"}],"about":[{"href":"https:\/\/ofertacular.com\/index.php\/wp-json\/wp\/v2\/types\/product"}],"wp:featuredmedia":[{"embeddable":true,"href":"https:\/\/ofertacular.com\/index.php\/wp-json\/wp\/v2\/media\/6879"}],"wp:attachment":[{"href":"https:\/\/ofertacular.com\/index.php\/wp-json\/wp\/v2\/media?parent=6880"}],"wp:term":[{"taxonomy":"store","embeddable":true,"href":"https:\/\/ofertacular.com\/index.php\/wp-json\/wp\/v2\/store?post=6880"},{"taxonomy":"product_brand","embeddable":true,"href":"https:\/\/ofertacular.com\/index.php\/wp-json\/wp\/v2\/product_brand?post=6880"},{"taxonomy":"product_cat","embeddable":true,"href":"https:\/\/ofertacular.com\/index.php\/wp-json\/wp\/v2\/product_cat?post=6880"},{"taxonomy":"product_tag","embeddable":true,"href":"https:\/\/ofertacular.com\/index.php\/wp-json\/wp\/v2\/product_tag?post=6880"}],"curies":[{"name":"wp","href":"https:\/\/api.w.org\/{rel}","templated":true}]}}