{"id":6888,"date":"2025-08-05T07:45:27","date_gmt":"2025-08-05T05:45:27","guid":{"rendered":"https:\/\/ofertacular.com\/index.php\/producto\/pepe-jeans-10\/"},"modified":"2025-08-05T07:45:27","modified_gmt":"2025-08-05T05:45:27","slug":"pepe-jeans-10","status":"publish","type":"product","link":"https:\/\/ofertacular.com\/index.php\/producto\/pepe-jeans-10\/","title":{"rendered":"Pepe Jeans"},"content":{"rendered":"<div class=\"oferta-container\">\n<p>\ud83d\udfe5 <b>DESCUENTAZO<\/b> \ud83d\udfe5 #Publicidad #Amazon #16<\/p>\n<p>\ud83d\udd34 <b>Moda Pepe <\/b><\/p>\n<p>\u2705 <b>AHORA 9.8 \u20ac<\/b> \u2714\ufe0f\ud83d\udfe1<\/p>\n<p>\u274c Antes 25.00 \u20ac<\/p>\n<p>\ud83d\uded2: <a href=\"https:\/\/btz.es\/4SY7jKM\" target=\"_blank\" rel=\"nofollow noopener\">https:\/\/btz.es\/4SY7jKM<\/a><\/p>\n<p>Descubre la elegancia y estilo inigualable con la colecci\u00f3n de Pepe Jeans, una marca emblem\u00e1tica que ha definido tendencias en el mundo de la moda urbana y casual. Los productos Pepe Jeans est\u00e1n dise\u00f1ados para aquellos que buscan una combinaci\u00f3n perfecta entre confort, calidad y modernidad. Cada prenda est\u00e1 confeccionada con materiales de primera, garantizando durabilidad y comodidad para el uso diario o ocasiones especiales.<\/p>\n<p>En esta tienda online, encontrar\u00e1s una amplia gama de opciones que incluyen desde vaqueros ic\u00f3nicos hasta camisetas, chaquetas y accesorios que reflejan el car\u00e1cter juvenil y din\u00e1mico de la marca. Los jeans Pepe Jeans son conocidos por su ajuste perfecto, corte contempor\u00e1neo y acabados detallados que resaltan la personalidad de quien los lleva.<\/p>\n<p>Adem\u00e1s, Pepe Jeans no solo ofrece ropa, sino tambi\u00e9n una experiencia de moda que conecta con las \u00faltimas tendencias internacionales, fusionando el estilo cl\u00e1sico brit\u00e1nico con toques modernos y urbanos. Cada producto est\u00e1 pensado para brindar versatilidad en el armario, permitiendo combinaciones f\u00e1ciles y estilos diversos.<\/p>\n<p>Si buscas renovar tu vestuario con prendas que ofrecen calidad superior, dise\u00f1o innovador y prestigio reconocido, Pepe Jeans es la elecci\u00f3n ideal. Aprovecha las ofertas exclusivas y promociones especiales disponibles en nuestra tienda, y vive la experiencia Pepe Jeans con prendas que realmente marcan la diferencia.<\/p>\n<\/p><\/div>\n","protected":false},"excerpt":{"rendered":"<p>\ud83d\udfe5 DESCUENTAZO \ud83d\udfe5 #Publicidad #Amazon #16 \ud83d\udd34 Moda Pepe \u2705 AHORA 9.8 \u20ac \u2714\ufe0f\ud83d\udfe1 \u274c Antes 25.00 \u20ac \ud83d\uded2: https:\/\/btz.es\/4SY7jKM Descubre la elegancia y estilo inigualable con la colecci\u00f3n de Pepe Jeans, una marca emblem\u00e1tica que ha definido tendencias en el mundo de la moda urbana y casual. Los productos Pepe Jeans est\u00e1n dise\u00f1ados para [&hellip;]<\/p>\n","protected":false},"featured_media":6887,"template":"","meta":{"_gspb_post_css":""},"store":[],"product_brand":[],"product_cat":[16],"product_tag":[],"class_list":{"0":"post-6888","1":"product","2":"type-product","3":"status-publish","4":"has-post-thumbnail","6":"product_cat-sin-categorizar","8":"first","9":"instock","10":"sale","11":"shipping-taxable","12":"product-type-external"},"jetpack_sharing_enabled":true,"_links":{"self":[{"href":"https:\/\/ofertacular.com\/index.php\/wp-json\/wp\/v2\/product\/6888","targetHints":{"allow":["GET"]}}],"collection":[{"href":"https:\/\/ofertacular.com\/index.php\/wp-json\/wp\/v2\/product"}],"about":[{"href":"https:\/\/ofertacular.com\/index.php\/wp-json\/wp\/v2\/types\/product"}],"wp:featuredmedia":[{"embeddable":true,"href":"https:\/\/ofertacular.com\/index.php\/wp-json\/wp\/v2\/media\/6887"}],"wp:attachment":[{"href":"https:\/\/ofertacular.com\/index.php\/wp-json\/wp\/v2\/media?parent=6888"}],"wp:term":[{"taxonomy":"store","embeddable":true,"href":"https:\/\/ofertacular.com\/index.php\/wp-json\/wp\/v2\/store?post=6888"},{"taxonomy":"product_brand","embeddable":true,"href":"https:\/\/ofertacular.com\/index.php\/wp-json\/wp\/v2\/product_brand?post=6888"},{"taxonomy":"product_cat","embeddable":true,"href":"https:\/\/ofertacular.com\/index.php\/wp-json\/wp\/v2\/product_cat?post=6888"},{"taxonomy":"product_tag","embeddable":true,"href":"https:\/\/ofertacular.com\/index.php\/wp-json\/wp\/v2\/product_tag?post=6888"}],"curies":[{"name":"wp","href":"https:\/\/api.w.org\/{rel}","templated":true}]}}