{"id":6890,"date":"2025-08-05T07:56:05","date_gmt":"2025-08-05T05:56:05","guid":{"rendered":"https:\/\/ofertacular.com\/index.php\/producto\/1005009174983816\/"},"modified":"2025-08-05T07:56:05","modified_gmt":"2025-08-05T05:56:05","slug":"1005009174983816","status":"publish","type":"product","link":"https:\/\/ofertacular.com\/index.php\/producto\/1005009174983816\/","title":{"rendered":"Gafas Vintage"},"content":{"rendered":"<div class=\"oferta-container\">\n<p>\ud83d\udfe5 <b>\u00a1DESCUENTO \u00daNICO!<\/b> \ud83d\udfe5 #Publicidad #Amazon #<\/p>\n<p>\ud83d\udd34 <b>Gafas vintage <\/b><\/p>\n<p>\u2705 <b>AHORA 4.29\u20ac \u20ac<\/b> \u2714\ufe0f\ud83d\udfe1<\/p>\n<p>\u274c Antes 10.38 \u20ac<\/p>\n<p>\ud83d\uded2: <a href=\"https:\/\/btz.es\/4SY9P2m\" target=\"_blank\" rel=\"nofollow noopener\">https:\/\/btz.es\/4SY9P2m<\/a><\/p>\n<p>Descubre las gafas vintage perfectas para realzar tu estilo \u00fanico y atemporal. Estas gafas combinan dise\u00f1o cl\u00e1sico con la calidad y detalle que buscas en un accesorio que te acompa\u00f1ar\u00e1 en cada ocasi\u00f3n. Pensadas para quienes valoran la elegancia retro y desean marcar tendencia con un look sofisticado y aut\u00e9ntico. Fabricadas con materiales de alta resistencia, ofrecen comodidad y durabilidad, ideales para el uso diario o ocasiones especiales. Su dise\u00f1o exclusivo aporta un toque de car\u00e1cter a cualquier outfit, desde casual hasta formal, adapt\u00e1ndose a diversas formas de rostro y preferencias de moda. No solo son accesorios, sino una declaraci\u00f3n de estilo que refleja tu personalidad y buen gusto. Aprovecha esta oportunidad para adquirir unas gafas vintage que no solo protegen tus ojos, sino que tambi\u00e9n elevan tu presencia con un aire nost\u00e1lgico y chic. Sigue las \u00faltimas tendencias y s\u00e9 la envidia en cada lugar con estas gafas vintage hechas para destacar, combinando funcionalidad y moda en una sola pieza. La atenci\u00f3n al detalle y el acabado impecable hacen que cada par sea una joya \u00fanica, garantizando una experiencia visual c\u00f3moda y con estilo. No esperes m\u00e1s para a\u00f1adir este imprescindible a tu colecci\u00f3n de accesorios y transforma tu apariencia con la esencia aut\u00e9ntica de la moda retro.<\/p>\n<\/p><\/div>\n","protected":false},"excerpt":{"rendered":"<p>\ud83d\udfe5 \u00a1DESCUENTO \u00daNICO! \ud83d\udfe5 #Publicidad #Amazon # \ud83d\udd34 Gafas vintage \u2705 AHORA 4.29\u20ac \u20ac \u2714\ufe0f\ud83d\udfe1 \u274c Antes 10.38 \u20ac \ud83d\uded2: https:\/\/btz.es\/4SY9P2m Descubre las gafas vintage perfectas para realzar tu estilo \u00fanico y atemporal. Estas gafas combinan dise\u00f1o cl\u00e1sico con la calidad y detalle que buscas en un accesorio que te acompa\u00f1ar\u00e1 en cada ocasi\u00f3n. Pensadas [&hellip;]<\/p>\n","protected":false},"featured_media":6889,"template":"","meta":{"_gspb_post_css":""},"store":[],"product_brand":[],"product_cat":[16],"product_tag":[],"class_list":{"0":"post-6890","1":"product","2":"type-product","3":"status-publish","4":"has-post-thumbnail","6":"product_cat-sin-categorizar","8":"first","9":"instock","10":"shipping-taxable","11":"product-type-external"},"jetpack_sharing_enabled":true,"_links":{"self":[{"href":"https:\/\/ofertacular.com\/index.php\/wp-json\/wp\/v2\/product\/6890","targetHints":{"allow":["GET"]}}],"collection":[{"href":"https:\/\/ofertacular.com\/index.php\/wp-json\/wp\/v2\/product"}],"about":[{"href":"https:\/\/ofertacular.com\/index.php\/wp-json\/wp\/v2\/types\/product"}],"wp:featuredmedia":[{"embeddable":true,"href":"https:\/\/ofertacular.com\/index.php\/wp-json\/wp\/v2\/media\/6889"}],"wp:attachment":[{"href":"https:\/\/ofertacular.com\/index.php\/wp-json\/wp\/v2\/media?parent=6890"}],"wp:term":[{"taxonomy":"store","embeddable":true,"href":"https:\/\/ofertacular.com\/index.php\/wp-json\/wp\/v2\/store?post=6890"},{"taxonomy":"product_brand","embeddable":true,"href":"https:\/\/ofertacular.com\/index.php\/wp-json\/wp\/v2\/product_brand?post=6890"},{"taxonomy":"product_cat","embeddable":true,"href":"https:\/\/ofertacular.com\/index.php\/wp-json\/wp\/v2\/product_cat?post=6890"},{"taxonomy":"product_tag","embeddable":true,"href":"https:\/\/ofertacular.com\/index.php\/wp-json\/wp\/v2\/product_tag?post=6890"}],"curies":[{"name":"wp","href":"https:\/\/api.w.org\/{rel}","templated":true}]}}