{"id":6892,"date":"2025-08-05T07:59:43","date_gmt":"2025-08-05T05:59:43","guid":{"rendered":"https:\/\/ofertacular.com\/index.php\/producto\/comfort-plush-colchon\/"},"modified":"2025-08-05T07:59:43","modified_gmt":"2025-08-05T05:59:43","slug":"comfort-plush-colchon","status":"publish","type":"product","link":"https:\/\/ofertacular.com\/index.php\/producto\/comfort-plush-colchon\/","title":{"rendered":"Comfort-Plush Colch\u00f3n"},"content":{"rendered":"<div class=\"oferta-container\">\n<p>\ud83d\udfe5 <b>\u00a1GANGAZO!<\/b> \ud83d\udfe5 #Publicidad #Amazon #16<\/p>\n<p>\ud83d\udd34 <b>Colch\u00f3n Plush <\/b><\/p>\n<p>\u2705 <b>AHORA 68.81 \u20ac<\/b> \u2714\ufe0f\ud83d\udfe1<\/p>\n<p>\u274c Antes 84.95 \u20ac<\/p>\n<p>\ud83d\uded2: <a href=\"https:\/\/btz.es\/4SYAK1U\" target=\"_blank\" rel=\"nofollow noopener\">https:\/\/btz.es\/4SYAK1U<\/a><\/p>\n<p>Descubre el m\u00e1ximo confort con el colch\u00f3n Comfort-Plush, dise\u00f1ado para ofrecer un descanso reparador y una experiencia de sue\u00f1o inigualable. Este colch\u00f3n combina tecnolog\u00eda avanzada de materiales viscoel\u00e1sticos con un dise\u00f1o ergon\u00f3mico que se adapta perfectamente a la forma de tu cuerpo, proporcionando soporte \u00f3ptimo y alivio de puntos de presi\u00f3n. Ideal para quienes buscan mejorar la calidad de su sue\u00f1o, Comfort-Plush garantiza reducci\u00f3n de movimientos durante la noche, gracias a su estructura que minimiza las vibraciones y ofrece estabilidad total. Adem\u00e1s, su tejido transpirable contribuye a una temperatura adecuada, evitando el exceso de calor y manteniendo una sensaci\u00f3n fresca y agradable a lo largo de toda la noche. Este colch\u00f3n es adecuado para todo tipo de posiciones al dormir, ya sea de lado, boca arriba o boca abajo, asegurando un descanso profundo y sin interrupciones. Su fabricaci\u00f3n con materiales hipoalerg\u00e9nicos lo hace perfecto para personas con alergias o sensibilidad, brindando un ambiente saludable y libre de \u00e1caros. Comfort-Plush es f\u00e1cil de mantener y dura muchos a\u00f1os sin perder sus propiedades, lo que lo convierte en una inversi\u00f3n inteligente para tu salud y bienestar. Mejora tu calidad de vida y despierta cada d\u00eda renovado gracias a este colch\u00f3n que combina comodidad, soporte y durabilidad en un solo producto.<\/p>\n<\/p><\/div>\n","protected":false},"excerpt":{"rendered":"<p>\ud83d\udfe5 \u00a1GANGAZO! \ud83d\udfe5 #Publicidad #Amazon #16 \ud83d\udd34 Colch\u00f3n Plush \u2705 AHORA 68.81 \u20ac \u2714\ufe0f\ud83d\udfe1 \u274c Antes 84.95 \u20ac \ud83d\uded2: https:\/\/btz.es\/4SYAK1U Descubre el m\u00e1ximo confort con el colch\u00f3n Comfort-Plush, dise\u00f1ado para ofrecer un descanso reparador y una experiencia de sue\u00f1o inigualable. Este colch\u00f3n combina tecnolog\u00eda avanzada de materiales viscoel\u00e1sticos con un dise\u00f1o ergon\u00f3mico que se adapta [&hellip;]<\/p>\n","protected":false},"featured_media":6891,"template":"","meta":{"_gspb_post_css":""},"store":[],"product_brand":[],"product_cat":[16],"product_tag":[],"class_list":{"0":"post-6892","1":"product","2":"type-product","3":"status-publish","4":"has-post-thumbnail","6":"product_cat-sin-categorizar","8":"first","9":"instock","10":"sale","11":"shipping-taxable","12":"product-type-external"},"jetpack_sharing_enabled":true,"_links":{"self":[{"href":"https:\/\/ofertacular.com\/index.php\/wp-json\/wp\/v2\/product\/6892","targetHints":{"allow":["GET"]}}],"collection":[{"href":"https:\/\/ofertacular.com\/index.php\/wp-json\/wp\/v2\/product"}],"about":[{"href":"https:\/\/ofertacular.com\/index.php\/wp-json\/wp\/v2\/types\/product"}],"wp:featuredmedia":[{"embeddable":true,"href":"https:\/\/ofertacular.com\/index.php\/wp-json\/wp\/v2\/media\/6891"}],"wp:attachment":[{"href":"https:\/\/ofertacular.com\/index.php\/wp-json\/wp\/v2\/media?parent=6892"}],"wp:term":[{"taxonomy":"store","embeddable":true,"href":"https:\/\/ofertacular.com\/index.php\/wp-json\/wp\/v2\/store?post=6892"},{"taxonomy":"product_brand","embeddable":true,"href":"https:\/\/ofertacular.com\/index.php\/wp-json\/wp\/v2\/product_brand?post=6892"},{"taxonomy":"product_cat","embeddable":true,"href":"https:\/\/ofertacular.com\/index.php\/wp-json\/wp\/v2\/product_cat?post=6892"},{"taxonomy":"product_tag","embeddable":true,"href":"https:\/\/ofertacular.com\/index.php\/wp-json\/wp\/v2\/product_tag?post=6892"}],"curies":[{"name":"wp","href":"https:\/\/api.w.org\/{rel}","templated":true}]}}