{"id":6898,"date":"2025-08-05T08:09:46","date_gmt":"2025-08-05T06:09:46","guid":{"rendered":"https:\/\/ofertacular.com\/index.php\/producto\/google-pixel\/"},"modified":"2025-08-05T08:09:46","modified_gmt":"2025-08-05T06:09:46","slug":"google-pixel","status":"publish","type":"product","link":"https:\/\/ofertacular.com\/index.php\/producto\/google-pixel\/","title":{"rendered":"Google Pixel"},"content":{"rendered":"<div class=\"oferta-container\">\n<p>\ud83d\udfe5 <b>\u00a1GANGAZO!<\/b> \ud83d\udfe5 #Publicidad #Amazon #16<\/p>\n<p>\ud83d\udd34 <b>Smartphone Google <\/b><\/p>\n<p>\u2705 <b>AHORA 599 \u20ac<\/b> \u2714\ufe0f\ud83d\udfe1<\/p>\n<p>\u274c Antes 899.00 \u20ac<\/p>\n<p>\ud83d\uded2: <a href=\"https:\/\/btz.es\/4SYDrop\" target=\"_blank\" rel=\"nofollow noopener\">https:\/\/btz.es\/4SYDrop<\/a><\/p>\n<p>Descubre el Google Pixel, un smartphone dise\u00f1ado para ofrecer la experiencia m\u00f3vil m\u00e1s avanzada con la tecnolog\u00eda de Google. Este m\u00f3vil combina un dise\u00f1o elegante y minimalista con un rendimiento excepcional gracias a su potente procesador y memoria RAM optimizada. Ideal para usuarios que buscan un dispositivo confiable para multitarea, gaming, y fotograf\u00eda profesional.<\/p>\n<p>Una de las principales ventajas del Google Pixel es su c\u00e1mara de alta resoluci\u00f3n, equipada con inteligencia artificial que mejora cada captura, desde paisajes hasta selfies, garantizando im\u00e1genes n\u00edtidas y vibrantes en cualquier condici\u00f3n de luz. Adem\u00e1s, incorpora funcionalidades exclusivas como el Modo Noche, que permite tomar fotos impresionantes en entornos oscuros sin necesidad de flash.<\/p>\n<p>Este dispositivo funciona con la \u00faltima versi\u00f3n de Android, asegurando actualizaciones constantes y acceso a la tienda de aplicaciones Google Play, donde podr\u00e1s descargar miles de apps para personalizar tu experiencia. Su bater\u00eda de larga duraci\u00f3n soporta el uso intensivo durante todo el d\u00eda, y adem\u00e1s cuenta con carga r\u00e1pida para que vuelvas a tener tu tel\u00e9fono listo en minutos.<\/p>\n<p>El Google Pixel tambi\u00e9n destaca por su seguridad avanzada, incluyendo reconocimiento facial y lector de huellas integrado, protegiendo tu informaci\u00f3n personal de manera eficiente. Su pantalla OLED ofrece colores vivos y contrastes profundos, ideal para disfrutar de contenido multimedia como pel\u00edculas, series, y juegos con una calidad visual impresionante.<\/p>\n<p>Comprar el Google Pixel significa tener un aliado tecnol\u00f3gico que se adapta a tus necesidades diarias, desde trabajo hasta entretenimiento. Conectividad 5G garantiza velocidades de internet r\u00e1pidas y estables para videollamadas, navegaci\u00f3n y descargas.<\/p>\n<p>En resumen, el Google Pixel es el smartphone perfecto para quienes valoran innovaci\u00f3n, calidad y rendimiento en un solo dispositivo. Aprovecha ahora esta oportunidad para adquirir un equipo que marcar\u00e1 la diferencia en tu vida digital.<\/p>\n<\/p><\/div>\n","protected":false},"excerpt":{"rendered":"<p>\ud83d\udfe5 \u00a1GANGAZO! \ud83d\udfe5 #Publicidad #Amazon #16 \ud83d\udd34 Smartphone Google \u2705 AHORA 599 \u20ac \u2714\ufe0f\ud83d\udfe1 \u274c Antes 899.00 \u20ac \ud83d\uded2: https:\/\/btz.es\/4SYDrop Descubre el Google Pixel, un smartphone dise\u00f1ado para ofrecer la experiencia m\u00f3vil m\u00e1s avanzada con la tecnolog\u00eda de Google. Este m\u00f3vil combina un dise\u00f1o elegante y minimalista con un rendimiento excepcional gracias a su potente [&hellip;]<\/p>\n","protected":false},"featured_media":6897,"template":"","meta":{"_gspb_post_css":""},"store":[],"product_brand":[],"product_cat":[16],"product_tag":[],"class_list":{"0":"post-6898","1":"product","2":"type-product","3":"status-publish","4":"has-post-thumbnail","6":"product_cat-sin-categorizar","8":"first","9":"instock","10":"sale","11":"shipping-taxable","12":"product-type-external"},"jetpack_sharing_enabled":true,"_links":{"self":[{"href":"https:\/\/ofertacular.com\/index.php\/wp-json\/wp\/v2\/product\/6898","targetHints":{"allow":["GET"]}}],"collection":[{"href":"https:\/\/ofertacular.com\/index.php\/wp-json\/wp\/v2\/product"}],"about":[{"href":"https:\/\/ofertacular.com\/index.php\/wp-json\/wp\/v2\/types\/product"}],"wp:featuredmedia":[{"embeddable":true,"href":"https:\/\/ofertacular.com\/index.php\/wp-json\/wp\/v2\/media\/6897"}],"wp:attachment":[{"href":"https:\/\/ofertacular.com\/index.php\/wp-json\/wp\/v2\/media?parent=6898"}],"wp:term":[{"taxonomy":"store","embeddable":true,"href":"https:\/\/ofertacular.com\/index.php\/wp-json\/wp\/v2\/store?post=6898"},{"taxonomy":"product_brand","embeddable":true,"href":"https:\/\/ofertacular.com\/index.php\/wp-json\/wp\/v2\/product_brand?post=6898"},{"taxonomy":"product_cat","embeddable":true,"href":"https:\/\/ofertacular.com\/index.php\/wp-json\/wp\/v2\/product_cat?post=6898"},{"taxonomy":"product_tag","embeddable":true,"href":"https:\/\/ofertacular.com\/index.php\/wp-json\/wp\/v2\/product_tag?post=6898"}],"curies":[{"name":"wp","href":"https:\/\/api.w.org\/{rel}","templated":true}]}}