{"id":6906,"date":"2025-08-05T09:56:53","date_gmt":"2025-08-05T07:56:53","guid":{"rendered":"https:\/\/ofertacular.com\/index.php\/producto\/1005005482341833\/"},"modified":"2025-08-05T09:56:53","modified_gmt":"2025-08-05T07:56:53","slug":"1005005482341833","status":"publish","type":"product","link":"https:\/\/ofertacular.com\/index.php\/producto\/1005005482341833\/","title":{"rendered":"Afeitadoras El\u00e9ctricas"},"content":{"rendered":"<div class=\"oferta-container\">\n<p>\ud83d\udfe5 <b>\u00a1GANGAZO!<\/b> \ud83d\udfe5 #Publicidad #Amazon #<\/p>\n<p>\ud83d\udd34 <b>Afeitadoras el\u00e9ctricas <\/b><\/p>\n<p>\u2705 <b>AHORA 15.19\u20ac \u20ac<\/b> \u2714\ufe0f\ud83d\udfe1<\/p>\n<p>\u274c Antes 54.06 \u20ac<\/p>\n<p>\ud83d\uded2: <a href=\"https:\/\/btz.es\/4SZeprH\" target=\"_blank\" rel=\"nofollow noopener\">https:\/\/btz.es\/4SZeprH<\/a><\/p>\n<p>Descubre la mejor selecci\u00f3n de afeitadoras el\u00e9ctricas dise\u00f1adas para ofrecer un afeitado perfecto, c\u00f3modo y r\u00e1pido. Con tecnolog\u00eda avanzada, estas afeitadoras garantizan resultados suaves y precisos, ideales para todo tipo de piel y estilos de barba. Ya sea que busques una afeitadora inal\u00e1mbrica, resistente al agua o con m\u00faltiples funciones, en nuestra tienda encontrar\u00e1s opciones de marcas reconocidas que aseguran calidad y durabilidad. Adem\u00e1s, contamos con modelos con cabezales giratorios o cuchillas rotativas que se adaptan a cada contorno facial, proporcionando un afeitado apurado sin irritaciones. Aprovecha nuestras ofertas exclusivas, disfruta de env\u00edo r\u00e1pido y seguro, y renueva tu rutina de cuidado personal con la mejor tecnolog\u00eda en afeitado el\u00e9ctrico. Perfectas para hombres modernos que valoran la eficacia y comodidad en su higiene diaria, nuestras afeitadoras el\u00e9ctricas combinan innovaci\u00f3n y estilo para satisfacer todas tus necesidades de afeitado.<\/p>\n<\/p><\/div>\n","protected":false},"excerpt":{"rendered":"<p>\ud83d\udfe5 \u00a1GANGAZO! \ud83d\udfe5 #Publicidad #Amazon # \ud83d\udd34 Afeitadoras el\u00e9ctricas \u2705 AHORA 15.19\u20ac \u20ac \u2714\ufe0f\ud83d\udfe1 \u274c Antes 54.06 \u20ac \ud83d\uded2: https:\/\/btz.es\/4SZeprH Descubre la mejor selecci\u00f3n de afeitadoras el\u00e9ctricas dise\u00f1adas para ofrecer un afeitado perfecto, c\u00f3modo y r\u00e1pido. Con tecnolog\u00eda avanzada, estas afeitadoras garantizan resultados suaves y precisos, ideales para todo tipo de piel y estilos de [&hellip;]<\/p>\n","protected":false},"featured_media":6905,"template":"","meta":{"_gspb_post_css":""},"store":[],"product_brand":[],"product_cat":[16],"product_tag":[],"class_list":{"0":"post-6906","1":"product","2":"type-product","3":"status-publish","4":"has-post-thumbnail","6":"product_cat-sin-categorizar","8":"first","9":"instock","10":"shipping-taxable","11":"product-type-external"},"jetpack_sharing_enabled":true,"_links":{"self":[{"href":"https:\/\/ofertacular.com\/index.php\/wp-json\/wp\/v2\/product\/6906","targetHints":{"allow":["GET"]}}],"collection":[{"href":"https:\/\/ofertacular.com\/index.php\/wp-json\/wp\/v2\/product"}],"about":[{"href":"https:\/\/ofertacular.com\/index.php\/wp-json\/wp\/v2\/types\/product"}],"wp:featuredmedia":[{"embeddable":true,"href":"https:\/\/ofertacular.com\/index.php\/wp-json\/wp\/v2\/media\/6905"}],"wp:attachment":[{"href":"https:\/\/ofertacular.com\/index.php\/wp-json\/wp\/v2\/media?parent=6906"}],"wp:term":[{"taxonomy":"store","embeddable":true,"href":"https:\/\/ofertacular.com\/index.php\/wp-json\/wp\/v2\/store?post=6906"},{"taxonomy":"product_brand","embeddable":true,"href":"https:\/\/ofertacular.com\/index.php\/wp-json\/wp\/v2\/product_brand?post=6906"},{"taxonomy":"product_cat","embeddable":true,"href":"https:\/\/ofertacular.com\/index.php\/wp-json\/wp\/v2\/product_cat?post=6906"},{"taxonomy":"product_tag","embeddable":true,"href":"https:\/\/ofertacular.com\/index.php\/wp-json\/wp\/v2\/product_tag?post=6906"}],"curies":[{"name":"wp","href":"https:\/\/api.w.org\/{rel}","templated":true}]}}