{"id":6918,"date":"2025-08-05T10:23:06","date_gmt":"2025-08-05T08:23:06","guid":{"rendered":"https:\/\/ofertacular.com\/index.php\/producto\/puma-backpack-3\/"},"modified":"2025-08-05T10:23:06","modified_gmt":"2025-08-05T08:23:06","slug":"puma-backpack-3","status":"publish","type":"product","link":"https:\/\/ofertacular.com\/index.php\/producto\/puma-backpack-3\/","title":{"rendered":"PUMA Backpack"},"content":{"rendered":"<div class=\"oferta-container\">\n<p>\ud83d\udfe5 <b>\u00a1OFERTA ESPECIAL!<\/b> \ud83d\udfe5 #Publicidad #Amazon #16<\/p>\n<p>\ud83d\udd34 <b>Mochilas PUMA <\/b><\/p>\n<p>\u2705 <b>AHORA 22.99 \u20ac<\/b> \u2714\ufe0f\ud83d\udfe1<\/p>\n<p>\u274c Antes 31.95 \u20ac<\/p>\n<p>\ud83d\uded2: <a href=\"https:\/\/btz.es\/4SZkQzE\" target=\"_blank\" rel=\"nofollow noopener\">https:\/\/btz.es\/4SZkQzE<\/a><\/p>\n<p>Descubre la mochila PUMA, la compa\u00f1era ideal para tu d\u00eda a d\u00eda, ya sea para la escuela, el trabajo o tus aventuras deportivas. Esta mochila combina estilo, comodidad y funcionalidad, dise\u00f1ada para satisfacer las necesidades de quienes buscan un accesorio resistente y con una est\u00e9tica moderna.<\/p>\n<p>Con un dise\u00f1o ergon\u00f3mico y materiales de alta calidad, la mochila PUMA garantiza durabilidad y resistencia al desgaste diario. Su amplio compartimento principal permite almacenar libros, ropa o equipos deportivos, mientras que los bolsillos frontales y laterales facilitan el acceso r\u00e1pido a tus objetos personales, como el m\u00f3vil, las llaves o la botella de agua.<\/p>\n<p>Adem\u00e1s, la mochila cuenta con correas ajustables y acolchadas que proporcionan una comodidad \u00f3ptima durante su uso prolongado, evitando molestias en los hombros y espalda. Su tejido repelente al agua protege tus pertenencias en d\u00edas de lluvia, manteni\u00e9ndolas secas y seguras.<\/p>\n<p>Ideal para estudiantes, deportistas y viajeros, la mochila PUMA es vers\u00e1til y pr\u00e1ctica, adapt\u00e1ndose a diferentes estilos de vida y necesidades. Su dise\u00f1o moderno y el logo ic\u00f3nico de PUMA resaltan tu personalidad y estilo \u00fanico.<\/p>\n<p>No esperes m\u00e1s para llevar contigo una mochila que combina funcionalidad, confort y estilo. \u00a1Haz tu compra ahora y experimenta la calidad de PUMA en cada paso!<\/p>\n<\/p><\/div>\n","protected":false},"excerpt":{"rendered":"<p>\ud83d\udfe5 \u00a1OFERTA ESPECIAL! \ud83d\udfe5 #Publicidad #Amazon #16 \ud83d\udd34 Mochilas PUMA \u2705 AHORA 22.99 \u20ac \u2714\ufe0f\ud83d\udfe1 \u274c Antes 31.95 \u20ac \ud83d\uded2: https:\/\/btz.es\/4SZkQzE Descubre la mochila PUMA, la compa\u00f1era ideal para tu d\u00eda a d\u00eda, ya sea para la escuela, el trabajo o tus aventuras deportivas. Esta mochila combina estilo, comodidad y funcionalidad, dise\u00f1ada para satisfacer las [&hellip;]<\/p>\n","protected":false},"featured_media":6917,"template":"","meta":{"_gspb_post_css":""},"store":[],"product_brand":[],"product_cat":[16],"product_tag":[],"class_list":{"0":"post-6918","1":"product","2":"type-product","3":"status-publish","4":"has-post-thumbnail","6":"product_cat-sin-categorizar","8":"first","9":"instock","10":"sale","11":"shipping-taxable","12":"product-type-external"},"jetpack_sharing_enabled":true,"_links":{"self":[{"href":"https:\/\/ofertacular.com\/index.php\/wp-json\/wp\/v2\/product\/6918","targetHints":{"allow":["GET"]}}],"collection":[{"href":"https:\/\/ofertacular.com\/index.php\/wp-json\/wp\/v2\/product"}],"about":[{"href":"https:\/\/ofertacular.com\/index.php\/wp-json\/wp\/v2\/types\/product"}],"wp:featuredmedia":[{"embeddable":true,"href":"https:\/\/ofertacular.com\/index.php\/wp-json\/wp\/v2\/media\/6917"}],"wp:attachment":[{"href":"https:\/\/ofertacular.com\/index.php\/wp-json\/wp\/v2\/media?parent=6918"}],"wp:term":[{"taxonomy":"store","embeddable":true,"href":"https:\/\/ofertacular.com\/index.php\/wp-json\/wp\/v2\/store?post=6918"},{"taxonomy":"product_brand","embeddable":true,"href":"https:\/\/ofertacular.com\/index.php\/wp-json\/wp\/v2\/product_brand?post=6918"},{"taxonomy":"product_cat","embeddable":true,"href":"https:\/\/ofertacular.com\/index.php\/wp-json\/wp\/v2\/product_cat?post=6918"},{"taxonomy":"product_tag","embeddable":true,"href":"https:\/\/ofertacular.com\/index.php\/wp-json\/wp\/v2\/product_tag?post=6918"}],"curies":[{"name":"wp","href":"https:\/\/api.w.org\/{rel}","templated":true}]}}