{"id":6926,"date":"2025-08-05T10:27:24","date_gmt":"2025-08-05T08:27:24","guid":{"rendered":"https:\/\/ofertacular.com\/index.php\/producto\/levis-camiseta\/"},"modified":"2025-08-05T10:27:24","modified_gmt":"2025-08-05T08:27:24","slug":"levis-camiseta","status":"publish","type":"product","link":"https:\/\/ofertacular.com\/index.php\/producto\/levis-camiseta\/","title":{"rendered":"Levi&#8217;s Camiseta"},"content":{"rendered":"<div class=\"oferta-container\">\n<p>\ud83d\udfe5 <b>\u00a1APROVECHA!<\/b> \ud83d\udfe5 #Publicidad #Amazon #35<\/p>\n<p>\ud83d\udd34 <b>Camiseta Levi&#8217;s <\/b><\/p>\n<p>\u2705 <b>AHORA 10.4 \u20ac<\/b> \u2714\ufe0f\ud83d\udfe1<\/p>\n<p>\u274c Antes 30.00 \u20ac<\/p>\n<p>\ud83d\uded2: <a href=\"https:\/\/btz.es\/4SZlV5O\" target=\"_blank\" rel=\"nofollow noopener\">https:\/\/btz.es\/4SZlV5O<\/a><\/p>\n<p>La camiseta Levi&#8217;s es una prenda esencial para cualquier armario, ofreciendo comodidad, estilo y la ic\u00f3nica calidad que define a la marca Levi&#8217;s. Fabricada con algod\u00f3n 100% premium, esta camiseta garantiza una suavidad excepcional y una durabilidad que resiste el uso diario. Su dise\u00f1o cl\u00e1sico y vers\u00e1til la convierte en una opci\u00f3n perfecta para combinar con vaqueros, pantalones cortos o incluso bajo una chaqueta para un look m\u00e1s casual o semiformal.<\/p>\n<p>Esta camiseta Levi&#8217;s destaca por su corte moderno que se adapta a todo tipo de cuerpo, proporcionando un ajuste favorecedor sin sacrificar la comodidad. El logo de Levi&#8217;s estampado en el pecho a\u00f1ade un toque aut\u00e9ntico y reconocible que refleja la identidad de la marca. Ideal tanto para hombres como para mujeres que buscan una prenda casual de alta calidad.<\/p>\n<p>Adem\u00e1s de su dise\u00f1o atractivo, la camiseta Levi&#8217;s es f\u00e1cil de cuidar: se puede lavar a m\u00e1quina sin perder su forma ni color, lo que la hace una opci\u00f3n pr\u00e1ctica para el d\u00eda a d\u00eda. Es perfecta para quienes valoran la moda c\u00f3moda y sostenible, ya que Levi&#8217;s se compromete con pr\u00e1cticas responsables en la fabricaci\u00f3n de sus productos.<\/p>\n<p>En resumen, la camiseta Levi&#8217;s es una elecci\u00f3n inteligente para los amantes de la moda urbana y casual. Combina calidad, estilo y funcionalidad en una sola prenda, convirti\u00e9ndola en un b\u00e1sico imprescindible en cualquier guardarropa. No pierdas la oportunidad de disfrutar de la comodidad y estilo que solo Levi&#8217;s puede ofrecer.<\/p>\n<\/p><\/div>\n","protected":false},"excerpt":{"rendered":"<p>\ud83d\udfe5 \u00a1APROVECHA! \ud83d\udfe5 #Publicidad #Amazon #35 \ud83d\udd34 Camiseta Levi&#8217;s \u2705 AHORA 10.4 \u20ac \u2714\ufe0f\ud83d\udfe1 \u274c Antes 30.00 \u20ac \ud83d\uded2: https:\/\/btz.es\/4SZlV5O La camiseta Levi&#8217;s es una prenda esencial para cualquier armario, ofreciendo comodidad, estilo y la ic\u00f3nica calidad que define a la marca Levi&#8217;s. Fabricada con algod\u00f3n 100% premium, esta camiseta garantiza una suavidad excepcional y [&hellip;]<\/p>\n","protected":false},"featured_media":6925,"template":"","meta":{"_gspb_post_css":""},"store":[],"product_brand":[],"product_cat":[16],"product_tag":[],"class_list":{"0":"post-6926","1":"product","2":"type-product","3":"status-publish","4":"has-post-thumbnail","6":"product_cat-sin-categorizar","8":"first","9":"instock","10":"sale","11":"shipping-taxable","12":"product-type-external"},"jetpack_sharing_enabled":true,"_links":{"self":[{"href":"https:\/\/ofertacular.com\/index.php\/wp-json\/wp\/v2\/product\/6926","targetHints":{"allow":["GET"]}}],"collection":[{"href":"https:\/\/ofertacular.com\/index.php\/wp-json\/wp\/v2\/product"}],"about":[{"href":"https:\/\/ofertacular.com\/index.php\/wp-json\/wp\/v2\/types\/product"}],"wp:featuredmedia":[{"embeddable":true,"href":"https:\/\/ofertacular.com\/index.php\/wp-json\/wp\/v2\/media\/6925"}],"wp:attachment":[{"href":"https:\/\/ofertacular.com\/index.php\/wp-json\/wp\/v2\/media?parent=6926"}],"wp:term":[{"taxonomy":"store","embeddable":true,"href":"https:\/\/ofertacular.com\/index.php\/wp-json\/wp\/v2\/store?post=6926"},{"taxonomy":"product_brand","embeddable":true,"href":"https:\/\/ofertacular.com\/index.php\/wp-json\/wp\/v2\/product_brand?post=6926"},{"taxonomy":"product_cat","embeddable":true,"href":"https:\/\/ofertacular.com\/index.php\/wp-json\/wp\/v2\/product_cat?post=6926"},{"taxonomy":"product_tag","embeddable":true,"href":"https:\/\/ofertacular.com\/index.php\/wp-json\/wp\/v2\/product_tag?post=6926"}],"curies":[{"name":"wp","href":"https:\/\/api.w.org\/{rel}","templated":true}]}}