{"id":6938,"date":"2025-08-05T11:46:27","date_gmt":"2025-08-05T09:46:27","guid":{"rendered":"https:\/\/ofertacular.com\/index.php\/producto\/1005007885236671\/"},"modified":"2025-08-05T11:46:27","modified_gmt":"2025-08-05T09:46:27","slug":"1005007885236671","status":"publish","type":"product","link":"https:\/\/ofertacular.com\/index.php\/producto\/1005007885236671\/","title":{"rendered":"Auriculares Inal\u00e1mbricos"},"content":{"rendered":"<div class=\"oferta-container\">\n<p>\ud83d\udfe5 <b>\u00a1DESCUENTO \u00daNICO!<\/b> \ud83d\udfe5 #Publicidad #Amazon #<\/p>\n<p>\ud83d\udd34 <b>Auriculares Inal\u00e1mbricos <\/b><\/p>\n<p>\u2705 <b>AHORA 3.69\u20ac \u20ac<\/b> \u2714\ufe0f\ud83d\udfe1<\/p>\n<p>\u274c Antes 9.11 \u20ac<\/p>\n<p>\ud83d\uded2: <a href=\"https:\/\/btz.es\/4SZ5Pzu\" target=\"_blank\" rel=\"nofollow noopener\">https:\/\/btz.es\/4SZ5Pzu<\/a><\/p>\n<p>Descubre la libertad de escuchar m\u00fasica con nuestros auriculares inal\u00e1mbricos de \u00faltima generaci\u00f3n, dise\u00f1ados para ofrecer la mejor experiencia sonora sin cables que limiten tus movimientos. Ideales para deportistas, viajeros o cualquier persona que busque comodidad y calidad de sonido en un dispositivo compacto y moderno.<\/p>\n<\/p><\/div>\n","protected":false},"excerpt":{"rendered":"<p>\ud83d\udfe5 \u00a1DESCUENTO \u00daNICO! \ud83d\udfe5 #Publicidad #Amazon # \ud83d\udd34 Auriculares Inal\u00e1mbricos \u2705 AHORA 3.69\u20ac \u20ac \u2714\ufe0f\ud83d\udfe1 \u274c Antes 9.11 \u20ac \ud83d\uded2: https:\/\/btz.es\/4SZ5Pzu Descubre la libertad de escuchar m\u00fasica con nuestros auriculares inal\u00e1mbricos de \u00faltima generaci\u00f3n, dise\u00f1ados para ofrecer la mejor experiencia sonora sin cables que limiten tus movimientos. Ideales para deportistas, viajeros o cualquier persona que [&hellip;]<\/p>\n","protected":false},"featured_media":6937,"template":"","meta":{"_gspb_post_css":""},"store":[],"product_brand":[],"product_cat":[16],"product_tag":[],"class_list":{"0":"post-6938","1":"product","2":"type-product","3":"status-publish","4":"has-post-thumbnail","6":"product_cat-sin-categorizar","8":"first","9":"instock","10":"shipping-taxable","11":"product-type-external"},"jetpack_sharing_enabled":true,"_links":{"self":[{"href":"https:\/\/ofertacular.com\/index.php\/wp-json\/wp\/v2\/product\/6938","targetHints":{"allow":["GET"]}}],"collection":[{"href":"https:\/\/ofertacular.com\/index.php\/wp-json\/wp\/v2\/product"}],"about":[{"href":"https:\/\/ofertacular.com\/index.php\/wp-json\/wp\/v2\/types\/product"}],"wp:featuredmedia":[{"embeddable":true,"href":"https:\/\/ofertacular.com\/index.php\/wp-json\/wp\/v2\/media\/6937"}],"wp:attachment":[{"href":"https:\/\/ofertacular.com\/index.php\/wp-json\/wp\/v2\/media?parent=6938"}],"wp:term":[{"taxonomy":"store","embeddable":true,"href":"https:\/\/ofertacular.com\/index.php\/wp-json\/wp\/v2\/store?post=6938"},{"taxonomy":"product_brand","embeddable":true,"href":"https:\/\/ofertacular.com\/index.php\/wp-json\/wp\/v2\/product_brand?post=6938"},{"taxonomy":"product_cat","embeddable":true,"href":"https:\/\/ofertacular.com\/index.php\/wp-json\/wp\/v2\/product_cat?post=6938"},{"taxonomy":"product_tag","embeddable":true,"href":"https:\/\/ofertacular.com\/index.php\/wp-json\/wp\/v2\/product_tag?post=6938"}],"curies":[{"name":"wp","href":"https:\/\/api.w.org\/{rel}","templated":true}]}}