{"id":6946,"date":"2025-08-06T09:45:57","date_gmt":"2025-08-06T07:45:57","guid":{"rendered":"https:\/\/ofertacular.com\/index.php\/producto\/1005006959417507\/"},"modified":"2025-08-06T09:45:57","modified_gmt":"2025-08-06T07:45:57","slug":"1005006959417507","status":"publish","type":"product","link":"https:\/\/ofertacular.com\/index.php\/producto\/1005006959417507\/","title":{"rendered":"Ciclismo Gafas"},"content":{"rendered":"<div class=\"oferta-container\">\n<p>\ud83d\udfe5 <b>\u00a1S\u00d3LO HOY!<\/b> \ud83d\udfe5 #Publicidad #Amazon #<\/p>\n<p>\ud83d\udd34 <b>Gafas ciclismo <\/b><\/p>\n<p>\u2705 <b>AHORA 3.79\u20ac \u20ac<\/b> \u2714\ufe0f\ud83d\udfe1<\/p>\n<p>\u274c Antes 10.72 \u20ac<\/p>\n<p>\ud83d\uded2: <a href=\"https:\/\/btz.es\/4TeSaOf\" target=\"_blank\" rel=\"nofollow noopener\">https:\/\/btz.es\/4TeSaOf<\/a><\/p>\n<p>Descubre las mejores gafas para ciclismo que combinan estilo, protecci\u00f3n y rendimiento. Nuestras gafas para ciclismo est\u00e1n dise\u00f1adas con lentes de alta calidad que ofrecen protecci\u00f3n UV, reducci\u00f3n de deslumbramiento y resistencia a impactos, ideales para cualquier tipo de ruta o condici\u00f3n clim\u00e1tica. Fabricadas por marcas l\u00edderes en el sector, estas gafas no solo mejoran tu visi\u00f3n durante tus trayectos en bicicleta, sino que tambi\u00e9n proporcionan comodidad con dise\u00f1os ergon\u00f3micos y materiales ligeros y duraderos. Ya sea para ciclismo de carretera, monta\u00f1a o urbano, nuestras gafas se adaptan perfectamente a tu estilo y necesidades, garantizando seguridad y un rendimiento \u00f3ptimo en cada salida. Mejora tu experiencia sobre dos ruedas con un accesorio esencial para ciclistas exigentes. Aprovecha la calidad y dise\u00f1o para proteger tus ojos y destacar en cada pedalada.<\/p>\n<\/p><\/div>\n","protected":false},"excerpt":{"rendered":"<p>\ud83d\udfe5 \u00a1S\u00d3LO HOY! \ud83d\udfe5 #Publicidad #Amazon # \ud83d\udd34 Gafas ciclismo \u2705 AHORA 3.79\u20ac \u20ac \u2714\ufe0f\ud83d\udfe1 \u274c Antes 10.72 \u20ac \ud83d\uded2: https:\/\/btz.es\/4TeSaOf Descubre las mejores gafas para ciclismo que combinan estilo, protecci\u00f3n y rendimiento. Nuestras gafas para ciclismo est\u00e1n dise\u00f1adas con lentes de alta calidad que ofrecen protecci\u00f3n UV, reducci\u00f3n de deslumbramiento y resistencia a impactos, [&hellip;]<\/p>\n","protected":false},"featured_media":6945,"template":"","meta":{"_gspb_post_css":""},"store":[],"product_brand":[],"product_cat":[16],"product_tag":[],"class_list":{"0":"post-6946","1":"product","2":"type-product","3":"status-publish","4":"has-post-thumbnail","6":"product_cat-sin-categorizar","8":"first","9":"instock","10":"shipping-taxable","11":"product-type-external"},"jetpack_sharing_enabled":true,"_links":{"self":[{"href":"https:\/\/ofertacular.com\/index.php\/wp-json\/wp\/v2\/product\/6946","targetHints":{"allow":["GET"]}}],"collection":[{"href":"https:\/\/ofertacular.com\/index.php\/wp-json\/wp\/v2\/product"}],"about":[{"href":"https:\/\/ofertacular.com\/index.php\/wp-json\/wp\/v2\/types\/product"}],"wp:featuredmedia":[{"embeddable":true,"href":"https:\/\/ofertacular.com\/index.php\/wp-json\/wp\/v2\/media\/6945"}],"wp:attachment":[{"href":"https:\/\/ofertacular.com\/index.php\/wp-json\/wp\/v2\/media?parent=6946"}],"wp:term":[{"taxonomy":"store","embeddable":true,"href":"https:\/\/ofertacular.com\/index.php\/wp-json\/wp\/v2\/store?post=6946"},{"taxonomy":"product_brand","embeddable":true,"href":"https:\/\/ofertacular.com\/index.php\/wp-json\/wp\/v2\/product_brand?post=6946"},{"taxonomy":"product_cat","embeddable":true,"href":"https:\/\/ofertacular.com\/index.php\/wp-json\/wp\/v2\/product_cat?post=6946"},{"taxonomy":"product_tag","embeddable":true,"href":"https:\/\/ofertacular.com\/index.php\/wp-json\/wp\/v2\/product_tag?post=6946"}],"curies":[{"name":"wp","href":"https:\/\/api.w.org\/{rel}","templated":true}]}}