{"id":6950,"date":"2025-08-06T09:52:31","date_gmt":"2025-08-06T07:52:31","guid":{"rendered":"https:\/\/ofertacular.com\/index.php\/producto\/1005008973625916\/"},"modified":"2025-08-06T09:52:31","modified_gmt":"2025-08-06T07:52:31","slug":"1005008973625916","status":"publish","type":"product","link":"https:\/\/ofertacular.com\/index.php\/producto\/1005008973625916\/","title":{"rendered":"Zapatos Transpirables"},"content":{"rendered":"<div class=\"oferta-container\">\n<p>\ud83d\udfe5 <b>AHORRA AQU\u00cd<\/b> \ud83d\udfe5 #Publicidad #Amazon #<\/p>\n<p>\ud83d\udd34 <b>Zapatos Transpirables <\/b><\/p>\n<p>\u2705 <b>AHORA 10.93\u20ac \u20ac<\/b> \u2714\ufe0f\ud83d\udfe1<\/p>\n<p>\u274c Antes 28.58 \u20ac<\/p>\n<p>\ud83d\uded2: <a href=\"https:\/\/btz.es\/4TeTFE1\" target=\"_blank\" rel=\"nofollow noopener\">https:\/\/btz.es\/4TeTFE1<\/a><\/p>\n<p>Descubre los mejores zapatos transpirables dise\u00f1ados para proporcionarte m\u00e1xima comodidad y frescura durante todo el d\u00eda. Ideales para quienes buscan calzado ligero, c\u00f3modo y con tecnolog\u00eda avanzada para la ventilaci\u00f3n del pie. Estos zapatos cuentan con materiales de alta calidad que permiten una excelente circulaci\u00f3n del aire, manteniendo tus pies secos y evitando el mal olor, incluso en los d\u00edas m\u00e1s calurosos o durante actividades intensas. Perfectos para uso diario, deporte, caminatas o incluso jornadas laborales largas donde el confort es esencial. Gracias a su dise\u00f1o ergon\u00f3mico y suela antideslizante, ofrecen estabilidad y apoyo, previniendo lesiones y mejorando tu postura.<\/p>\n<\/p><\/div>\n","protected":false},"excerpt":{"rendered":"<p>\ud83d\udfe5 AHORRA AQU\u00cd \ud83d\udfe5 #Publicidad #Amazon # \ud83d\udd34 Zapatos Transpirables \u2705 AHORA 10.93\u20ac \u20ac \u2714\ufe0f\ud83d\udfe1 \u274c Antes 28.58 \u20ac \ud83d\uded2: https:\/\/btz.es\/4TeTFE1 Descubre los mejores zapatos transpirables dise\u00f1ados para proporcionarte m\u00e1xima comodidad y frescura durante todo el d\u00eda. Ideales para quienes buscan calzado ligero, c\u00f3modo y con tecnolog\u00eda avanzada para la ventilaci\u00f3n del pie. Estos zapatos [&hellip;]<\/p>\n","protected":false},"featured_media":6949,"template":"","meta":{"_gspb_post_css":""},"store":[],"product_brand":[],"product_cat":[16],"product_tag":[],"class_list":{"0":"post-6950","1":"product","2":"type-product","3":"status-publish","4":"has-post-thumbnail","6":"product_cat-sin-categorizar","8":"first","9":"instock","10":"shipping-taxable","11":"product-type-external"},"jetpack_sharing_enabled":true,"_links":{"self":[{"href":"https:\/\/ofertacular.com\/index.php\/wp-json\/wp\/v2\/product\/6950","targetHints":{"allow":["GET"]}}],"collection":[{"href":"https:\/\/ofertacular.com\/index.php\/wp-json\/wp\/v2\/product"}],"about":[{"href":"https:\/\/ofertacular.com\/index.php\/wp-json\/wp\/v2\/types\/product"}],"wp:featuredmedia":[{"embeddable":true,"href":"https:\/\/ofertacular.com\/index.php\/wp-json\/wp\/v2\/media\/6949"}],"wp:attachment":[{"href":"https:\/\/ofertacular.com\/index.php\/wp-json\/wp\/v2\/media?parent=6950"}],"wp:term":[{"taxonomy":"store","embeddable":true,"href":"https:\/\/ofertacular.com\/index.php\/wp-json\/wp\/v2\/store?post=6950"},{"taxonomy":"product_brand","embeddable":true,"href":"https:\/\/ofertacular.com\/index.php\/wp-json\/wp\/v2\/product_brand?post=6950"},{"taxonomy":"product_cat","embeddable":true,"href":"https:\/\/ofertacular.com\/index.php\/wp-json\/wp\/v2\/product_cat?post=6950"},{"taxonomy":"product_tag","embeddable":true,"href":"https:\/\/ofertacular.com\/index.php\/wp-json\/wp\/v2\/product_tag?post=6950"}],"curies":[{"name":"wp","href":"https:\/\/api.w.org\/{rel}","templated":true}]}}