{"id":6952,"date":"2025-08-06T09:56:39","date_gmt":"2025-08-06T07:56:39","guid":{"rendered":"https:\/\/ofertacular.com\/index.php\/producto\/1005006806012837\/"},"modified":"2025-08-06T09:56:39","modified_gmt":"2025-08-06T07:56:39","slug":"1005006806012837","status":"publish","type":"product","link":"https:\/\/ofertacular.com\/index.php\/producto\/1005006806012837\/","title":{"rendered":"Laresar Aspiradora"},"content":{"rendered":"<div class=\"oferta-container\">\n<p>\ud83d\udfe5 <b>AHORRA AQU\u00cd<\/b> \ud83d\udfe5 #Publicidad #Amazon #<\/p>\n<p>\ud83d\udd34 <b>Aspiradora LARESAR <\/b><\/p>\n<p>\u2705 <b>AHORA 94.90\u20ac \u20ac<\/b> \u2714\ufe0f\ud83d\udfe1<\/p>\n<p>\u274c Antes 416.80 \u20ac<\/p>\n<p>\ud83d\uded2: <a href=\"https:\/\/btz.es\/4TeUIlt\" target=\"_blank\" rel=\"nofollow noopener\">https:\/\/btz.es\/4TeUIlt<\/a><\/p>\n<p>La Aspiradora LARESAR es el aliado perfecto para mantener tu hogar limpio y libre de polvo con la m\u00e1xima eficiencia. Gracias a su potente motor y dise\u00f1o ergon\u00f3mico, esta aspiradora ofrece un rendimiento excepcional que facilita la limpieza de todo tipo de superficies, desde alfombras hasta pisos duros.<\/p>\n<p>Este producto destaca por su gran capacidad de succi\u00f3n, lo que permite eliminar incluso el polvo y los residuos m\u00e1s dif\u00edciles. Adem\u00e1s, cuenta con un sistema de filtraci\u00f3n avanzada que garantiza un aire m\u00e1s limpio y saludable, ideal para personas con alergias.<\/p>\n<p>La Aspiradora LARESAR es ligera y f\u00e1cil de manejar, lo que la convierte en la opci\u00f3n ideal para la limpieza diaria. Su dise\u00f1o compacto permite almacenarla en espacios peque\u00f1os, y su nivel de ruido reducido asegura que la limpieza sea una tarea agradable y sin molestias.<\/p>\n<p>Entre sus caracter\u00edsticas principales se encuentran m\u00faltiples accesorios que facilitan la limpieza en rincones dif\u00edciles, tapicer\u00edas, y \u00e1reas elevadas. Su cable de gran longitud otorga libertad de movimiento para limpiar toda la casa sin necesidad de cambiar de enchufe constantemente.<\/p>\n<p>Si buscas una herramienta de limpieza eficiente, duradera y f\u00e1cil de usar, la Aspiradora LARESAR es una inversi\u00f3n inteligente para mantener tu hogar impecable. No esperes m\u00e1s y experimenta la comodidad y calidad que solo LARESAR puede ofrecer.<\/p>\n<\/p><\/div>\n","protected":false},"excerpt":{"rendered":"<p>\ud83d\udfe5 AHORRA AQU\u00cd \ud83d\udfe5 #Publicidad #Amazon # \ud83d\udd34 Aspiradora LARESAR \u2705 AHORA 94.90\u20ac \u20ac \u2714\ufe0f\ud83d\udfe1 \u274c Antes 416.80 \u20ac \ud83d\uded2: https:\/\/btz.es\/4TeUIlt La Aspiradora LARESAR es el aliado perfecto para mantener tu hogar limpio y libre de polvo con la m\u00e1xima eficiencia. Gracias a su potente motor y dise\u00f1o ergon\u00f3mico, esta aspiradora ofrece un rendimiento excepcional [&hellip;]<\/p>\n","protected":false},"featured_media":6951,"template":"","meta":{"_gspb_post_css":""},"store":[],"product_brand":[],"product_cat":[16],"product_tag":[],"class_list":{"0":"post-6952","1":"product","2":"type-product","3":"status-publish","4":"has-post-thumbnail","6":"product_cat-sin-categorizar","8":"first","9":"instock","10":"shipping-taxable","11":"product-type-external"},"jetpack_sharing_enabled":true,"_links":{"self":[{"href":"https:\/\/ofertacular.com\/index.php\/wp-json\/wp\/v2\/product\/6952","targetHints":{"allow":["GET"]}}],"collection":[{"href":"https:\/\/ofertacular.com\/index.php\/wp-json\/wp\/v2\/product"}],"about":[{"href":"https:\/\/ofertacular.com\/index.php\/wp-json\/wp\/v2\/types\/product"}],"wp:featuredmedia":[{"embeddable":true,"href":"https:\/\/ofertacular.com\/index.php\/wp-json\/wp\/v2\/media\/6951"}],"wp:attachment":[{"href":"https:\/\/ofertacular.com\/index.php\/wp-json\/wp\/v2\/media?parent=6952"}],"wp:term":[{"taxonomy":"store","embeddable":true,"href":"https:\/\/ofertacular.com\/index.php\/wp-json\/wp\/v2\/store?post=6952"},{"taxonomy":"product_brand","embeddable":true,"href":"https:\/\/ofertacular.com\/index.php\/wp-json\/wp\/v2\/product_brand?post=6952"},{"taxonomy":"product_cat","embeddable":true,"href":"https:\/\/ofertacular.com\/index.php\/wp-json\/wp\/v2\/product_cat?post=6952"},{"taxonomy":"product_tag","embeddable":true,"href":"https:\/\/ofertacular.com\/index.php\/wp-json\/wp\/v2\/product_tag?post=6952"}],"curies":[{"name":"wp","href":"https:\/\/api.w.org\/{rel}","templated":true}]}}