{"id":6962,"date":"2025-08-06T10:18:15","date_gmt":"2025-08-06T08:18:15","guid":{"rendered":"https:\/\/ofertacular.com\/index.php\/producto\/converse-run\/"},"modified":"2025-08-06T10:18:15","modified_gmt":"2025-08-06T08:18:15","slug":"converse-run","status":"publish","type":"product","link":"https:\/\/ofertacular.com\/index.php\/producto\/converse-run\/","title":{"rendered":"Converse Run"},"content":{"rendered":"<div class=\"oferta-container\">\n<p>\ud83d\udfe5 <b>\u00a1NO TE LA PIERDAS!<\/b> \ud83d\udfe5 #Publicidad #Amazon #16<\/p>\n<p>\ud83d\udd34 <b>Zapatillas Converse <\/b><\/p>\n<p>\u2705 <b>AHORA 49.99 \u20ac<\/b> \u2714\ufe0f\ud83d\udfe1<\/p>\n<p>\u274c Antes 119.90 \u20ac<\/p>\n<p>\ud83d\uded2: <a href=\"https:\/\/btz.es\/4TfajrZ\" target=\"_blank\" rel=\"nofollow noopener\">https:\/\/btz.es\/4TfajrZ<\/a><\/p>\n<p>Las zapatillas Converse Run representan la ic\u00f3nica combinaci\u00f3n de estilo cl\u00e1sico y funcionalidad deportiva que ha caracterizado a la marca por d\u00e9cadas. Este modelo es ideal para quienes buscan un calzado vers\u00e1til que se adapte tanto a un uso casual diario como a actividades deportivas ligeras. Fabricadas con materiales de alta calidad, las Converse Run destacan por su comodidad excepcional y durabilidad. Su dise\u00f1o incluye una suela de goma resistente que garantiza un buen agarre en diversas superficies, mientras que su suela interior acolchada ofrece soporte ergon\u00f3mico para tus pies, haciendo que cada paso sea c\u00f3modo y seguro.<\/p>\n<p>Estas zapatillas Converse est\u00e1n disponibles en varios colores y tallas, permitiendo que cualquier persona encuentre la opci\u00f3n que mejor se adapte a su estilo personal y necesidades. Gracias a su dise\u00f1o atemporal, las Converse Run se complementan perfectamente con una amplia gama de prendas, desde pantalones deportivos hasta jeans y camisetas casuales.<\/p>\n<p>Adem\u00e1s, estas zapatillas cuentan con una construcci\u00f3n transpirable que contribuye a mantener tus pies frescos y secos, incluso durante largas jornadas de uso. La leng\u00fceta y el tal\u00f3n reforzados aportan soporte adicional y aumentan la resistencia del calzado al desgaste diario.<\/p>\n<p>Para quienes valoran la calidad y el dise\u00f1o ic\u00f3nico, las Converse Run son una elecci\u00f3n imprescindible. Perfectas para corredores amateurs, personas activas y amantes del estilo urbano, estas zapatillas combinan tradici\u00f3n y modernidad en un producto preparado para satisfacer las expectativas m\u00e1s exigentes.<\/p>\n<p>Comprar las zapatillas Converse Run es una inversi\u00f3n en estilo, comodidad y rendimiento. Aprovecha su excelente relaci\u00f3n calidad-precio y disfruta de un calzado que marca la diferencia en tu d\u00eda a d\u00eda. No esperes m\u00e1s, a\u00f1ade las Converse Run a tu colecci\u00f3n y experimenta la perfecta fusi\u00f3n entre moda y funcionalidad.<\/p>\n<\/p><\/div>\n","protected":false},"excerpt":{"rendered":"<p>\ud83d\udfe5 \u00a1NO TE LA PIERDAS! \ud83d\udfe5 #Publicidad #Amazon #16 \ud83d\udd34 Zapatillas Converse \u2705 AHORA 49.99 \u20ac \u2714\ufe0f\ud83d\udfe1 \u274c Antes 119.90 \u20ac \ud83d\uded2: https:\/\/btz.es\/4TfajrZ Las zapatillas Converse Run representan la ic\u00f3nica combinaci\u00f3n de estilo cl\u00e1sico y funcionalidad deportiva que ha caracterizado a la marca por d\u00e9cadas. Este modelo es ideal para quienes buscan un calzado vers\u00e1til [&hellip;]<\/p>\n","protected":false},"featured_media":6961,"template":"","meta":{"_gspb_post_css":""},"store":[],"product_brand":[],"product_cat":[16],"product_tag":[],"class_list":{"0":"post-6962","1":"product","2":"type-product","3":"status-publish","4":"has-post-thumbnail","6":"product_cat-sin-categorizar","8":"first","9":"instock","10":"sale","11":"shipping-taxable","12":"product-type-external"},"jetpack_sharing_enabled":true,"_links":{"self":[{"href":"https:\/\/ofertacular.com\/index.php\/wp-json\/wp\/v2\/product\/6962","targetHints":{"allow":["GET"]}}],"collection":[{"href":"https:\/\/ofertacular.com\/index.php\/wp-json\/wp\/v2\/product"}],"about":[{"href":"https:\/\/ofertacular.com\/index.php\/wp-json\/wp\/v2\/types\/product"}],"wp:featuredmedia":[{"embeddable":true,"href":"https:\/\/ofertacular.com\/index.php\/wp-json\/wp\/v2\/media\/6961"}],"wp:attachment":[{"href":"https:\/\/ofertacular.com\/index.php\/wp-json\/wp\/v2\/media?parent=6962"}],"wp:term":[{"taxonomy":"store","embeddable":true,"href":"https:\/\/ofertacular.com\/index.php\/wp-json\/wp\/v2\/store?post=6962"},{"taxonomy":"product_brand","embeddable":true,"href":"https:\/\/ofertacular.com\/index.php\/wp-json\/wp\/v2\/product_brand?post=6962"},{"taxonomy":"product_cat","embeddable":true,"href":"https:\/\/ofertacular.com\/index.php\/wp-json\/wp\/v2\/product_cat?post=6962"},{"taxonomy":"product_tag","embeddable":true,"href":"https:\/\/ofertacular.com\/index.php\/wp-json\/wp\/v2\/product_tag?post=6962"}],"curies":[{"name":"wp","href":"https:\/\/api.w.org\/{rel}","templated":true}]}}