{"id":6968,"date":"2025-08-06T10:28:17","date_gmt":"2025-08-06T08:28:17","guid":{"rendered":"https:\/\/ofertacular.com\/index.php\/producto\/levis-vaqueros-5\/"},"modified":"2025-08-06T10:28:17","modified_gmt":"2025-08-06T08:28:17","slug":"levis-vaqueros-5","status":"publish","type":"product","link":"https:\/\/ofertacular.com\/index.php\/producto\/levis-vaqueros-5\/","title":{"rendered":"Levi&#8217;s Vaqueros"},"content":{"rendered":"<div class=\"oferta-container\">\n<p>\ud83d\udfe5 <b>REBAJA<\/b> \ud83d\udfe5 #Publicidad #Amazon #16<\/p>\n<p>\ud83d\udd34 <b>Vaqueros Levi&#8217;s <\/b><\/p>\n<p>\u2705 <b>AHORA 40.45 \u20ac<\/b> \u2714\ufe0f\ud83d\udfe1<\/p>\n<p>\u274c Antes 100.00 \u20ac<\/p>\n<p>\ud83d\uded2: <a href=\"https:\/\/btz.es\/4TfcFYu\" target=\"_blank\" rel=\"nofollow noopener\">https:\/\/btz.es\/4TfcFYu<\/a><\/p>\n<p>Los vaqueros Levi&#8217;s representan la combinaci\u00f3n perfecta entre estilo cl\u00e1sico y comodidad moderna, ideales para cualquier ocasi\u00f3n. Con una calidad insuperable y un dise\u00f1o atemporal, estos pantalones se han convertido en un b\u00e1sico imprescindible en el armario de hombres y mujeres en todo el mundo. Fabricados con materiales de alta resistencia y acabados detallistas, los vaqueros Levi&#8217;s ofrecen durabilidad y un ajuste que realza la figura, destacando por su versatilidad y facilidad para combinar con diferentes prendas. Adem\u00e1s, gracias a su amplia variedad de cortes, desde skinny hasta rectos o bootcut, puedes elegir el que mejor se adapte a tu estilo y necesidades. Estos jeans no solo son una declaraci\u00f3n de moda, sino tambi\u00e9n un s\u00edmbolo de autenticidad y confianza, ideales para quienes buscan calidad y tendencias en una sola prenda. Explora la colecci\u00f3n de vaqueros Levi&#8217;s y descubre c\u00f3mo elevar tu look diario con un cl\u00e1sico que nunca pasa de moda.<\/p>\n<\/p><\/div>\n","protected":false},"excerpt":{"rendered":"<p>\ud83d\udfe5 REBAJA \ud83d\udfe5 #Publicidad #Amazon #16 \ud83d\udd34 Vaqueros Levi&#8217;s \u2705 AHORA 40.45 \u20ac \u2714\ufe0f\ud83d\udfe1 \u274c Antes 100.00 \u20ac \ud83d\uded2: https:\/\/btz.es\/4TfcFYu Los vaqueros Levi&#8217;s representan la combinaci\u00f3n perfecta entre estilo cl\u00e1sico y comodidad moderna, ideales para cualquier ocasi\u00f3n. Con una calidad insuperable y un dise\u00f1o atemporal, estos pantalones se han convertido en un b\u00e1sico imprescindible en [&hellip;]<\/p>\n","protected":false},"featured_media":6967,"template":"","meta":{"_gspb_post_css":""},"store":[],"product_brand":[],"product_cat":[16],"product_tag":[],"class_list":{"0":"post-6968","1":"product","2":"type-product","3":"status-publish","4":"has-post-thumbnail","6":"product_cat-sin-categorizar","8":"first","9":"instock","10":"sale","11":"shipping-taxable","12":"product-type-external"},"jetpack_sharing_enabled":true,"_links":{"self":[{"href":"https:\/\/ofertacular.com\/index.php\/wp-json\/wp\/v2\/product\/6968","targetHints":{"allow":["GET"]}}],"collection":[{"href":"https:\/\/ofertacular.com\/index.php\/wp-json\/wp\/v2\/product"}],"about":[{"href":"https:\/\/ofertacular.com\/index.php\/wp-json\/wp\/v2\/types\/product"}],"wp:featuredmedia":[{"embeddable":true,"href":"https:\/\/ofertacular.com\/index.php\/wp-json\/wp\/v2\/media\/6967"}],"wp:attachment":[{"href":"https:\/\/ofertacular.com\/index.php\/wp-json\/wp\/v2\/media?parent=6968"}],"wp:term":[{"taxonomy":"store","embeddable":true,"href":"https:\/\/ofertacular.com\/index.php\/wp-json\/wp\/v2\/store?post=6968"},{"taxonomy":"product_brand","embeddable":true,"href":"https:\/\/ofertacular.com\/index.php\/wp-json\/wp\/v2\/product_brand?post=6968"},{"taxonomy":"product_cat","embeddable":true,"href":"https:\/\/ofertacular.com\/index.php\/wp-json\/wp\/v2\/product_cat?post=6968"},{"taxonomy":"product_tag","embeddable":true,"href":"https:\/\/ofertacular.com\/index.php\/wp-json\/wp\/v2\/product_tag?post=6968"}],"curies":[{"name":"wp","href":"https:\/\/api.w.org\/{rel}","templated":true}]}}