{"id":6970,"date":"2025-08-06T10:29:47","date_gmt":"2025-08-06T08:29:47","guid":{"rendered":"https:\/\/ofertacular.com\/index.php\/producto\/champion-socks\/"},"modified":"2025-08-06T10:29:47","modified_gmt":"2025-08-06T08:29:47","slug":"champion-socks","status":"publish","type":"product","link":"https:\/\/ofertacular.com\/index.php\/producto\/champion-socks\/","title":{"rendered":"Champion Socks"},"content":{"rendered":"<div class=\"oferta-container\">\n<p>\ud83d\udfe5 <b>INCRE\u00cdBLE<\/b> \ud83d\udfe5 #Publicidad #Amazon #16<\/p>\n<p>\ud83d\udd34 <b>Calcetines Champion <\/b><\/p>\n<p>\u2705 <b>AHORA 6 \u20ac<\/b> \u2714\ufe0f\ud83d\udfe1<\/p>\n<p>\u274c Antes 8.99 \u20ac<\/p>\n<p>\ud83d\uded2: <a href=\"https:\/\/btz.es\/4Tfddnh\" target=\"_blank\" rel=\"nofollow noopener\">https:\/\/btz.es\/4Tfddnh<\/a><\/p>\n<p>Descubre los calcetines Champion, la elecci\u00f3n perfecta para quienes buscan comodidad, durabilidad y estilo en cada paso. Estos calcetines est\u00e1n dise\u00f1ados con materiales de alta calidad que garantizan una sensaci\u00f3n suave y transpirable, ideal para uso diario o actividades deportivas. La tecnolog\u00eda de tejido avanzada asegura una excelente absorci\u00f3n de la humedad, manteniendo tus pies secos y frescos durante todo el d\u00eda. Su dise\u00f1o ergon\u00f3mico incluye soporte en el arco y refuerzos en los puntos de mayor desgaste, proporcionando un ajuste seguro y una mayor resistencia al desgaste. Disponibles en varios colores y tallas, los calcetines Champion se adaptan a todos los gustos y necesidades, siendo una opci\u00f3n vers\u00e1til tanto para hombres como para mujeres. Perfectos para combinar con zapatillas deportivas o para llevar con un estilo casual, estos calcetines no solo complementan tu vestuario, sino que tambi\u00e9n mejoran tu rendimiento y bienestar. Incorporando materiales que favorecen la circulaci\u00f3n y previenen el mal olor, estos calcetines se convierten en un b\u00e1sico imprescindible en tu armario. Si buscas un producto que combine funcionalidad, confort y moda, los calcetines Champion son tu mejor opci\u00f3n. Con una relaci\u00f3n calidad-precio inmejorable, son una inversi\u00f3n que vale la pena para quienes valoran la calidad y el estilo en cada detalle.<\/p>\n<\/p><\/div>\n","protected":false},"excerpt":{"rendered":"<p>\ud83d\udfe5 INCRE\u00cdBLE \ud83d\udfe5 #Publicidad #Amazon #16 \ud83d\udd34 Calcetines Champion \u2705 AHORA 6 \u20ac \u2714\ufe0f\ud83d\udfe1 \u274c Antes 8.99 \u20ac \ud83d\uded2: https:\/\/btz.es\/4Tfddnh Descubre los calcetines Champion, la elecci\u00f3n perfecta para quienes buscan comodidad, durabilidad y estilo en cada paso. Estos calcetines est\u00e1n dise\u00f1ados con materiales de alta calidad que garantizan una sensaci\u00f3n suave y transpirable, ideal para [&hellip;]<\/p>\n","protected":false},"featured_media":6969,"template":"","meta":{"_gspb_post_css":""},"store":[],"product_brand":[],"product_cat":[16],"product_tag":[],"class_list":{"0":"post-6970","1":"product","2":"type-product","3":"status-publish","4":"has-post-thumbnail","6":"product_cat-sin-categorizar","8":"first","9":"instock","10":"sale","11":"shipping-taxable","12":"product-type-external"},"jetpack_sharing_enabled":true,"_links":{"self":[{"href":"https:\/\/ofertacular.com\/index.php\/wp-json\/wp\/v2\/product\/6970","targetHints":{"allow":["GET"]}}],"collection":[{"href":"https:\/\/ofertacular.com\/index.php\/wp-json\/wp\/v2\/product"}],"about":[{"href":"https:\/\/ofertacular.com\/index.php\/wp-json\/wp\/v2\/types\/product"}],"wp:featuredmedia":[{"embeddable":true,"href":"https:\/\/ofertacular.com\/index.php\/wp-json\/wp\/v2\/media\/6969"}],"wp:attachment":[{"href":"https:\/\/ofertacular.com\/index.php\/wp-json\/wp\/v2\/media?parent=6970"}],"wp:term":[{"taxonomy":"store","embeddable":true,"href":"https:\/\/ofertacular.com\/index.php\/wp-json\/wp\/v2\/store?post=6970"},{"taxonomy":"product_brand","embeddable":true,"href":"https:\/\/ofertacular.com\/index.php\/wp-json\/wp\/v2\/product_brand?post=6970"},{"taxonomy":"product_cat","embeddable":true,"href":"https:\/\/ofertacular.com\/index.php\/wp-json\/wp\/v2\/product_cat?post=6970"},{"taxonomy":"product_tag","embeddable":true,"href":"https:\/\/ofertacular.com\/index.php\/wp-json\/wp\/v2\/product_tag?post=6970"}],"curies":[{"name":"wp","href":"https:\/\/api.w.org\/{rel}","templated":true}]}}