{"id":6972,"date":"2025-08-06T11:03:13","date_gmt":"2025-08-06T09:03:13","guid":{"rendered":"https:\/\/ofertacular.com\/index.php\/producto\/1005009251690329\/"},"modified":"2025-08-06T11:03:13","modified_gmt":"2025-08-06T09:03:13","slug":"1005009251690329","status":"publish","type":"product","link":"https:\/\/ofertacular.com\/index.php\/producto\/1005009251690329\/","title":{"rendered":"Calzado Deportivo"},"content":{"rendered":"<div class=\"oferta-container\">\n<p>\ud83d\udfe5 <b>REBAJA<\/b> \ud83d\udfe5 #Publicidad #Amazon #<\/p>\n<p>\ud83d\udd34 <b>Calzado Deportivo <\/b><\/p>\n<p>\u2705 <b>AHORA 8.72\u20ac \u20ac<\/b> \u2714\ufe0f\ud83d\udfe1<\/p>\n<p>\u274c Antes 23.75 \u20ac<\/p>\n<p>\ud83d\uded2: <a href=\"https:\/\/btz.es\/4Tfl3cT\" target=\"_blank\" rel=\"nofollow noopener\">https:\/\/btz.es\/4Tfl3cT<\/a><\/p>\n<p>Descubre nuestro calzado deportivo dise\u00f1ado para ofrecer m\u00e1ximo confort, soporte y estilo en cada paso. Perfecto para running, entrenamiento y actividades diarias, nuestra colecci\u00f3n combina tecnolog\u00eda avanzada y materiales de alta calidad para mejorar tu rendimiento y proteger tus pies. Con opciones para hombres y mujeres, nuestros productos destacan por su durabilidad, amortiguaci\u00f3n y dise\u00f1o moderno que se adapta a cualquier look. Encuentra la talla perfecta y disfruta de una pisada ligera y estable, ideal para cualquier nivel de actividad f\u00edsica. Aprovecha ahora nuestras ofertas exclusivas y dale a tus pies el mejor calzado deportivo del mercado, garantizando as\u00ed salud, bienestar y estilo en cada movimiento.<\/p>\n<\/p><\/div>\n","protected":false},"excerpt":{"rendered":"<p>\ud83d\udfe5 REBAJA \ud83d\udfe5 #Publicidad #Amazon # \ud83d\udd34 Calzado Deportivo \u2705 AHORA 8.72\u20ac \u20ac \u2714\ufe0f\ud83d\udfe1 \u274c Antes 23.75 \u20ac \ud83d\uded2: https:\/\/btz.es\/4Tfl3cT Descubre nuestro calzado deportivo dise\u00f1ado para ofrecer m\u00e1ximo confort, soporte y estilo en cada paso. Perfecto para running, entrenamiento y actividades diarias, nuestra colecci\u00f3n combina tecnolog\u00eda avanzada y materiales de alta calidad para mejorar tu [&hellip;]<\/p>\n","protected":false},"featured_media":6971,"template":"","meta":{"_gspb_post_css":""},"store":[],"product_brand":[],"product_cat":[16],"product_tag":[],"class_list":{"0":"post-6972","1":"product","2":"type-product","3":"status-publish","4":"has-post-thumbnail","6":"product_cat-sin-categorizar","8":"first","9":"instock","10":"shipping-taxable","11":"product-type-external"},"jetpack_sharing_enabled":true,"_links":{"self":[{"href":"https:\/\/ofertacular.com\/index.php\/wp-json\/wp\/v2\/product\/6972","targetHints":{"allow":["GET"]}}],"collection":[{"href":"https:\/\/ofertacular.com\/index.php\/wp-json\/wp\/v2\/product"}],"about":[{"href":"https:\/\/ofertacular.com\/index.php\/wp-json\/wp\/v2\/types\/product"}],"wp:featuredmedia":[{"embeddable":true,"href":"https:\/\/ofertacular.com\/index.php\/wp-json\/wp\/v2\/media\/6971"}],"wp:attachment":[{"href":"https:\/\/ofertacular.com\/index.php\/wp-json\/wp\/v2\/media?parent=6972"}],"wp:term":[{"taxonomy":"store","embeddable":true,"href":"https:\/\/ofertacular.com\/index.php\/wp-json\/wp\/v2\/store?post=6972"},{"taxonomy":"product_brand","embeddable":true,"href":"https:\/\/ofertacular.com\/index.php\/wp-json\/wp\/v2\/product_brand?post=6972"},{"taxonomy":"product_cat","embeddable":true,"href":"https:\/\/ofertacular.com\/index.php\/wp-json\/wp\/v2\/product_cat?post=6972"},{"taxonomy":"product_tag","embeddable":true,"href":"https:\/\/ofertacular.com\/index.php\/wp-json\/wp\/v2\/product_tag?post=6972"}],"curies":[{"name":"wp","href":"https:\/\/api.w.org\/{rel}","templated":true}]}}