{"id":6978,"date":"2025-08-07T07:39:32","date_gmt":"2025-08-07T05:39:32","guid":{"rendered":"https:\/\/ofertacular.com\/index.php\/producto\/adidas-leggings-3\/"},"modified":"2025-08-07T07:39:32","modified_gmt":"2025-08-07T05:39:32","slug":"adidas-leggings-3","status":"publish","type":"product","link":"https:\/\/ofertacular.com\/index.php\/producto\/adidas-leggings-3\/","title":{"rendered":"adidas Leggings"},"content":{"rendered":"<div class=\"oferta-container\">\n<p>\ud83d\udfe5 <b>DESCUENTAZO<\/b> \ud83d\udfe5 #Publicidad #Amazon #16<\/p>\n<p>\ud83d\udd34 <b>Leggings adidas <\/b><\/p>\n<p>\u2705 <b>AHORA 10.38 \u20ac<\/b> \u2714\ufe0f\ud83d\udfe1<\/p>\n<p>\u274c Antes 28.00 \u20ac<\/p>\n<p>\ud83d\uded2: <a href=\"https:\/\/btz.es\/4TkmI9k\" target=\"_blank\" rel=\"nofollow noopener\">https:\/\/btz.es\/4TkmI9k<\/a><\/p>\n<p>Descubre la comodidad y el estilo inigualable de los leggings adidas, dise\u00f1ados para mujeres activas que buscan rendimiento y moda en una sola prenda. Estos leggings est\u00e1n confeccionados con tejido de alta calidad que ofrece una elasticidad superior y un ajuste ce\u00f1ido que favorece la figura, permitiendo libertad de movimiento en cada actividad, desde entrenamientos intensos hasta el uso diario casual.<\/p>\n<p>Adem\u00e1s, los leggings adidas cuentan con tecnolog\u00eda de absorci\u00f3n de sudor que mantiene la piel seca y c\u00f3moda, incluso durante las sesiones m\u00e1s exigentes. Su dise\u00f1o incluye detalles ic\u00f3nicos de adidas, como las cl\u00e1sicas tres franjas y el logo distintivo, que aportan un toque moderno y deportivo.<\/p>\n<p>Perfectos para yoga, running, gimnasio o simplemente para un look athleisure, estos leggings se adaptan a todos los estilos y ocasiones. Disponibles en una variedad de colores y tallas, ofrecen versatilidad y una excelente relaci\u00f3n calidad-precio. Aprovecha la oferta especial y renueva tu armario con leggings adidas que combinan funcionalidad, durabilidad y moda.<\/p>\n<\/p><\/div>\n","protected":false},"excerpt":{"rendered":"<p>\ud83d\udfe5 DESCUENTAZO \ud83d\udfe5 #Publicidad #Amazon #16 \ud83d\udd34 Leggings adidas \u2705 AHORA 10.38 \u20ac \u2714\ufe0f\ud83d\udfe1 \u274c Antes 28.00 \u20ac \ud83d\uded2: https:\/\/btz.es\/4TkmI9k Descubre la comodidad y el estilo inigualable de los leggings adidas, dise\u00f1ados para mujeres activas que buscan rendimiento y moda en una sola prenda. Estos leggings est\u00e1n confeccionados con tejido de alta calidad que ofrece [&hellip;]<\/p>\n","protected":false},"featured_media":6977,"template":"","meta":{"_gspb_post_css":""},"store":[],"product_brand":[],"product_cat":[16],"product_tag":[],"class_list":{"0":"post-6978","1":"product","2":"type-product","3":"status-publish","4":"has-post-thumbnail","6":"product_cat-sin-categorizar","8":"first","9":"instock","10":"sale","11":"shipping-taxable","12":"product-type-external"},"jetpack_sharing_enabled":true,"_links":{"self":[{"href":"https:\/\/ofertacular.com\/index.php\/wp-json\/wp\/v2\/product\/6978","targetHints":{"allow":["GET"]}}],"collection":[{"href":"https:\/\/ofertacular.com\/index.php\/wp-json\/wp\/v2\/product"}],"about":[{"href":"https:\/\/ofertacular.com\/index.php\/wp-json\/wp\/v2\/types\/product"}],"wp:featuredmedia":[{"embeddable":true,"href":"https:\/\/ofertacular.com\/index.php\/wp-json\/wp\/v2\/media\/6977"}],"wp:attachment":[{"href":"https:\/\/ofertacular.com\/index.php\/wp-json\/wp\/v2\/media?parent=6978"}],"wp:term":[{"taxonomy":"store","embeddable":true,"href":"https:\/\/ofertacular.com\/index.php\/wp-json\/wp\/v2\/store?post=6978"},{"taxonomy":"product_brand","embeddable":true,"href":"https:\/\/ofertacular.com\/index.php\/wp-json\/wp\/v2\/product_brand?post=6978"},{"taxonomy":"product_cat","embeddable":true,"href":"https:\/\/ofertacular.com\/index.php\/wp-json\/wp\/v2\/product_cat?post=6978"},{"taxonomy":"product_tag","embeddable":true,"href":"https:\/\/ofertacular.com\/index.php\/wp-json\/wp\/v2\/product_tag?post=6978"}],"curies":[{"name":"wp","href":"https:\/\/api.w.org\/{rel}","templated":true}]}}