{"id":6980,"date":"2025-08-07T07:41:14","date_gmt":"2025-08-07T05:41:14","guid":{"rendered":"https:\/\/ofertacular.com\/index.php\/producto\/puma-backpack-4\/"},"modified":"2025-08-07T07:41:14","modified_gmt":"2025-08-07T05:41:14","slug":"puma-backpack-4","status":"publish","type":"product","link":"https:\/\/ofertacular.com\/index.php\/producto\/puma-backpack-4\/","title":{"rendered":"PUMA Backpack"},"content":{"rendered":"<div class=\"oferta-container\">\n<p>\ud83d\udfe5 <b>DATE PRISA<\/b> \ud83d\udfe5 #Publicidad #Amazon #16<\/p>\n<p>\ud83d\udd34 <b>Mochila deportiva <\/b><\/p>\n<p>\u2705 <b>AHORA 15.99 \u20ac<\/b> \u2714\ufe0f\ud83d\udfe1<\/p>\n<p>\u274c Antes 17.00 \u20ac<\/p>\n<p>\ud83d\uded2: <a href=\"https:\/\/btz.es\/4TknjfU\" target=\"_blank\" rel=\"nofollow noopener\">https:\/\/btz.es\/4TknjfU<\/a><\/p>\n<p>La Mochila Deportiva PUMA es el complemento ideal para quienes buscan funcionalidad y estilo en un solo producto. Dise\u00f1ada con materiales de alta calidad, esta mochila ofrece una combinaci\u00f3n perfecta de resistencia y comodidad, ideal para actividades diarias, viajes, o sesiones de entrenamiento. Con un dise\u00f1o moderno y elegante, la mochila de PUMA cuenta con m\u00faltiples compartimentos que permiten una organizaci\u00f3n eficiente de tus pertenencias, desde dispositivos electr\u00f3nicos hasta ropa y accesorios personales.<\/p>\n<p>Adem\u00e1s, la Mochila Deportiva PUMA est\u00e1 equipada con correas acolchadas ajustables que garantizan un transporte c\u00f3modo y seguro, adapt\u00e1ndose perfectamente a la forma de tu espalda para evitar molestias durante el uso prolongado. Su tejido resistente al agua protege tus objetos de la humedad y peque\u00f1as salpicaduras, asegurando que tus art\u00edculos est\u00e9n siempre secos y en perfecto estado.<\/p>\n<p>Este modelo de mochila tambi\u00e9n destaca por su ventilaci\u00f3n inteligente, que ayuda a mantener la comodidad incluso en d\u00edas calurosos o durante actividades f\u00edsicas intensas. Es una opci\u00f3n ideal para estudiantes, deportistas y profesionales que necesitan una mochila vers\u00e1til y duradera.<\/p>\n<p>No pierdas la oportunidad de llevar contigo una mochila que combina estilo, practicidad y tecnolog\u00eda avanzada. La Mochila Deportiva PUMA es una inversi\u00f3n segura para quienes valoran la calidad y el buen dise\u00f1o. Ya sea para uso escolar, gimnasio o viajes de corta duraci\u00f3n, este producto se adapta a todas tus necesidades con gran eficacia.<\/p>\n<\/p><\/div>\n","protected":false},"excerpt":{"rendered":"<p>\ud83d\udfe5 DATE PRISA \ud83d\udfe5 #Publicidad #Amazon #16 \ud83d\udd34 Mochila deportiva \u2705 AHORA 15.99 \u20ac \u2714\ufe0f\ud83d\udfe1 \u274c Antes 17.00 \u20ac \ud83d\uded2: https:\/\/btz.es\/4TknjfU La Mochila Deportiva PUMA es el complemento ideal para quienes buscan funcionalidad y estilo en un solo producto. Dise\u00f1ada con materiales de alta calidad, esta mochila ofrece una combinaci\u00f3n perfecta de resistencia y comodidad, [&hellip;]<\/p>\n","protected":false},"featured_media":6979,"template":"","meta":{"_gspb_post_css":""},"store":[],"product_brand":[],"product_cat":[16],"product_tag":[],"class_list":{"0":"post-6980","1":"product","2":"type-product","3":"status-publish","4":"has-post-thumbnail","6":"product_cat-sin-categorizar","8":"first","9":"instock","10":"sale","11":"shipping-taxable","12":"product-type-external"},"jetpack_sharing_enabled":true,"_links":{"self":[{"href":"https:\/\/ofertacular.com\/index.php\/wp-json\/wp\/v2\/product\/6980","targetHints":{"allow":["GET"]}}],"collection":[{"href":"https:\/\/ofertacular.com\/index.php\/wp-json\/wp\/v2\/product"}],"about":[{"href":"https:\/\/ofertacular.com\/index.php\/wp-json\/wp\/v2\/types\/product"}],"wp:featuredmedia":[{"embeddable":true,"href":"https:\/\/ofertacular.com\/index.php\/wp-json\/wp\/v2\/media\/6979"}],"wp:attachment":[{"href":"https:\/\/ofertacular.com\/index.php\/wp-json\/wp\/v2\/media?parent=6980"}],"wp:term":[{"taxonomy":"store","embeddable":true,"href":"https:\/\/ofertacular.com\/index.php\/wp-json\/wp\/v2\/store?post=6980"},{"taxonomy":"product_brand","embeddable":true,"href":"https:\/\/ofertacular.com\/index.php\/wp-json\/wp\/v2\/product_brand?post=6980"},{"taxonomy":"product_cat","embeddable":true,"href":"https:\/\/ofertacular.com\/index.php\/wp-json\/wp\/v2\/product_cat?post=6980"},{"taxonomy":"product_tag","embeddable":true,"href":"https:\/\/ofertacular.com\/index.php\/wp-json\/wp\/v2\/product_tag?post=6980"}],"curies":[{"name":"wp","href":"https:\/\/api.w.org\/{rel}","templated":true}]}}