{"id":7008,"date":"2025-08-07T09:47:07","date_gmt":"2025-08-07T07:47:07","guid":{"rendered":"https:\/\/ofertacular.com\/index.php\/producto\/1005009193682634\/"},"modified":"2025-08-07T09:47:07","modified_gmt":"2025-08-07T07:47:07","slug":"1005009193682634","status":"publish","type":"product","link":"https:\/\/ofertacular.com\/index.php\/producto\/1005009193682634\/","title":{"rendered":"Bolsa Gimnasio"},"content":{"rendered":"<div class=\"oferta-container\">\n<p>\ud83d\udfe5 <b>\u00a1OFERTA ESPECIAL!<\/b> \ud83d\udfe5 #Publicidad #Amazon #<\/p>\n<p>\ud83d\udd34 <b>Bolsa Gimnasio <\/b><\/p>\n<p>\u2705 <b>AHORA 7.19\u20ac \u20ac<\/b> \u2714\ufe0f\ud83d\udfe1<\/p>\n<p>\u274c Antes 17.40 \u20ac<\/p>\n<p>\ud83d\uded2: <a href=\"https:\/\/btz.es\/4TkIPFK\" target=\"_blank\" rel=\"nofollow noopener\">https:\/\/btz.es\/4TkIPFK<\/a><\/p>\n<p>Descubre la bolsa gimnasio perfecta para tus entrenamientos diarios. Nuestra bolsa gimnasio combina funcionalidad, estilo y durabilidad, ideal para llevar todo tu equipo deportivo con comodidad. Fabricada con materiales resistentes y de alta calidad, esta bolsa es resistente al desgaste y f\u00e1cil de limpiar, proporcionando una larga vida \u00fatil incluso con uso intensivo. Con m\u00faltiples compartimentos espaciosos, podr\u00e1s organizar tus zapatillas, ropa, botellas de agua y accesorios deportivos de manera ordenada y accesible. Su dise\u00f1o ergon\u00f3mico incluye asas acolchadas y una correa ajustable para transportar c\u00f3modamente la bolsa en el hombro o en la mano, adapt\u00e1ndose a tus necesidades. Adem\u00e1s, el estilo moderno y elegante de nuestra bolsa gimnasio se adapta tanto a hombres como a mujeres, haciendo de ella un complemento imprescindible para deportistas y aficionados del fitness. Ya sea para ir al gimnasio, practicar deportes al aire libre o realizar actividades f\u00edsicas, esta bolsa gimnasio es tu aliada perfecta para mantener todo en su lugar y listo para usar. No comprometas la calidad ni la comodidad, elige nuestra bolsa gimnasio para llevar tu equipo con estilo y practicidad todos los d\u00edas.<\/p>\n<\/p><\/div>\n","protected":false},"excerpt":{"rendered":"<p>\ud83d\udfe5 \u00a1OFERTA ESPECIAL! \ud83d\udfe5 #Publicidad #Amazon # \ud83d\udd34 Bolsa Gimnasio \u2705 AHORA 7.19\u20ac \u20ac \u2714\ufe0f\ud83d\udfe1 \u274c Antes 17.40 \u20ac \ud83d\uded2: https:\/\/btz.es\/4TkIPFK Descubre la bolsa gimnasio perfecta para tus entrenamientos diarios. Nuestra bolsa gimnasio combina funcionalidad, estilo y durabilidad, ideal para llevar todo tu equipo deportivo con comodidad. Fabricada con materiales resistentes y de alta calidad, [&hellip;]<\/p>\n","protected":false},"featured_media":7007,"template":"","meta":{"_gspb_post_css":""},"store":[],"product_brand":[],"product_cat":[16],"product_tag":[],"class_list":{"0":"post-7008","1":"product","2":"type-product","3":"status-publish","4":"has-post-thumbnail","6":"product_cat-sin-categorizar","8":"first","9":"instock","10":"shipping-taxable","11":"product-type-external"},"jetpack_sharing_enabled":true,"_links":{"self":[{"href":"https:\/\/ofertacular.com\/index.php\/wp-json\/wp\/v2\/product\/7008","targetHints":{"allow":["GET"]}}],"collection":[{"href":"https:\/\/ofertacular.com\/index.php\/wp-json\/wp\/v2\/product"}],"about":[{"href":"https:\/\/ofertacular.com\/index.php\/wp-json\/wp\/v2\/types\/product"}],"wp:featuredmedia":[{"embeddable":true,"href":"https:\/\/ofertacular.com\/index.php\/wp-json\/wp\/v2\/media\/7007"}],"wp:attachment":[{"href":"https:\/\/ofertacular.com\/index.php\/wp-json\/wp\/v2\/media?parent=7008"}],"wp:term":[{"taxonomy":"store","embeddable":true,"href":"https:\/\/ofertacular.com\/index.php\/wp-json\/wp\/v2\/store?post=7008"},{"taxonomy":"product_brand","embeddable":true,"href":"https:\/\/ofertacular.com\/index.php\/wp-json\/wp\/v2\/product_brand?post=7008"},{"taxonomy":"product_cat","embeddable":true,"href":"https:\/\/ofertacular.com\/index.php\/wp-json\/wp\/v2\/product_cat?post=7008"},{"taxonomy":"product_tag","embeddable":true,"href":"https:\/\/ofertacular.com\/index.php\/wp-json\/wp\/v2\/product_tag?post=7008"}],"curies":[{"name":"wp","href":"https:\/\/api.w.org\/{rel}","templated":true}]}}