{"id":7010,"date":"2025-08-07T09:51:22","date_gmt":"2025-08-07T07:51:22","guid":{"rendered":"https:\/\/ofertacular.com\/index.php\/producto\/1005006851856601\/"},"modified":"2025-08-07T09:51:22","modified_gmt":"2025-08-07T07:51:22","slug":"1005006851856601","status":"publish","type":"product","link":"https:\/\/ofertacular.com\/index.php\/producto\/1005006851856601\/","title":{"rendered":"Mini Localizador"},"content":{"rendered":"<div class=\"oferta-container\">\n<p>\ud83d\udfe5 <b>DATE PRISA<\/b> \ud83d\udfe5 #Publicidad #Amazon #<\/p>\n<p>\ud83d\udd34 <b>Localizador GPS <\/b><\/p>\n<p>\u2705 <b>AHORA 1.89\u20ac \u20ac<\/b> \u2714\ufe0f\ud83d\udfe1<\/p>\n<p>\u274c Antes 6.73 \u20ac<\/p>\n<p>\ud83d\uded2: <a href=\"https:\/\/btz.es\/4TkJUmg\" target=\"_blank\" rel=\"nofollow noopener\">https:\/\/btz.es\/4TkJUmg<\/a><\/p>\n<p>Descubre el Mini Localizador GPS, el dispositivo esencial para mantener siempre controlados tus objetos m\u00e1s valiosos. Este peque\u00f1o pero potente localizador est\u00e1 dise\u00f1ado para ofrecer una precisi\u00f3n excepcional en la ubicaci\u00f3n de dispositivos, personas o mascotas. Ideal para quienes buscan seguridad y tranquilidad, el Mini Localizador GPS se adapta a cualquier necesidad gracias a su tama\u00f1o compacto y autonom\u00eda prolongada. Equipado con tecnolog\u00eda avanzada de posicionamiento por sat\u00e9lite y conectividad eficiente, permite hacer seguimiento en tiempo real a trav\u00e9s de una app intuitiva y f\u00e1cil de usar. Su dise\u00f1o discreto y resistente facilita su uso en diversas situaciones, desde el seguimiento de veh\u00edculos o ni\u00f1os hasta la prevenci\u00f3n de p\u00e9rdidas o robos. Adem\u00e1s, su compatibilidad con distintos sistemas operativos y la posibilidad de configurar alertas personalizadas convierten a este localizador en una herramienta vers\u00e1til y de alta calidad. Perfecto para usuarios que valoran la seguridad, la practicidad y la tecnolog\u00eda innovadora, el Mini Localizador GPS es un accesorio imprescindible en el mundo moderno. Optimiza la protecci\u00f3n de tus pertenencias y mejora tu tranquilidad con este dispositivo imprescindible, que combina funcionalidad y dise\u00f1o en un solo producto.<\/p>\n<\/p><\/div>\n","protected":false},"excerpt":{"rendered":"<p>\ud83d\udfe5 DATE PRISA \ud83d\udfe5 #Publicidad #Amazon # \ud83d\udd34 Localizador GPS \u2705 AHORA 1.89\u20ac \u20ac \u2714\ufe0f\ud83d\udfe1 \u274c Antes 6.73 \u20ac \ud83d\uded2: https:\/\/btz.es\/4TkJUmg Descubre el Mini Localizador GPS, el dispositivo esencial para mantener siempre controlados tus objetos m\u00e1s valiosos. Este peque\u00f1o pero potente localizador est\u00e1 dise\u00f1ado para ofrecer una precisi\u00f3n excepcional en la ubicaci\u00f3n de dispositivos, personas [&hellip;]<\/p>\n","protected":false},"featured_media":7009,"template":"","meta":{"_gspb_post_css":""},"store":[],"product_brand":[],"product_cat":[16],"product_tag":[],"class_list":{"0":"post-7010","1":"product","2":"type-product","3":"status-publish","4":"has-post-thumbnail","6":"product_cat-sin-categorizar","8":"first","9":"instock","10":"shipping-taxable","11":"product-type-external"},"jetpack_sharing_enabled":true,"_links":{"self":[{"href":"https:\/\/ofertacular.com\/index.php\/wp-json\/wp\/v2\/product\/7010","targetHints":{"allow":["GET"]}}],"collection":[{"href":"https:\/\/ofertacular.com\/index.php\/wp-json\/wp\/v2\/product"}],"about":[{"href":"https:\/\/ofertacular.com\/index.php\/wp-json\/wp\/v2\/types\/product"}],"wp:featuredmedia":[{"embeddable":true,"href":"https:\/\/ofertacular.com\/index.php\/wp-json\/wp\/v2\/media\/7009"}],"wp:attachment":[{"href":"https:\/\/ofertacular.com\/index.php\/wp-json\/wp\/v2\/media?parent=7010"}],"wp:term":[{"taxonomy":"store","embeddable":true,"href":"https:\/\/ofertacular.com\/index.php\/wp-json\/wp\/v2\/store?post=7010"},{"taxonomy":"product_brand","embeddable":true,"href":"https:\/\/ofertacular.com\/index.php\/wp-json\/wp\/v2\/product_brand?post=7010"},{"taxonomy":"product_cat","embeddable":true,"href":"https:\/\/ofertacular.com\/index.php\/wp-json\/wp\/v2\/product_cat?post=7010"},{"taxonomy":"product_tag","embeddable":true,"href":"https:\/\/ofertacular.com\/index.php\/wp-json\/wp\/v2\/product_tag?post=7010"}],"curies":[{"name":"wp","href":"https:\/\/api.w.org\/{rel}","templated":true}]}}