{"id":7016,"date":"2025-08-07T10:01:17","date_gmt":"2025-08-07T08:01:17","guid":{"rendered":"https:\/\/ofertacular.com\/index.php\/producto\/1005007353706199\/"},"modified":"2025-08-07T10:01:17","modified_gmt":"2025-08-07T08:01:17","slug":"1005007353706199","status":"publish","type":"product","link":"https:\/\/ofertacular.com\/index.php\/producto\/1005007353706199\/","title":{"rendered":"Multi USB Adapter"},"content":{"rendered":"<div class=\"oferta-container\">\n<p>\ud83d\udfe5 <b>\u00a1NO TE LA PIERDAS!<\/b> \ud83d\udfe5 #Publicidad #Amazon #<\/p>\n<p>\ud83d\udd34 <b>Adaptador USB <\/b><\/p>\n<p>\u2705 <b>AHORA 2.50\u20ac \u20ac<\/b> \u2714\ufe0f\ud83d\udfe1<\/p>\n<p>\u274c Antes 8.46 \u20ac<\/p>\n<p>\ud83d\uded2: <a href=\"https:\/\/btz.es\/4TkMyKR\" target=\"_blank\" rel=\"nofollow noopener\">https:\/\/btz.es\/4TkMyKR<\/a><\/p>\n<p>Descubre el Adaptador USB Multi, el accesorio imprescindible para conectar m\u00faltiples dispositivos a la vez sin complicaciones. Este adaptador vers\u00e1til es compatible con una amplia gama de gadgets, desde ordenadores y laptops hasta consolas y sistemas de audio, facilitando la transferencia de datos y la carga simult\u00e1nea. Fabricado con materiales de alta calidad, garantiza durabilidad y un rendimiento \u00f3ptimo. Su dise\u00f1o compacto y port\u00e1til permite llevarlo a cualquier parte, ideal para profesionales, estudiantes y amantes de la tecnolog\u00eda que buscan eficiencia y comodidad en un solo dispositivo. Adem\u00e1s, su instalaci\u00f3n es muy sencilla, sin necesidad de software adicional, lo que lo convierte en la soluci\u00f3n perfecta para ampliar tus capacidades USB sin esfuerzo. Incorpora puertos r\u00e1pidos y seguros que protegen tus dispositivos contra sobrecargas y cortocircuitos, asegurando una experiencia fiable y estable. Aprovecha la mejor tecnolog\u00eda en adaptadores USB y optimiza tu espacio de trabajo o entretenimiento con este potente accesorio. No pierdas la oportunidad de mejorar tu conectividad y productividad con el Adaptador USB Multi, el complemento que transformar\u00e1 la manera en que interact\u00faas con tus dispositivos digitales.<\/p>\n<\/p><\/div>\n","protected":false},"excerpt":{"rendered":"<p>\ud83d\udfe5 \u00a1NO TE LA PIERDAS! \ud83d\udfe5 #Publicidad #Amazon # \ud83d\udd34 Adaptador USB \u2705 AHORA 2.50\u20ac \u20ac \u2714\ufe0f\ud83d\udfe1 \u274c Antes 8.46 \u20ac \ud83d\uded2: https:\/\/btz.es\/4TkMyKR Descubre el Adaptador USB Multi, el accesorio imprescindible para conectar m\u00faltiples dispositivos a la vez sin complicaciones. Este adaptador vers\u00e1til es compatible con una amplia gama de gadgets, desde ordenadores y laptops [&hellip;]<\/p>\n","protected":false},"featured_media":7015,"template":"","meta":{"_gspb_post_css":""},"store":[],"product_brand":[],"product_cat":[16],"product_tag":[],"class_list":{"0":"post-7016","1":"product","2":"type-product","3":"status-publish","4":"has-post-thumbnail","6":"product_cat-sin-categorizar","8":"first","9":"instock","10":"shipping-taxable","11":"product-type-external"},"jetpack_sharing_enabled":true,"_links":{"self":[{"href":"https:\/\/ofertacular.com\/index.php\/wp-json\/wp\/v2\/product\/7016","targetHints":{"allow":["GET"]}}],"collection":[{"href":"https:\/\/ofertacular.com\/index.php\/wp-json\/wp\/v2\/product"}],"about":[{"href":"https:\/\/ofertacular.com\/index.php\/wp-json\/wp\/v2\/types\/product"}],"wp:featuredmedia":[{"embeddable":true,"href":"https:\/\/ofertacular.com\/index.php\/wp-json\/wp\/v2\/media\/7015"}],"wp:attachment":[{"href":"https:\/\/ofertacular.com\/index.php\/wp-json\/wp\/v2\/media?parent=7016"}],"wp:term":[{"taxonomy":"store","embeddable":true,"href":"https:\/\/ofertacular.com\/index.php\/wp-json\/wp\/v2\/store?post=7016"},{"taxonomy":"product_brand","embeddable":true,"href":"https:\/\/ofertacular.com\/index.php\/wp-json\/wp\/v2\/product_brand?post=7016"},{"taxonomy":"product_cat","embeddable":true,"href":"https:\/\/ofertacular.com\/index.php\/wp-json\/wp\/v2\/product_cat?post=7016"},{"taxonomy":"product_tag","embeddable":true,"href":"https:\/\/ofertacular.com\/index.php\/wp-json\/wp\/v2\/product_tag?post=7016"}],"curies":[{"name":"wp","href":"https:\/\/api.w.org\/{rel}","templated":true}]}}