{"id":7018,"date":"2025-08-08T07:31:52","date_gmt":"2025-08-08T05:31:52","guid":{"rendered":"https:\/\/ofertacular.com\/index.php\/producto\/amazon-basics-filamento\/"},"modified":"2025-08-08T07:31:52","modified_gmt":"2025-08-08T05:31:52","slug":"amazon-basics-filamento","status":"publish","type":"product","link":"https:\/\/ofertacular.com\/index.php\/producto\/amazon-basics-filamento\/","title":{"rendered":"Amazon Basics Filamento"},"content":{"rendered":"<div class=\"oferta-container\">\n<p>\ud83d\udfe5 <b>DESCUENTAZO<\/b> \ud83d\udfe5 #Publicidad #Amazon #16<\/p>\n<p>\ud83d\udd34 <b>Filamento 3D <\/b><\/p>\n<p>\u2705 <b>AHORA 12.91 \u20ac<\/b> \u2714\ufe0f\ud83d\udfe1<\/p>\n<p>\u274c Antes 15.19 \u20ac<\/p>\n<p>\ud83d\uded2: <a href=\"https:\/\/btz.es\/4TqbtzW\" target=\"_blank\" rel=\"nofollow noopener\">https:\/\/btz.es\/4TqbtzW<\/a><\/p>\n<p>Descubre el filamento para impresoras 3D de Amazon Basics, una opci\u00f3n confiable y econ\u00f3mica para todas tus necesidades de impresi\u00f3n en 3D. Este filamento est\u00e1 dise\u00f1ado para ofrecer una impresi\u00f3n suave, uniforme y de alta calidad, ideal tanto para principiantes como para profesionales del modelado 3D. Fabricado con materias primas de excelente calidad, el filamento Amazon Basics garantiza una adhesi\u00f3n \u00f3ptima a la cama de impresi\u00f3n, minimizando el warping y otros problemas comunes en la impresi\u00f3n 3D.<\/p>\n<p>El producto est\u00e1 disponible en varios colores y tipos, como PLA y ABS, para adaptarse a diferentes aplicaciones y preferencias. El filamento se presenta en bobinas est\u00e1ndar que aseguran un suministro constante y f\u00e1cil de almacenar. Con un di\u00e1metro consistente, tu impresora 3D funcionar\u00e1 sin interrupciones, proporcionando piezas con detalles precisos y acabados lisos.<\/p>\n<p>Adem\u00e1s, el filamento de Amazon Basics es compatible con la mayor\u00eda de las impresoras 3D del mercado. Gracias a sus propiedades, reduce la posibilidad de atascos y promueve una extrusi\u00f3n constante, lo que se traduce en proyectos terminados con \u00e9xito y tiempos de producci\u00f3n optimizados.<\/p>\n<p>Con un equilibrio perfecto entre calidad y precio, este filamento es ideal para aficionados, estudiantes y profesionales que buscan resultados fiables sin gastar de m\u00e1s. No importa si quieres crear prototipos, figuras decorativas o componentes funcionales; el filamento 3D Amazon Basics es la elecci\u00f3n adecuada para obtener piezas resistentes y con un acabado profesional.<\/p>\n<p>Para obtener los mejores resultados, recomendamos ajustar la temperatura de extrusi\u00f3n y la cama seg\u00fan el tipo de filamento y el modelo de impresora. As\u00ed podr\u00e1s maximizar la adherencia y los detalles de cada impresi\u00f3n.<\/p>\n<p>En resumen, el filamento Amazon Basics es una soluci\u00f3n eficiente, econ\u00f3mica y vers\u00e1til para todas tus necesidades de impresi\u00f3n 3D. A\u00f1\u00e1delo a tu carrito y lleva tus proyectos al siguiente nivel con un material confiable y de alta calidad.<\/p>\n<\/p><\/div>\n","protected":false},"excerpt":{"rendered":"<p>\ud83d\udfe5 DESCUENTAZO \ud83d\udfe5 #Publicidad #Amazon #16 \ud83d\udd34 Filamento 3D \u2705 AHORA 12.91 \u20ac \u2714\ufe0f\ud83d\udfe1 \u274c Antes 15.19 \u20ac \ud83d\uded2: https:\/\/btz.es\/4TqbtzW Descubre el filamento para impresoras 3D de Amazon Basics, una opci\u00f3n confiable y econ\u00f3mica para todas tus necesidades de impresi\u00f3n en 3D. Este filamento est\u00e1 dise\u00f1ado para ofrecer una impresi\u00f3n suave, uniforme y de alta [&hellip;]<\/p>\n","protected":false},"featured_media":7017,"template":"","meta":{"_gspb_post_css":""},"store":[],"product_brand":[],"product_cat":[16],"product_tag":[],"class_list":{"0":"post-7018","1":"product","2":"type-product","3":"status-publish","4":"has-post-thumbnail","6":"product_cat-sin-categorizar","8":"first","9":"instock","10":"sale","11":"shipping-taxable","12":"product-type-external"},"jetpack_sharing_enabled":true,"_links":{"self":[{"href":"https:\/\/ofertacular.com\/index.php\/wp-json\/wp\/v2\/product\/7018","targetHints":{"allow":["GET"]}}],"collection":[{"href":"https:\/\/ofertacular.com\/index.php\/wp-json\/wp\/v2\/product"}],"about":[{"href":"https:\/\/ofertacular.com\/index.php\/wp-json\/wp\/v2\/types\/product"}],"wp:featuredmedia":[{"embeddable":true,"href":"https:\/\/ofertacular.com\/index.php\/wp-json\/wp\/v2\/media\/7017"}],"wp:attachment":[{"href":"https:\/\/ofertacular.com\/index.php\/wp-json\/wp\/v2\/media?parent=7018"}],"wp:term":[{"taxonomy":"store","embeddable":true,"href":"https:\/\/ofertacular.com\/index.php\/wp-json\/wp\/v2\/store?post=7018"},{"taxonomy":"product_brand","embeddable":true,"href":"https:\/\/ofertacular.com\/index.php\/wp-json\/wp\/v2\/product_brand?post=7018"},{"taxonomy":"product_cat","embeddable":true,"href":"https:\/\/ofertacular.com\/index.php\/wp-json\/wp\/v2\/product_cat?post=7018"},{"taxonomy":"product_tag","embeddable":true,"href":"https:\/\/ofertacular.com\/index.php\/wp-json\/wp\/v2\/product_tag?post=7018"}],"curies":[{"name":"wp","href":"https:\/\/api.w.org\/{rel}","templated":true}]}}