{"id":7020,"date":"2025-08-08T07:34:36","date_gmt":"2025-08-08T05:34:36","guid":{"rendered":"https:\/\/ofertacular.com\/index.php\/producto\/1005009120303249\/"},"modified":"2025-08-08T07:34:36","modified_gmt":"2025-08-08T05:34:36","slug":"1005009120303249","status":"publish","type":"product","link":"https:\/\/ofertacular.com\/index.php\/producto\/1005009120303249\/","title":{"rendered":"Grifo Telesc\u00f3pico"},"content":{"rendered":"<div class=\"oferta-container\">\n<p>\ud83d\udfe5 <b>\u00a1DESCUENTO \u00daNICO!<\/b> \ud83d\udfe5 #Publicidad #Amazon #<\/p>\n<p>\ud83d\udd34 <b>Grifo Telesc\u00f3pico <\/b><\/p>\n<p>\u2705 <b>AHORA 10.76\u20ac \u20ac<\/b> \u2714\ufe0f\ud83d\udfe1<\/p>\n<p>\u274c Antes 29.87 \u20ac<\/p>\n<p>\ud83d\uded2: <a href=\"https:\/\/btz.es\/4TqbZL0\" target=\"_blank\" rel=\"nofollow noopener\">https:\/\/btz.es\/4TqbZL0<\/a><\/p>\n<p>Descubre la versatilidad y funcionalidad del Grifo Telesc\u00f3pico, una soluci\u00f3n ideal para cocinas modernas que buscan combinar dise\u00f1o y practicidad. Este grifo cuenta con un brazo extensible que permite un mayor alcance y flexibilidad, facilitando el lavado de platos y la limpieza del fregadero. Su dise\u00f1o ergon\u00f3mico y acabado de alta calidad aseguran durabilidad y un toque elegante a cualquier espacio culinario. Ideal para quienes valoran la comodidad y el estilo, el Grifo Telesc\u00f3pico ofrece adem\u00e1s un ahorro de agua eficiente gracias a su mecanismo de cierre suave y control de flujo. F\u00e1cil de instalar y mantener, este grifo es compatible con la mayor\u00eda de fregaderos est\u00e1ndar y se adapta perfectamente a diferentes estilos de decoraci\u00f3n. Potencia tu cocina con este innovador grifo que garantiza rendimiento y est\u00e9tica en un solo producto.<\/p>\n<\/p><\/div>\n","protected":false},"excerpt":{"rendered":"<p>\ud83d\udfe5 \u00a1DESCUENTO \u00daNICO! \ud83d\udfe5 #Publicidad #Amazon # \ud83d\udd34 Grifo Telesc\u00f3pico \u2705 AHORA 10.76\u20ac \u20ac \u2714\ufe0f\ud83d\udfe1 \u274c Antes 29.87 \u20ac \ud83d\uded2: https:\/\/btz.es\/4TqbZL0 Descubre la versatilidad y funcionalidad del Grifo Telesc\u00f3pico, una soluci\u00f3n ideal para cocinas modernas que buscan combinar dise\u00f1o y practicidad. Este grifo cuenta con un brazo extensible que permite un mayor alcance y flexibilidad, [&hellip;]<\/p>\n","protected":false},"featured_media":7019,"template":"","meta":{"_gspb_post_css":""},"store":[],"product_brand":[],"product_cat":[16],"product_tag":[],"class_list":{"0":"post-7020","1":"product","2":"type-product","3":"status-publish","4":"has-post-thumbnail","6":"product_cat-sin-categorizar","8":"first","9":"instock","10":"shipping-taxable","11":"product-type-external"},"jetpack_sharing_enabled":true,"_links":{"self":[{"href":"https:\/\/ofertacular.com\/index.php\/wp-json\/wp\/v2\/product\/7020","targetHints":{"allow":["GET"]}}],"collection":[{"href":"https:\/\/ofertacular.com\/index.php\/wp-json\/wp\/v2\/product"}],"about":[{"href":"https:\/\/ofertacular.com\/index.php\/wp-json\/wp\/v2\/types\/product"}],"wp:featuredmedia":[{"embeddable":true,"href":"https:\/\/ofertacular.com\/index.php\/wp-json\/wp\/v2\/media\/7019"}],"wp:attachment":[{"href":"https:\/\/ofertacular.com\/index.php\/wp-json\/wp\/v2\/media?parent=7020"}],"wp:term":[{"taxonomy":"store","embeddable":true,"href":"https:\/\/ofertacular.com\/index.php\/wp-json\/wp\/v2\/store?post=7020"},{"taxonomy":"product_brand","embeddable":true,"href":"https:\/\/ofertacular.com\/index.php\/wp-json\/wp\/v2\/product_brand?post=7020"},{"taxonomy":"product_cat","embeddable":true,"href":"https:\/\/ofertacular.com\/index.php\/wp-json\/wp\/v2\/product_cat?post=7020"},{"taxonomy":"product_tag","embeddable":true,"href":"https:\/\/ofertacular.com\/index.php\/wp-json\/wp\/v2\/product_tag?post=7020"}],"curies":[{"name":"wp","href":"https:\/\/api.w.org\/{rel}","templated":true}]}}