{"id":7029,"date":"2025-08-08T07:51:29","date_gmt":"2025-08-08T05:51:29","guid":{"rendered":"https:\/\/ofertacular.com\/index.php\/producto\/lego-camaro\/"},"modified":"2025-08-08T07:51:29","modified_gmt":"2025-08-08T05:51:29","slug":"lego-camaro","status":"publish","type":"product","link":"https:\/\/ofertacular.com\/index.php\/producto\/lego-camaro\/","title":{"rendered":"LEGO Camaro"},"content":{"rendered":"<div class=\"oferta-container\">\n<p>\ud83d\udfe5 <b>\u00a1GANGAZO!<\/b> \ud83d\udfe5 #Publicidad #Amazon #16<\/p>\n<p>\ud83d\udd34 <b>Camaro LEGO <\/b><\/p>\n<p>\u2705 <b>AHORA 18.84 \u20ac<\/b> \u2714\ufe0f\ud83d\udfe1<\/p>\n<p>\u274c Antes 26.99 \u20ac<\/p>\n<p>\ud83d\uded2: <a href=\"https:\/\/btz.es\/4TqgpJM\" target=\"_blank\" rel=\"nofollow noopener\">https:\/\/btz.es\/4TqgpJM<\/a><\/p>\n<p>Descubre la combinaci\u00f3n perfecta entre diversi\u00f3n y precisi\u00f3n con el LEGO Camaro, un set dise\u00f1ado para entusiastas de los autom\u00f3viles y fans de LEGO por igual. Este modelo detallado captura la esencia del ic\u00f3nico Chevrolet Camaro, permiti\u00e9ndote construir una r\u00e9plica fiel que destaca tanto en est\u00e9tica como en funcionalidad.<\/p>\n<p>El LEGO Camaro es ideal para amantes del motor, coleccionistas y constructores de todas las edades que buscan un desaf\u00edo entretenido que una creatividad y t\u00e9cnica. Cada pieza ha sido cuidadosamente dise\u00f1ada para ensamblarse y ofrecer un resultado final robusto, con detalles realistas que van desde la estructura del motor hasta el dise\u00f1o exterior con luces y l\u00edneas aerodin\u00e1micas.<\/p>\n<p>Este set no solo es un pasatiempo, sino tambi\u00e9n una pieza de exhibici\u00f3n que a\u00f1ade valor a cualquier colecci\u00f3n. Su construcci\u00f3n fomenta habilidades importantes como la concentraci\u00f3n, la coordinaci\u00f3n mano-ojo y el pensamiento espacial. Adem\u00e1s, es una excelente actividad para compartir en familia, promoviendo momentos de uni\u00f3n y aprendizaje.<\/p>\n<p>Perfecto para regalos, el LEGO Camaro viene con instrucciones claras que facilitan la construcci\u00f3n paso a paso, adecuado tanto para principiantes como para constructores m\u00e1s experimentados. Su tama\u00f1o compacto permite exhibirlo f\u00e1cilmente en escritorios, estanter\u00edas o vitrinas, siendo un elemento decorativo que impresionar\u00e1 a cualquier visitante.<\/p>\n<p>No esperes m\u00e1s para disfrutar de la emoci\u00f3n de construir tu propio Camaro con LEGO. Este set es una invitaci\u00f3n a explorar tu pasi\u00f3n por el dise\u00f1o automotriz y la creatividad, convirtiendo horas de montaje en una experiencia gratificante y revitalizante. Aprovecha esta oportunidad para tener en tus manos un modelo exclusivo que combina autenticidad y estilo, disponible ahora a un precio especial.<\/p>\n<\/p><\/div>\n","protected":false},"excerpt":{"rendered":"<p>\ud83d\udfe5 \u00a1GANGAZO! \ud83d\udfe5 #Publicidad #Amazon #16 \ud83d\udd34 Camaro LEGO \u2705 AHORA 18.84 \u20ac \u2714\ufe0f\ud83d\udfe1 \u274c Antes 26.99 \u20ac \ud83d\uded2: https:\/\/btz.es\/4TqgpJM Descubre la combinaci\u00f3n perfecta entre diversi\u00f3n y precisi\u00f3n con el LEGO Camaro, un set dise\u00f1ado para entusiastas de los autom\u00f3viles y fans de LEGO por igual. Este modelo detallado captura la esencia del ic\u00f3nico Chevrolet [&hellip;]<\/p>\n","protected":false},"featured_media":7028,"template":"","meta":{"_gspb_post_css":""},"store":[],"product_brand":[],"product_cat":[16],"product_tag":[],"class_list":{"0":"post-7029","1":"product","2":"type-product","3":"status-publish","4":"has-post-thumbnail","6":"product_cat-sin-categorizar","8":"first","9":"instock","10":"sale","11":"shipping-taxable","12":"product-type-external"},"jetpack_sharing_enabled":true,"_links":{"self":[{"href":"https:\/\/ofertacular.com\/index.php\/wp-json\/wp\/v2\/product\/7029","targetHints":{"allow":["GET"]}}],"collection":[{"href":"https:\/\/ofertacular.com\/index.php\/wp-json\/wp\/v2\/product"}],"about":[{"href":"https:\/\/ofertacular.com\/index.php\/wp-json\/wp\/v2\/types\/product"}],"wp:featuredmedia":[{"embeddable":true,"href":"https:\/\/ofertacular.com\/index.php\/wp-json\/wp\/v2\/media\/7028"}],"wp:attachment":[{"href":"https:\/\/ofertacular.com\/index.php\/wp-json\/wp\/v2\/media?parent=7029"}],"wp:term":[{"taxonomy":"store","embeddable":true,"href":"https:\/\/ofertacular.com\/index.php\/wp-json\/wp\/v2\/store?post=7029"},{"taxonomy":"product_brand","embeddable":true,"href":"https:\/\/ofertacular.com\/index.php\/wp-json\/wp\/v2\/product_brand?post=7029"},{"taxonomy":"product_cat","embeddable":true,"href":"https:\/\/ofertacular.com\/index.php\/wp-json\/wp\/v2\/product_cat?post=7029"},{"taxonomy":"product_tag","embeddable":true,"href":"https:\/\/ofertacular.com\/index.php\/wp-json\/wp\/v2\/product_tag?post=7029"}],"curies":[{"name":"wp","href":"https:\/\/api.w.org\/{rel}","templated":true}]}}