{"id":7033,"date":"2025-08-08T08:01:38","date_gmt":"2025-08-08T06:01:38","guid":{"rendered":"https:\/\/ofertacular.com\/index.php\/producto\/stanley-toolbox\/"},"modified":"2025-08-08T08:01:38","modified_gmt":"2025-08-08T06:01:38","slug":"stanley-toolbox","status":"publish","type":"product","link":"https:\/\/ofertacular.com\/index.php\/producto\/stanley-toolbox\/","title":{"rendered":"STANLEY Toolbox"},"content":{"rendered":"<div class=\"oferta-container\">\n<p>\ud83d\udfe5 <b>\u00a1APROVECHA!<\/b> \ud83d\udfe5 #Publicidad #Amazon #16<\/p>\n<p>\ud83d\udd34 <b>Caja Herramientas <\/b><\/p>\n<p>\u2705 <b>AHORA 8.45 \u20ac<\/b> \u2714\ufe0f\ud83d\udfe1<\/p>\n<p>\u274c Antes 9.99 \u20ac<\/p>\n<p>\ud83d\uded2: <a href=\"https:\/\/btz.es\/4TqiOl6\" target=\"_blank\" rel=\"nofollow noopener\">https:\/\/btz.es\/4TqiOl6<\/a><\/p>\n<p>La Caja de Herramientas STANLEY es la elecci\u00f3n perfecta para profesionales y aficionados que buscan durabilidad y funcionalidad en un solo producto. Fabricada con materiales de alta calidad que garantizan resistencia al desgaste y una larga vida \u00fatil, esta caja permite organizar y transportar herramientas de manera eficiente y segura. Gracias a su dise\u00f1o ergon\u00f3mico y pr\u00e1ctico, cuenta con compartimentos ajustables que facilitan almacenar desde destornilladores y martillos hasta llaves y cintas m\u00e9tricas. Adem\u00e1s, su cierre robusto asegura que ning\u00fan elemento se pierda durante el traslado.<\/p>\n<p>Entre las caracter\u00edsticas destacadas de esta caja de herramientas STANLEY est\u00e1 su ligereza, lo que la hace f\u00e1cil de manejar incluso en espacios reducidos o en trabajos que requieren movilidad constante. Es ideal para arquitectos, mec\u00e1nicos, electricistas y cualquier usuario que necesite una soluci\u00f3n confiable para mantener su equipo en orden.<\/p>\n<p>Esta caja de herramientas tambi\u00e9n es resistente al agua y a impactos, lo que la convierte en una opci\u00f3n excelente para condiciones adversas de trabajo, como talleres, obras o trabajos al aire libre. Su dise\u00f1o moderno combina funcionalidad con est\u00e9tica, aportando un toque profesional a sus espacios de trabajo.<\/p>\n<p>Invertir en esta caja de herramientas STANLEY es garantizar eficiencia, organizaci\u00f3n y accesibilidad para todas sus tareas. Adem\u00e1s, su f\u00e1cil limpieza y mantenimiento la hacen una opci\u00f3n pr\u00e1ctica a largo plazo. No espere m\u00e1s para mejorar su experiencia de trabajo con un producto tan completo y fiable.<\/p>\n<\/p><\/div>\n","protected":false},"excerpt":{"rendered":"<p>\ud83d\udfe5 \u00a1APROVECHA! \ud83d\udfe5 #Publicidad #Amazon #16 \ud83d\udd34 Caja Herramientas \u2705 AHORA 8.45 \u20ac \u2714\ufe0f\ud83d\udfe1 \u274c Antes 9.99 \u20ac \ud83d\uded2: https:\/\/btz.es\/4TqiOl6 La Caja de Herramientas STANLEY es la elecci\u00f3n perfecta para profesionales y aficionados que buscan durabilidad y funcionalidad en un solo producto. Fabricada con materiales de alta calidad que garantizan resistencia al desgaste y una [&hellip;]<\/p>\n","protected":false},"featured_media":7032,"template":"","meta":{"_gspb_post_css":""},"store":[],"product_brand":[],"product_cat":[16],"product_tag":[],"class_list":{"0":"post-7033","1":"product","2":"type-product","3":"status-publish","4":"has-post-thumbnail","6":"product_cat-sin-categorizar","8":"first","9":"instock","10":"sale","11":"shipping-taxable","12":"product-type-external"},"jetpack_sharing_enabled":true,"_links":{"self":[{"href":"https:\/\/ofertacular.com\/index.php\/wp-json\/wp\/v2\/product\/7033","targetHints":{"allow":["GET"]}}],"collection":[{"href":"https:\/\/ofertacular.com\/index.php\/wp-json\/wp\/v2\/product"}],"about":[{"href":"https:\/\/ofertacular.com\/index.php\/wp-json\/wp\/v2\/types\/product"}],"wp:featuredmedia":[{"embeddable":true,"href":"https:\/\/ofertacular.com\/index.php\/wp-json\/wp\/v2\/media\/7032"}],"wp:attachment":[{"href":"https:\/\/ofertacular.com\/index.php\/wp-json\/wp\/v2\/media?parent=7033"}],"wp:term":[{"taxonomy":"store","embeddable":true,"href":"https:\/\/ofertacular.com\/index.php\/wp-json\/wp\/v2\/store?post=7033"},{"taxonomy":"product_brand","embeddable":true,"href":"https:\/\/ofertacular.com\/index.php\/wp-json\/wp\/v2\/product_brand?post=7033"},{"taxonomy":"product_cat","embeddable":true,"href":"https:\/\/ofertacular.com\/index.php\/wp-json\/wp\/v2\/product_cat?post=7033"},{"taxonomy":"product_tag","embeddable":true,"href":"https:\/\/ofertacular.com\/index.php\/wp-json\/wp\/v2\/product_tag?post=7033"}],"curies":[{"name":"wp","href":"https:\/\/api.w.org\/{rel}","templated":true}]}}