{"id":7055,"date":"2025-08-09T08:33:53","date_gmt":"2025-08-09T06:33:53","guid":{"rendered":"https:\/\/ofertacular.com\/index.php\/producto\/1005007583885584\/"},"modified":"2025-08-09T08:33:53","modified_gmt":"2025-08-09T06:33:53","slug":"1005007583885584","status":"publish","type":"product","link":"https:\/\/ofertacular.com\/index.php\/producto\/1005007583885584\/","title":{"rendered":"Mimos\u00edn Suavizante"},"content":{"rendered":"<div class=\"oferta-container\">\n<p>\ud83d\udfe5 <b>DESCUENTAZO<\/b> \ud83d\udfe5 #Publicidad #Amazon #<\/p>\n<p>\ud83d\udd34 <b>Suavizante Mimos\u00edn Mimos\u00edn Fresh<\/b><\/p>\n<p>\u2705 <b>AHORA 17.44 \u20ac<\/b> \u2714\ufe0f\ud83d\udfe1<\/p>\n<p>\u274c Antes 29.50 \u20ac<\/p>\n<p>\ud83c\udf9f Cup\u00f3n MAES03<\/p>\n<p>\ud83d\uded2: <a href=\"https:\/\/btz.es\/4Twh1Hd\" target=\"_blank\" rel=\"nofollow noopener\">https:\/\/btz.es\/4Twh1Hd<\/a><\/p>\n<p>Mimos\u00edn Suavizante Concentrado con Fragancia Fresh es el aliado perfecto para mantener tus prendas suaves y con un aroma fresco que perdura. Este suavizante no solo mejora la textura de la ropa, sino que aporta un toque de frescura que transforma cada lavado en una experiencia sensorial \u00fanica. Dise\u00f1ado para todo tipo de tejidos, su f\u00f3rmula concentrada significa que puedes usar menos producto, obteniendo resultados excepcionales. El aroma Fresh deja una estela de frescura que envuelve tu ropa, mientras que su poder suavizante se asegura de que incluso las prendas m\u00e1s \u00e1speras se sientan suaves y agradables al tacto. Ideal para familias que buscan el equilibrio entre calidad y cuidado de sus tejidos, Mimos\u00edn Suavizante es tambi\u00e9n una opci\u00f3n econ\u00f3mica, ya que dura m\u00e1s tiempo gracias a su formulaci\u00f3n concentrada. Con cada uso, estar\u00e1s cuidando tus prendas y al mismo tiempo creando un ambiente agradable y acogedor en tu hogar. Perfecto para s\u00e1banas, toallas y ropa de uso diario, Mimos\u00edn Fresh se convierte en un imprescindible en tu rutina de lavander\u00eda. \u00a1Transforma tus lavados en momentos de pura frescura con Mimos\u00edn!<\/p>\n<\/p><\/div>\n","protected":false},"excerpt":{"rendered":"<p>\ud83d\udfe5 DESCUENTAZO \ud83d\udfe5 #Publicidad #Amazon # \ud83d\udd34 Suavizante Mimos\u00edn Mimos\u00edn Fresh \u2705 AHORA 17.44 \u20ac \u2714\ufe0f\ud83d\udfe1 \u274c Antes 29.50 \u20ac \ud83c\udf9f Cup\u00f3n MAES03 \ud83d\uded2: https:\/\/btz.es\/4Twh1Hd Mimos\u00edn Suavizante Concentrado con Fragancia Fresh es el aliado perfecto para mantener tus prendas suaves y con un aroma fresco que perdura. Este suavizante no solo mejora la textura de [&hellip;]<\/p>\n","protected":false},"featured_media":7054,"template":"","meta":{"_gspb_post_css":""},"store":[],"product_brand":[],"product_cat":[16],"product_tag":[],"class_list":{"0":"post-7055","1":"product","2":"type-product","3":"status-publish","4":"has-post-thumbnail","6":"product_cat-sin-categorizar","8":"first","9":"instock","10":"sale","11":"shipping-taxable","12":"product-type-external"},"jetpack_sharing_enabled":true,"_links":{"self":[{"href":"https:\/\/ofertacular.com\/index.php\/wp-json\/wp\/v2\/product\/7055","targetHints":{"allow":["GET"]}}],"collection":[{"href":"https:\/\/ofertacular.com\/index.php\/wp-json\/wp\/v2\/product"}],"about":[{"href":"https:\/\/ofertacular.com\/index.php\/wp-json\/wp\/v2\/types\/product"}],"wp:featuredmedia":[{"embeddable":true,"href":"https:\/\/ofertacular.com\/index.php\/wp-json\/wp\/v2\/media\/7054"}],"wp:attachment":[{"href":"https:\/\/ofertacular.com\/index.php\/wp-json\/wp\/v2\/media?parent=7055"}],"wp:term":[{"taxonomy":"store","embeddable":true,"href":"https:\/\/ofertacular.com\/index.php\/wp-json\/wp\/v2\/store?post=7055"},{"taxonomy":"product_brand","embeddable":true,"href":"https:\/\/ofertacular.com\/index.php\/wp-json\/wp\/v2\/product_brand?post=7055"},{"taxonomy":"product_cat","embeddable":true,"href":"https:\/\/ofertacular.com\/index.php\/wp-json\/wp\/v2\/product_cat?post=7055"},{"taxonomy":"product_tag","embeddable":true,"href":"https:\/\/ofertacular.com\/index.php\/wp-json\/wp\/v2\/product_tag?post=7055"}],"curies":[{"name":"wp","href":"https:\/\/api.w.org\/{rel}","templated":true}]}}