{"id":7057,"date":"2025-08-09T08:41:50","date_gmt":"2025-08-09T06:41:50","guid":{"rendered":"https:\/\/ofertacular.com\/index.php\/producto\/xiaomi-tv-5\/"},"modified":"2025-08-09T08:41:50","modified_gmt":"2025-08-09T06:41:50","slug":"xiaomi-tv-5","status":"publish","type":"product","link":"https:\/\/ofertacular.com\/index.php\/producto\/xiaomi-tv-5\/","title":{"rendered":"XIAOMI TV"},"content":{"rendered":"<div class=\"oferta-container\">\n<p>\ud83d\udfe5 <b>\u00a1OFERTA ESPECIAL!<\/b> \ud83d\udfe5 #Publicidad #Amazon #16<\/p>\n<p>\ud83d\udd34 <b>Smart TV <\/b><\/p>\n<p>\u2705 <b>AHORA 149 \u20ac<\/b> \u2714\ufe0f\ud83d\udfe1<\/p>\n<p>\u274c Antes 179.00 \u20ac<\/p>\n<p>\ud83d\uded2: <a href=\"https:\/\/btz.es\/4Twj2be\" target=\"_blank\" rel=\"nofollow noopener\">https:\/\/btz.es\/4Twj2be<\/a><\/p>\n<p>La Smart TV de Xiaomi ofrece una experiencia visual excepcional combinando tecnolog\u00eda avanzada y un dise\u00f1o elegante. Esta televisi\u00f3n inteligente est\u00e1 equipada con una pantalla de alta resoluci\u00f3n que garantiza im\u00e1genes n\u00edtidas y colores vibrantes, perfecta para disfrutar de tu contenido favorito en alta definici\u00f3n. Adem\u00e1s, el sistema operativo intuitivo permite un acceso r\u00e1pido a una amplia variedad de aplicaciones de streaming, juegos y servicios multimedia, haciendo que tu entretenimiento sea m\u00e1s accesible y divertido.<\/p>\n<p>Conectividad completa y versatilidad son elementos clave en esta Smart TV Xiaomi, ya que incluye m\u00faltiples puertos HDMI y USB para conectar dispositivos externos, as\u00ed como soporte para Wi-Fi y Bluetooth para una integraci\u00f3n sencilla con otros aparatos inteligentes del hogar. Su compatibilidad con asistentes de voz populares facilita el control mediante comandos, mejorando la experiencia de usuario.<\/p>\n<p>El dise\u00f1o moderno y minimalista de la televisi\u00f3n Xiaomi se adapta a cualquier espacio, optimizando la experiencia audiovisual sin recargar el ambiente. Adem\u00e1s, cuenta con tecnolog\u00edas para reducir el consumo energ\u00e9tico, promoviendo un uso responsable y sostenible. Este producto es ideal para quienes buscan calidad, innovaci\u00f3n y confort en un solo dispositivo.<\/p>\n<p>Palabras clave importantes para SEO incluyen Smart TV Xiaomi, televisi\u00f3n inteligente, TV 4K Xiaomi, conectividad HDMI TV, control por voz TV, entretenimiento en casa, televisor inteligente, pantalla UHD Xiaomi, tecnolog\u00eda avanzada TV, y dise\u00f1o elegante televisi\u00f3n.<\/p>\n<\/p><\/div>\n","protected":false},"excerpt":{"rendered":"<p>\ud83d\udfe5 \u00a1OFERTA ESPECIAL! \ud83d\udfe5 #Publicidad #Amazon #16 \ud83d\udd34 Smart TV \u2705 AHORA 149 \u20ac \u2714\ufe0f\ud83d\udfe1 \u274c Antes 179.00 \u20ac \ud83d\uded2: https:\/\/btz.es\/4Twj2be La Smart TV de Xiaomi ofrece una experiencia visual excepcional combinando tecnolog\u00eda avanzada y un dise\u00f1o elegante. Esta televisi\u00f3n inteligente est\u00e1 equipada con una pantalla de alta resoluci\u00f3n que garantiza im\u00e1genes n\u00edtidas y colores [&hellip;]<\/p>\n","protected":false},"featured_media":7056,"template":"","meta":{"_gspb_post_css":""},"store":[],"product_brand":[],"product_cat":[16],"product_tag":[],"class_list":{"0":"post-7057","1":"product","2":"type-product","3":"status-publish","4":"has-post-thumbnail","6":"product_cat-sin-categorizar","8":"first","9":"instock","10":"sale","11":"shipping-taxable","12":"product-type-external"},"jetpack_sharing_enabled":true,"_links":{"self":[{"href":"https:\/\/ofertacular.com\/index.php\/wp-json\/wp\/v2\/product\/7057","targetHints":{"allow":["GET"]}}],"collection":[{"href":"https:\/\/ofertacular.com\/index.php\/wp-json\/wp\/v2\/product"}],"about":[{"href":"https:\/\/ofertacular.com\/index.php\/wp-json\/wp\/v2\/types\/product"}],"wp:featuredmedia":[{"embeddable":true,"href":"https:\/\/ofertacular.com\/index.php\/wp-json\/wp\/v2\/media\/7056"}],"wp:attachment":[{"href":"https:\/\/ofertacular.com\/index.php\/wp-json\/wp\/v2\/media?parent=7057"}],"wp:term":[{"taxonomy":"store","embeddable":true,"href":"https:\/\/ofertacular.com\/index.php\/wp-json\/wp\/v2\/store?post=7057"},{"taxonomy":"product_brand","embeddable":true,"href":"https:\/\/ofertacular.com\/index.php\/wp-json\/wp\/v2\/product_brand?post=7057"},{"taxonomy":"product_cat","embeddable":true,"href":"https:\/\/ofertacular.com\/index.php\/wp-json\/wp\/v2\/product_cat?post=7057"},{"taxonomy":"product_tag","embeddable":true,"href":"https:\/\/ofertacular.com\/index.php\/wp-json\/wp\/v2\/product_tag?post=7057"}],"curies":[{"name":"wp","href":"https:\/\/api.w.org\/{rel}","templated":true}]}}