{"id":7077,"date":"2025-08-11T08:13:58","date_gmt":"2025-08-11T06:13:58","guid":{"rendered":"https:\/\/ofertacular.com\/index.php\/producto\/1005008309554437\/"},"modified":"2025-08-11T08:13:58","modified_gmt":"2025-08-11T06:13:58","slug":"1005008309554437","status":"publish","type":"product","link":"https:\/\/ofertacular.com\/index.php\/producto\/1005008309554437\/","title":{"rendered":"Gafas Polarizadas"},"content":{"rendered":"<div class=\"oferta-container\">\n<p>\ud83d\udfe5 <b>AHORRA AQU\u00cd<\/b> \ud83d\udfe5 #Publicidad #Amazon #<\/p>\n<p>\ud83d\udd34 <b>Gafas Polarizadas <\/b><\/p>\n<p>\u2705 <b>AHORA 5.14\u20ac \u20ac<\/b> \u2714\ufe0f\ud83d\udfe1<\/p>\n<p>\u274c Antes 18.16 \u20ac<\/p>\n<p>\ud83d\uded2: <a href=\"https:\/\/btz.es\/4T7J4dD\" target=\"_blank\" rel=\"nofollow noopener\">https:\/\/btz.es\/4T7J4dD<\/a><\/p>\n<p>Descubre la diferencia que las gafas polarizadas pueden hacer en tu visi\u00f3n y protecci\u00f3n ocular. Estas gafas est\u00e1n dise\u00f1adas para reducir el deslumbramiento y mejorar la claridad visual, ideales para actividades al aire libre como conducir, pasear, pescar o practicar deportes acu\u00e1ticos. Al bloquear los reflejos de superficies como el agua, el vidrio o el asfalto, las gafas polarizadas ofrecen una experiencia visual m\u00e1s c\u00f3moda y segura.<\/p>\n<p>Con un dise\u00f1o moderno y materiales de alta calidad, estas gafas no solo protegen tus ojos de los da\u00f1inos rayos UV, sino que tambi\u00e9n elevan tu estilo personal. Incorporan lentes con tecnolog\u00eda de filtrado avanzada que elimina los reflejos y mejora el contraste y la percepci\u00f3n del color, lo que permite una visi\u00f3n m\u00e1s n\u00edtida y natural.<\/p>\n<p>Ya sea que busques gafas para conducci\u00f3n, actividades deportivas o simplemente para uso diario, nuestras gafas polarizadas combinan funcionalidad y moda. Son ligeras, duraderas y ajustan perfectamente para un uso prolongado sin molestias. Adem\u00e1s, su resistencia a ara\u00f1azos y tratamientos antirreflejantes aseguran mayor durabilidad y comodidad.<\/p>\n<p>En nuestra tienda online, te ofrecemos una amplia variedad de modelos y estilos para que encuentres las gafas polarizadas que mejor se adaptan a tus necesidades y gustos. Aprovecha nuestras ofertas especiales y estrena unas gafas que transformar\u00e1n la forma en que ves el mundo, protegiendo tus ojos y mejorando tu experiencia visual en cualquier situaci\u00f3n.<\/p>\n<p>No esperes m\u00e1s para experimentar los beneficios de las gafas polarizadas: visi\u00f3n clara, protecci\u00f3n y estilo en un solo producto. Compra ahora y disfruta de la mejor calidad y precio en gafas polarizadas.<\/p>\n<\/p><\/div>\n","protected":false},"excerpt":{"rendered":"<p>\ud83d\udfe5 AHORRA AQU\u00cd \ud83d\udfe5 #Publicidad #Amazon # \ud83d\udd34 Gafas Polarizadas \u2705 AHORA 5.14\u20ac \u20ac \u2714\ufe0f\ud83d\udfe1 \u274c Antes 18.16 \u20ac \ud83d\uded2: https:\/\/btz.es\/4T7J4dD Descubre la diferencia que las gafas polarizadas pueden hacer en tu visi\u00f3n y protecci\u00f3n ocular. Estas gafas est\u00e1n dise\u00f1adas para reducir el deslumbramiento y mejorar la claridad visual, ideales para actividades al aire libre [&hellip;]<\/p>\n","protected":false},"featured_media":7076,"template":"","meta":{"_gspb_post_css":""},"store":[],"product_brand":[],"product_cat":[16],"product_tag":[],"class_list":{"0":"post-7077","1":"product","2":"type-product","3":"status-publish","4":"has-post-thumbnail","6":"product_cat-sin-categorizar","8":"first","9":"instock","10":"shipping-taxable","11":"product-type-external"},"jetpack_sharing_enabled":true,"_links":{"self":[{"href":"https:\/\/ofertacular.com\/index.php\/wp-json\/wp\/v2\/product\/7077","targetHints":{"allow":["GET"]}}],"collection":[{"href":"https:\/\/ofertacular.com\/index.php\/wp-json\/wp\/v2\/product"}],"about":[{"href":"https:\/\/ofertacular.com\/index.php\/wp-json\/wp\/v2\/types\/product"}],"wp:featuredmedia":[{"embeddable":true,"href":"https:\/\/ofertacular.com\/index.php\/wp-json\/wp\/v2\/media\/7076"}],"wp:attachment":[{"href":"https:\/\/ofertacular.com\/index.php\/wp-json\/wp\/v2\/media?parent=7077"}],"wp:term":[{"taxonomy":"store","embeddable":true,"href":"https:\/\/ofertacular.com\/index.php\/wp-json\/wp\/v2\/store?post=7077"},{"taxonomy":"product_brand","embeddable":true,"href":"https:\/\/ofertacular.com\/index.php\/wp-json\/wp\/v2\/product_brand?post=7077"},{"taxonomy":"product_cat","embeddable":true,"href":"https:\/\/ofertacular.com\/index.php\/wp-json\/wp\/v2\/product_cat?post=7077"},{"taxonomy":"product_tag","embeddable":true,"href":"https:\/\/ofertacular.com\/index.php\/wp-json\/wp\/v2\/product_tag?post=7077"}],"curies":[{"name":"wp","href":"https:\/\/api.w.org\/{rel}","templated":true}]}}