{"id":7083,"date":"2025-08-11T09:40:58","date_gmt":"2025-08-11T07:40:58","guid":{"rendered":"https:\/\/ofertacular.com\/index.php\/producto\/1005008361077844\/"},"modified":"2025-08-11T09:40:58","modified_gmt":"2025-08-11T07:40:58","slug":"1005008361077844","status":"publish","type":"product","link":"https:\/\/ofertacular.com\/index.php\/producto\/1005008361077844\/","title":{"rendered":"Mogorttini Espresso"},"content":{"rendered":"<div class=\"oferta-container\">\n<p>\ud83d\udfe5 <b>\u00a1DESCUENTO \u00daNICO!<\/b> \ud83d\udfe5 #Publicidad #Amazon #<\/p>\n<p>\ud83d\udd34 <b>Espresso Mogorttini <\/b><\/p>\n<p>\u2705 <b>AHORA 22.77\u20ac \u20ac<\/b> \u2714\ufe0f\ud83d\udfe1<\/p>\n<p>\u274c Antes 29.16 \u20ac<\/p>\n<p>\ud83d\uded2: <a href=\"https:\/\/btz.es\/4T8fxYm\" target=\"_blank\" rel=\"nofollow noopener\">https:\/\/btz.es\/4T8fxYm<\/a><\/p>\n<p>Descubre el sabor intenso y la calidad excepcional del Espresso Mogorttini, perfecto para los amantes del caf\u00e9 que buscan una experiencia \u00fanica y llena de aroma. Este espresso premium est\u00e1 elaborado con granos seleccionados que garantizan un cuerpo robusto, un sabor equilibrado y una crema irresistible que realza cada sorbo. Ideal para preparar en casa o en la oficina, el Espresso Mogorttini es compatible con diversas m\u00e1quinas espresso, ofreciendo versatilidad y comodidad. Disfruta de una taza perfecta cada d\u00eda, ya sea como inicio en la ma\u00f1ana o como pausa revitalizante durante tu jornada. Con su perfil arom\u00e1tico exclusivo, este espresso se convierte en la elecci\u00f3n ideal para quienes valoran la calidad y el dise\u00f1o en su cafetera. Optimiza tu rutina diaria con este caf\u00e9 excepcional, que conjuga tradici\u00f3n y modernidad en cada c\u00e1psula o paquete. Adem\u00e1s, el Espresso Mogorttini es una opci\u00f3n sostenible y respetuosa con el medio ambiente, apoyando pr\u00e1cticas responsables en su producci\u00f3n. No esperes m\u00e1s para deleitar tu paladar con la mezcla perfecta de intensidad y suavidad que solo el Espresso Mogorttini puede ofrecer.<\/p>\n<\/p><\/div>\n","protected":false},"excerpt":{"rendered":"<p>\ud83d\udfe5 \u00a1DESCUENTO \u00daNICO! \ud83d\udfe5 #Publicidad #Amazon # \ud83d\udd34 Espresso Mogorttini \u2705 AHORA 22.77\u20ac \u20ac \u2714\ufe0f\ud83d\udfe1 \u274c Antes 29.16 \u20ac \ud83d\uded2: https:\/\/btz.es\/4T8fxYm Descubre el sabor intenso y la calidad excepcional del Espresso Mogorttini, perfecto para los amantes del caf\u00e9 que buscan una experiencia \u00fanica y llena de aroma. Este espresso premium est\u00e1 elaborado con granos seleccionados [&hellip;]<\/p>\n","protected":false},"featured_media":7082,"template":"","meta":{"_gspb_post_css":""},"store":[],"product_brand":[],"product_cat":[16],"product_tag":[],"class_list":{"0":"post-7083","1":"product","2":"type-product","3":"status-publish","4":"has-post-thumbnail","6":"product_cat-sin-categorizar","8":"first","9":"instock","10":"shipping-taxable","11":"product-type-external"},"jetpack_sharing_enabled":true,"_links":{"self":[{"href":"https:\/\/ofertacular.com\/index.php\/wp-json\/wp\/v2\/product\/7083","targetHints":{"allow":["GET"]}}],"collection":[{"href":"https:\/\/ofertacular.com\/index.php\/wp-json\/wp\/v2\/product"}],"about":[{"href":"https:\/\/ofertacular.com\/index.php\/wp-json\/wp\/v2\/types\/product"}],"wp:featuredmedia":[{"embeddable":true,"href":"https:\/\/ofertacular.com\/index.php\/wp-json\/wp\/v2\/media\/7082"}],"wp:attachment":[{"href":"https:\/\/ofertacular.com\/index.php\/wp-json\/wp\/v2\/media?parent=7083"}],"wp:term":[{"taxonomy":"store","embeddable":true,"href":"https:\/\/ofertacular.com\/index.php\/wp-json\/wp\/v2\/store?post=7083"},{"taxonomy":"product_brand","embeddable":true,"href":"https:\/\/ofertacular.com\/index.php\/wp-json\/wp\/v2\/product_brand?post=7083"},{"taxonomy":"product_cat","embeddable":true,"href":"https:\/\/ofertacular.com\/index.php\/wp-json\/wp\/v2\/product_cat?post=7083"},{"taxonomy":"product_tag","embeddable":true,"href":"https:\/\/ofertacular.com\/index.php\/wp-json\/wp\/v2\/product_tag?post=7083"}],"curies":[{"name":"wp","href":"https:\/\/api.w.org\/{rel}","templated":true}]}}