{"id":7089,"date":"2025-08-12T07:48:56","date_gmt":"2025-08-12T05:48:56","guid":{"rendered":"https:\/\/ofertacular.com\/index.php\/producto\/cecotec-lavadora-2\/"},"modified":"2025-08-12T07:48:56","modified_gmt":"2025-08-12T05:48:56","slug":"cecotec-lavadora-2","status":"publish","type":"product","link":"https:\/\/ofertacular.com\/index.php\/producto\/cecotec-lavadora-2\/","title":{"rendered":"Cecotec Lavadora"},"content":{"rendered":"<div class=\"oferta-container\">\n<p>\ud83d\udfe5 <b>\u00a1APROVECHA!<\/b> \ud83d\udfe5 #Publicidad #Amazon #16<\/p>\n<p>\ud83d\udd34 <b>Lavadora Cecotec <\/b><\/p>\n<p>\u2705 <b>AHORA 259 \u20ac<\/b> \u2714\ufe0f\ud83d\udfe1<\/p>\n<p>\u274c Antes 288.90 \u20ac<\/p>\n<p>\ud83d\uded2: <a href=\"https:\/\/btz.es\/4TD3Img\" target=\"_blank\" rel=\"nofollow noopener\">https:\/\/btz.es\/4TD3Img<\/a><\/p>\n<p>Descubre la lavadora Cecotec, un electrodom\u00e9stico dise\u00f1ado para ofrecer eficiencia y rendimiento en el cuidado de tu ropa. Cecotec, reconocida marca por su innovaci\u00f3n tecnol\u00f3gica, presenta esta lavadora que combina potencia, capacidad y funciones inteligentes para facilitar tu d\u00eda a d\u00eda. Esta lavadora cuenta con m\u00faltiples programas adaptados a diferentes tipos de tejidos, desde prendas delicadas hasta ropa de uso diario, garantizando un lavado impecable y cuidadoso. Adem\u00e1s, su tecnolog\u00eda avanzada permite un ahorro significativo de agua y energ\u00eda, contribuyendo al cuidado del medio ambiente y a la reducci\u00f3n de tus facturas dom\u00e9sticas. Su dise\u00f1o moderno y compacto se integra f\u00e1cilmente en cualquier espacio, optimizando el \u00e1rea destinada para el lavado. Con un motor silencioso y duradero, la lavadora Cecotec asegura un funcionamiento eficiente sin generar molestias. Equipado con opciones de inicio diferido, control digital y ciclos r\u00e1pidos, este producto se adapta a tus necesidades y ritmo de vida. Ideal para hogares que buscan combinar calidad, durabilidad y tecnolog\u00eda en un solo electrodom\u00e9stico. Con la lavadora Cecotec, disfruta de prendas limpias y frescas, optimizando tiempo y recursos. Mant\u00e9n tu ropa como nueva con el mejor cuidado y facilita tus tareas dom\u00e9sticas con esta lavadora de alto rendimiento.<\/p>\n<\/p><\/div>\n","protected":false},"excerpt":{"rendered":"<p>\ud83d\udfe5 \u00a1APROVECHA! \ud83d\udfe5 #Publicidad #Amazon #16 \ud83d\udd34 Lavadora Cecotec \u2705 AHORA 259 \u20ac \u2714\ufe0f\ud83d\udfe1 \u274c Antes 288.90 \u20ac \ud83d\uded2: https:\/\/btz.es\/4TD3Img Descubre la lavadora Cecotec, un electrodom\u00e9stico dise\u00f1ado para ofrecer eficiencia y rendimiento en el cuidado de tu ropa. Cecotec, reconocida marca por su innovaci\u00f3n tecnol\u00f3gica, presenta esta lavadora que combina potencia, capacidad y funciones inteligentes [&hellip;]<\/p>\n","protected":false},"featured_media":7088,"template":"","meta":{"_gspb_post_css":""},"store":[],"product_brand":[],"product_cat":[16],"product_tag":[],"class_list":{"0":"post-7089","1":"product","2":"type-product","3":"status-publish","4":"has-post-thumbnail","6":"product_cat-sin-categorizar","8":"first","9":"instock","10":"sale","11":"shipping-taxable","12":"product-type-external"},"jetpack_sharing_enabled":true,"_links":{"self":[{"href":"https:\/\/ofertacular.com\/index.php\/wp-json\/wp\/v2\/product\/7089","targetHints":{"allow":["GET"]}}],"collection":[{"href":"https:\/\/ofertacular.com\/index.php\/wp-json\/wp\/v2\/product"}],"about":[{"href":"https:\/\/ofertacular.com\/index.php\/wp-json\/wp\/v2\/types\/product"}],"wp:featuredmedia":[{"embeddable":true,"href":"https:\/\/ofertacular.com\/index.php\/wp-json\/wp\/v2\/media\/7088"}],"wp:attachment":[{"href":"https:\/\/ofertacular.com\/index.php\/wp-json\/wp\/v2\/media?parent=7089"}],"wp:term":[{"taxonomy":"store","embeddable":true,"href":"https:\/\/ofertacular.com\/index.php\/wp-json\/wp\/v2\/store?post=7089"},{"taxonomy":"product_brand","embeddable":true,"href":"https:\/\/ofertacular.com\/index.php\/wp-json\/wp\/v2\/product_brand?post=7089"},{"taxonomy":"product_cat","embeddable":true,"href":"https:\/\/ofertacular.com\/index.php\/wp-json\/wp\/v2\/product_cat?post=7089"},{"taxonomy":"product_tag","embeddable":true,"href":"https:\/\/ofertacular.com\/index.php\/wp-json\/wp\/v2\/product_tag?post=7089"}],"curies":[{"name":"wp","href":"https:\/\/api.w.org\/{rel}","templated":true}]}}