{"id":7095,"date":"2025-08-12T08:00:39","date_gmt":"2025-08-12T06:00:39","guid":{"rendered":"https:\/\/ofertacular.com\/index.php\/producto\/gillette-fusion5\/"},"modified":"2025-08-12T08:00:39","modified_gmt":"2025-08-12T06:00:39","slug":"gillette-fusion5","status":"publish","type":"product","link":"https:\/\/ofertacular.com\/index.php\/producto\/gillette-fusion5\/","title":{"rendered":"Gillette Fusion5"},"content":{"rendered":"<div class=\"oferta-container\">\n<p>\ud83d\udfe5 <b>\u00a1GANGAZO!<\/b> \ud83d\udfe5 #Publicidad #Amazon #16<\/p>\n<p>\ud83d\udd34 <b>Cuchilla Afeitado <\/b><\/p>\n<p>\u2705 <b>AHORA 35.99 \u20ac<\/b> \u2714\ufe0f\ud83d\udfe1<\/p>\n<p>\u274c Antes 49.99 \u20ac<\/p>\n<p>\ud83d\uded2: <a href=\"https:\/\/btz.es\/4TD6FmP\" target=\"_blank\" rel=\"nofollow noopener\">https:\/\/btz.es\/4TD6FmP<\/a><\/p>\n<p>Descubre la experiencia de un afeitado impecable con la Gillette Fusion5, una herramienta dise\u00f1ada para brindar un rasurado suave, apurado y confortable. Este producto es ideal tanto para hombres que buscan precisi\u00f3n en su rutina de cuidado personal como para aquellos que desean minimizar la irritaci\u00f3n de la piel despu\u00e9s del afeitado. La Gillette Fusion5 cuenta con cinco hojas ultra afiladas que garantizan un corte uniforme en cada pasada, evitando la necesidad de pasar la rasuradora varias veces sobre la misma zona, lo que reduce el riesgo de cortes y enrojecimientos.<\/p>\n<p>Adem\u00e1s, su dise\u00f1o ergon\u00f3mico y su tecnolog\u00eda avanzada incluyen una hoja de precisi\u00f3n en la parte trasera para detalles en zonas dif\u00edciles, como las patillas y debajo de la nariz, ofreciendo un acabado profesional desde la comodidad de tu hogar. La barra lubricante mejorada con aloe, vitamina E y emolientes proporciona una mayor suavidad durante el afeitado, protegiendo la piel y facilitando el deslizamiento de la maquinilla.<\/p>\n<p>La Gillette Fusion5 es compatible con diferentes tipos de piel y es especialmente recomendable para pieles sensibles debido a sus propiedades calmantes y su capacidad para evitar irritaciones. A su vez, su estructura robusta y duradera asegura un uso prolongado, siendo una inversi\u00f3n que combina calidad y econom\u00eda.<\/p>\n<p>Ideal para uso diario o espor\u00e1dico, este producto se adapta f\u00e1cilmente a las necesidades de cualquier rutina de afeitado. Ya sea para mantener una barba limpia, dise\u00f1ar estilos o simplemente lograr un rostro completamente afeitado, la Gillette Fusion5 es tu mejor aliado. Su popularidad y reconocimiento a nivel mundial avalan su eficacia y confianza entre los usuarios.<\/p>\n<p>En resumen, la Gillette Fusion5 se posiciona como una de las principales opciones del mercado para quienes buscan un afeitado eficiente, c\u00f3modo y seguro. No solo mejora la calidad del rasurado, sino que tambi\u00e9n cuida y protege tu piel, convirti\u00e9ndose en un elemento indispensable en el cuidado personal masculino. Aprovecha esta oportunidad para experimentar un afeitado superior con la tecnolog\u00eda avanzada de Gillette Fusion5.<\/p>\n<\/p><\/div>\n","protected":false},"excerpt":{"rendered":"<p>\ud83d\udfe5 \u00a1GANGAZO! \ud83d\udfe5 #Publicidad #Amazon #16 \ud83d\udd34 Cuchilla Afeitado \u2705 AHORA 35.99 \u20ac \u2714\ufe0f\ud83d\udfe1 \u274c Antes 49.99 \u20ac \ud83d\uded2: https:\/\/btz.es\/4TD6FmP Descubre la experiencia de un afeitado impecable con la Gillette Fusion5, una herramienta dise\u00f1ada para brindar un rasurado suave, apurado y confortable. Este producto es ideal tanto para hombres que buscan precisi\u00f3n en su rutina [&hellip;]<\/p>\n","protected":false},"featured_media":7094,"template":"","meta":{"_gspb_post_css":""},"store":[],"product_brand":[],"product_cat":[16],"product_tag":[],"class_list":{"0":"post-7095","1":"product","2":"type-product","3":"status-publish","4":"has-post-thumbnail","6":"product_cat-sin-categorizar","8":"first","9":"instock","10":"sale","11":"shipping-taxable","12":"product-type-external"},"jetpack_sharing_enabled":true,"_links":{"self":[{"href":"https:\/\/ofertacular.com\/index.php\/wp-json\/wp\/v2\/product\/7095","targetHints":{"allow":["GET"]}}],"collection":[{"href":"https:\/\/ofertacular.com\/index.php\/wp-json\/wp\/v2\/product"}],"about":[{"href":"https:\/\/ofertacular.com\/index.php\/wp-json\/wp\/v2\/types\/product"}],"wp:featuredmedia":[{"embeddable":true,"href":"https:\/\/ofertacular.com\/index.php\/wp-json\/wp\/v2\/media\/7094"}],"wp:attachment":[{"href":"https:\/\/ofertacular.com\/index.php\/wp-json\/wp\/v2\/media?parent=7095"}],"wp:term":[{"taxonomy":"store","embeddable":true,"href":"https:\/\/ofertacular.com\/index.php\/wp-json\/wp\/v2\/store?post=7095"},{"taxonomy":"product_brand","embeddable":true,"href":"https:\/\/ofertacular.com\/index.php\/wp-json\/wp\/v2\/product_brand?post=7095"},{"taxonomy":"product_cat","embeddable":true,"href":"https:\/\/ofertacular.com\/index.php\/wp-json\/wp\/v2\/product_cat?post=7095"},{"taxonomy":"product_tag","embeddable":true,"href":"https:\/\/ofertacular.com\/index.php\/wp-json\/wp\/v2\/product_tag?post=7095"}],"curies":[{"name":"wp","href":"https:\/\/api.w.org\/{rel}","templated":true}]}}