{"id":7097,"date":"2025-08-12T08:02:24","date_gmt":"2025-08-12T06:02:24","guid":{"rendered":"https:\/\/ofertacular.com\/index.php\/producto\/cecotec-horno\/"},"modified":"2025-08-12T08:02:24","modified_gmt":"2025-08-12T06:02:24","slug":"cecotec-horno","status":"publish","type":"product","link":"https:\/\/ofertacular.com\/index.php\/producto\/cecotec-horno\/","title":{"rendered":"Cecotec Horno"},"content":{"rendered":"<div class=\"oferta-container\">\n<p>\ud83d\udfe5 <b>\u00a1S\u00d3LO HOY!<\/b> \ud83d\udfe5 #Publicidad #Amazon #16<\/p>\n<p>\ud83d\udd34 <b>Horno Cecotec <\/b><\/p>\n<p>\u2705 <b>AHORA 31.9 \u20ac<\/b> \u2714\ufe0f\ud83d\udfe1<\/p>\n<p>\u274c Antes 38.57 \u20ac<\/p>\n<p>\ud83d\uded2: <a href=\"https:\/\/btz.es\/4TD7g2N\" target=\"_blank\" rel=\"nofollow noopener\">https:\/\/btz.es\/4TD7g2N<\/a><\/p>\n<p>El horno Cecotec es una herramienta esencial para cualquier cocina moderna, ofreciendo una combinaci\u00f3n perfecta de innovaci\u00f3n, funcionalidad y dise\u00f1o. Este horno destaca por su eficiencia energ\u00e9tica, facilidad de uso y m\u00faltiples funciones que se adaptan a las necesidades de cocci\u00f3n de cualquier usuario, desde principiantes hasta chefs profesionales.<\/p>\n<p>Dise\u00f1ado con tecnolog\u00eda avanzada, el horno Cecotec incorpora caracter\u00edsticas como control digital, diferentes modos de cocci\u00f3n convecci\u00f3n, grill, asado, entre otros, y una capacidad adecuada para preparar desde peque\u00f1as porciones hasta grandes banquetes. Su sistema de distribuci\u00f3n de calor garantiza una cocci\u00f3n uniforme, permitiendo que los alimentos sean cocinados a la perfecci\u00f3n en todo momento.<\/p>\n<p>La estructura del horno Cecotec est\u00e1 fabricada con materiales de alta calidad, resistentes y duraderos, que facilitan su limpieza y mantenimiento. Adem\u00e1s, cuenta con un dise\u00f1o elegante y moderno que se integra perfectamente en cualquier estilo de cocina.<\/p>\n<p>Entre las ventajas de este horno destacan su programaci\u00f3n sencilla, temporizador con apagado autom\u00e1tico para mayor seguridad, y su eficiente consumo energ\u00e9tico que ayuda a minimizar el gasto en electricidad.<\/p>\n<p>Para los amantes de la cocina saludable, el horno Cecotec ofrece opciones para cocinar sin aceite, preservando as\u00ed los nutrientes y sabores naturales de los alimentos. Esto lo convierte en una opci\u00f3n ideal para quienes buscan un estilo de vida m\u00e1s saludable sin renunciar al sabor y la textura de los platos tradicionales.<\/p>\n<p>En resumen, el horno Cecotec es una inversi\u00f3n inteligente para cualquier hogar, proporcionando funcionalidades avanzadas, facilidad de uso, eficiencia y durabilidad, todo en un solo producto. Su versatilidad y rendimiento lo convierten en un aliado indispensable para preparar una amplia variedad de recetas con excelentes resultados.<\/p>\n<\/p><\/div>\n","protected":false},"excerpt":{"rendered":"<p>\ud83d\udfe5 \u00a1S\u00d3LO HOY! \ud83d\udfe5 #Publicidad #Amazon #16 \ud83d\udd34 Horno Cecotec \u2705 AHORA 31.9 \u20ac \u2714\ufe0f\ud83d\udfe1 \u274c Antes 38.57 \u20ac \ud83d\uded2: https:\/\/btz.es\/4TD7g2N El horno Cecotec es una herramienta esencial para cualquier cocina moderna, ofreciendo una combinaci\u00f3n perfecta de innovaci\u00f3n, funcionalidad y dise\u00f1o. Este horno destaca por su eficiencia energ\u00e9tica, facilidad de uso y m\u00faltiples funciones que [&hellip;]<\/p>\n","protected":false},"featured_media":7096,"template":"","meta":{"_gspb_post_css":""},"store":[],"product_brand":[],"product_cat":[16],"product_tag":[],"class_list":{"0":"post-7097","1":"product","2":"type-product","3":"status-publish","4":"has-post-thumbnail","6":"product_cat-sin-categorizar","8":"first","9":"instock","10":"sale","11":"shipping-taxable","12":"product-type-external"},"jetpack_sharing_enabled":true,"_links":{"self":[{"href":"https:\/\/ofertacular.com\/index.php\/wp-json\/wp\/v2\/product\/7097","targetHints":{"allow":["GET"]}}],"collection":[{"href":"https:\/\/ofertacular.com\/index.php\/wp-json\/wp\/v2\/product"}],"about":[{"href":"https:\/\/ofertacular.com\/index.php\/wp-json\/wp\/v2\/types\/product"}],"wp:featuredmedia":[{"embeddable":true,"href":"https:\/\/ofertacular.com\/index.php\/wp-json\/wp\/v2\/media\/7096"}],"wp:attachment":[{"href":"https:\/\/ofertacular.com\/index.php\/wp-json\/wp\/v2\/media?parent=7097"}],"wp:term":[{"taxonomy":"store","embeddable":true,"href":"https:\/\/ofertacular.com\/index.php\/wp-json\/wp\/v2\/store?post=7097"},{"taxonomy":"product_brand","embeddable":true,"href":"https:\/\/ofertacular.com\/index.php\/wp-json\/wp\/v2\/product_brand?post=7097"},{"taxonomy":"product_cat","embeddable":true,"href":"https:\/\/ofertacular.com\/index.php\/wp-json\/wp\/v2\/product_cat?post=7097"},{"taxonomy":"product_tag","embeddable":true,"href":"https:\/\/ofertacular.com\/index.php\/wp-json\/wp\/v2\/product_tag?post=7097"}],"curies":[{"name":"wp","href":"https:\/\/api.w.org\/{rel}","templated":true}]}}