{"id":7115,"date":"2025-08-12T08:49:46","date_gmt":"2025-08-12T06:49:46","guid":{"rendered":"https:\/\/ofertacular.com\/index.php\/producto\/1005007703713963-2\/"},"modified":"2025-08-12T08:49:46","modified_gmt":"2025-08-12T06:49:46","slug":"1005007703713963-2","status":"publish","type":"product","link":"https:\/\/ofertacular.com\/index.php\/producto\/1005007703713963-2\/","title":{"rendered":"Zapatero Organizador"},"content":{"rendered":"<div class=\"oferta-container\">\n<p>\ud83d\udfe5 <b>GRAN OFERTA<\/b> \ud83d\udfe5 #Publicidad #Amazon #<\/p>\n<p>\ud83d\udd34 <b>Organizador Zapatero <\/b><\/p>\n<p>\u2705 <b>AHORA 14.53\u20ac \u20ac<\/b> \u2714\ufe0f\ud83d\udfe1<\/p>\n<p>\u274c Antes 24.90 \u20ac<\/p>\n<p>\ud83d\uded2: <a href=\"https:\/\/btz.es\/4TDJbdY\" target=\"_blank\" rel=\"nofollow noopener\">https:\/\/btz.es\/4TDJbdY<\/a><\/p>\n<p>Descubre el organizador zapatero perfecto para mantener tus zapatos en orden y optimizar el espacio en tu hogar. Este organizador zapatero es ideal para cualquier tipo de calzado, desde zapatos formales hasta deportivas, y est\u00e1 dise\u00f1ado para ofrecer durabilidad y funcionalidad. Fabricado con materiales resistentes y de alta calidad, este organizador te permite almacenar m\u00faltiples pares de zapatos de manera ordenada y accesible, ayudando a evitar el desorden y facilitando la elecci\u00f3n del par adecuado cada d\u00eda.<\/p>\n<p>Este organizador zapatero es una soluci\u00f3n pr\u00e1ctica que se adapta a diferentes espacios, ya sea en el armario, la entrada de tu casa o cualquier rinc\u00f3n que necesite organizaci\u00f3n. Su dise\u00f1o inteligente maximiza el uso del espacio vertical, permitiendo almacenar m\u00e1s zapatos en menos \u00e1rea. Adem\u00e1s, su estructura ligera facilita su traslado y limpieza, garantizando as\u00ed un ambiente limpio y ordenado.<\/p>\n<p>Adem\u00e1s de su funcionalidad, este organizador zapatero cuenta con un dise\u00f1o moderno y elegante que complementa cualquier estilo de decoraci\u00f3n. Es la opci\u00f3n perfecta para quienes buscan combinar practicidad con est\u00e9tica en la organizaci\u00f3n de su calzado.<\/p>\n<p>Palabras clave: organizador zapatero, zapatero funcional, organizaci\u00f3n de zapatos, almacenamiento de calzado, organizador para zapatos, orden en casa, espacio para zapatos, zapatero resistente, dise\u00f1o moderno organizador zapatero.<\/p>\n<\/p><\/div>\n","protected":false},"excerpt":{"rendered":"<p>\ud83d\udfe5 GRAN OFERTA \ud83d\udfe5 #Publicidad #Amazon # \ud83d\udd34 Organizador Zapatero \u2705 AHORA 14.53\u20ac \u20ac \u2714\ufe0f\ud83d\udfe1 \u274c Antes 24.90 \u20ac \ud83d\uded2: https:\/\/btz.es\/4TDJbdY Descubre el organizador zapatero perfecto para mantener tus zapatos en orden y optimizar el espacio en tu hogar. Este organizador zapatero es ideal para cualquier tipo de calzado, desde zapatos formales hasta deportivas, y [&hellip;]<\/p>\n","protected":false},"featured_media":7114,"template":"","meta":{"_gspb_post_css":""},"store":[],"product_brand":[],"product_cat":[16],"product_tag":[],"class_list":{"0":"post-7115","1":"product","2":"type-product","3":"status-publish","4":"has-post-thumbnail","6":"product_cat-sin-categorizar","8":"first","9":"instock","10":"shipping-taxable","11":"product-type-external"},"jetpack_sharing_enabled":true,"_links":{"self":[{"href":"https:\/\/ofertacular.com\/index.php\/wp-json\/wp\/v2\/product\/7115","targetHints":{"allow":["GET"]}}],"collection":[{"href":"https:\/\/ofertacular.com\/index.php\/wp-json\/wp\/v2\/product"}],"about":[{"href":"https:\/\/ofertacular.com\/index.php\/wp-json\/wp\/v2\/types\/product"}],"wp:featuredmedia":[{"embeddable":true,"href":"https:\/\/ofertacular.com\/index.php\/wp-json\/wp\/v2\/media\/7114"}],"wp:attachment":[{"href":"https:\/\/ofertacular.com\/index.php\/wp-json\/wp\/v2\/media?parent=7115"}],"wp:term":[{"taxonomy":"store","embeddable":true,"href":"https:\/\/ofertacular.com\/index.php\/wp-json\/wp\/v2\/store?post=7115"},{"taxonomy":"product_brand","embeddable":true,"href":"https:\/\/ofertacular.com\/index.php\/wp-json\/wp\/v2\/product_brand?post=7115"},{"taxonomy":"product_cat","embeddable":true,"href":"https:\/\/ofertacular.com\/index.php\/wp-json\/wp\/v2\/product_cat?post=7115"},{"taxonomy":"product_tag","embeddable":true,"href":"https:\/\/ofertacular.com\/index.php\/wp-json\/wp\/v2\/product_tag?post=7115"}],"curies":[{"name":"wp","href":"https:\/\/api.w.org\/{rel}","templated":true}]}}