{"id":7117,"date":"2025-08-12T09:49:15","date_gmt":"2025-08-12T07:49:15","guid":{"rendered":"https:\/\/ofertacular.com\/index.php\/producto\/1005006103688129\/"},"modified":"2025-08-12T09:49:15","modified_gmt":"2025-08-12T07:49:15","slug":"1005006103688129","status":"publish","type":"product","link":"https:\/\/ofertacular.com\/index.php\/producto\/1005006103688129\/","title":{"rendered":"Mochila Ryanair"},"content":{"rendered":"<div class=\"oferta-container\">\n<p>\ud83d\udfe5 <b>GRAN OFERTA<\/b> \ud83d\udfe5 #Publicidad #Amazon #<\/p>\n<p>\ud83d\udd34 <b>Mochila Viaje <\/b><\/p>\n<p>\u2705 <b>AHORA 14.30\u20ac \u20ac<\/b> \u2714\ufe0f\ud83d\udfe1<\/p>\n<p>\u274c Antes 48.71 \u20ac<\/p>\n<p>\ud83d\uded2: <a href=\"https:\/\/btz.es\/4TDXZUR\" target=\"_blank\" rel=\"nofollow noopener\">https:\/\/btz.es\/4TDXZUR<\/a><\/p>\n<p>Descubre la mochila de viaje perfecta dise\u00f1ada especialmente para los viajeros frecuentes de Ryanair. Esta mochila combina resistencia, comodidad y estilo, ideal para llevar todo lo esencial en tus vuelos low cost. Fabricada con materiales duraderos y ligeros, ofrece m\u00faltiples compartimentos para organizar tu equipaje de mano de manera eficiente. Su tama\u00f1o compacto cumple con las normativas de equipaje de Ryanair, permiti\u00e9ndote ahorrar tiempo en el aeropuerto y evitar cargos adicionales. Adem\u00e1s, cuenta con correas acolchadas ajustables y respaldo ergon\u00f3mico que garantizan un viaje c\u00f3modo y sin molestias, incluso durante largas caminatas o escalas. Ya sea para escapadas de fin de semana, viajes de negocios o vacaciones, esta mochila es tu mejor aliada para mantener todo organizado y al alcance de la mano. No renuncies a estilo ni funcionalidad, elige esta mochila Ryanair y disfruta de la m\u00e1xima practicidad en cada aventura a\u00e9rea.<\/p>\n<\/p><\/div>\n","protected":false},"excerpt":{"rendered":"<p>\ud83d\udfe5 GRAN OFERTA \ud83d\udfe5 #Publicidad #Amazon # \ud83d\udd34 Mochila Viaje \u2705 AHORA 14.30\u20ac \u20ac \u2714\ufe0f\ud83d\udfe1 \u274c Antes 48.71 \u20ac \ud83d\uded2: https:\/\/btz.es\/4TDXZUR Descubre la mochila de viaje perfecta dise\u00f1ada especialmente para los viajeros frecuentes de Ryanair. Esta mochila combina resistencia, comodidad y estilo, ideal para llevar todo lo esencial en tus vuelos low cost. Fabricada con [&hellip;]<\/p>\n","protected":false},"featured_media":7116,"template":"","meta":{"_gspb_post_css":""},"store":[],"product_brand":[],"product_cat":[16],"product_tag":[],"class_list":{"0":"post-7117","1":"product","2":"type-product","3":"status-publish","4":"has-post-thumbnail","6":"product_cat-sin-categorizar","8":"first","9":"instock","10":"shipping-taxable","11":"product-type-external"},"jetpack_sharing_enabled":true,"_links":{"self":[{"href":"https:\/\/ofertacular.com\/index.php\/wp-json\/wp\/v2\/product\/7117","targetHints":{"allow":["GET"]}}],"collection":[{"href":"https:\/\/ofertacular.com\/index.php\/wp-json\/wp\/v2\/product"}],"about":[{"href":"https:\/\/ofertacular.com\/index.php\/wp-json\/wp\/v2\/types\/product"}],"wp:featuredmedia":[{"embeddable":true,"href":"https:\/\/ofertacular.com\/index.php\/wp-json\/wp\/v2\/media\/7116"}],"wp:attachment":[{"href":"https:\/\/ofertacular.com\/index.php\/wp-json\/wp\/v2\/media?parent=7117"}],"wp:term":[{"taxonomy":"store","embeddable":true,"href":"https:\/\/ofertacular.com\/index.php\/wp-json\/wp\/v2\/store?post=7117"},{"taxonomy":"product_brand","embeddable":true,"href":"https:\/\/ofertacular.com\/index.php\/wp-json\/wp\/v2\/product_brand?post=7117"},{"taxonomy":"product_cat","embeddable":true,"href":"https:\/\/ofertacular.com\/index.php\/wp-json\/wp\/v2\/product_cat?post=7117"},{"taxonomy":"product_tag","embeddable":true,"href":"https:\/\/ofertacular.com\/index.php\/wp-json\/wp\/v2\/product_tag?post=7117"}],"curies":[{"name":"wp","href":"https:\/\/api.w.org\/{rel}","templated":true}]}}