{"id":7119,"date":"2025-08-12T09:59:21","date_gmt":"2025-08-12T07:59:21","guid":{"rendered":"https:\/\/ofertacular.com\/index.php\/producto\/1005009183928920\/"},"modified":"2025-08-12T09:59:21","modified_gmt":"2025-08-12T07:59:21","slug":"1005009183928920","status":"publish","type":"product","link":"https:\/\/ofertacular.com\/index.php\/producto\/1005009183928920\/","title":{"rendered":"Aspiradora Inal\u00e1mbrica"},"content":{"rendered":"<div class=\"oferta-container\">\n<p>\ud83d\udfe5 <b>\u00a1OFERT\u00d3N!<\/b> \ud83d\udfe5 #Publicidad #Amazon #<\/p>\n<p>\ud83d\udd34 <b>Aspiradora inal\u00e1mbrica <\/b><\/p>\n<p>\u2705 <b>AHORA 45.82\u20ac \u20ac<\/b> \u2714\ufe0f\ud83d\udfe1<\/p>\n<p>\u274c Antes 118.48 \u20ac<\/p>\n<p>\ud83d\uded2: <a href=\"https:\/\/btz.es\/4TEa7W3\" target=\"_blank\" rel=\"nofollow noopener\">https:\/\/btz.es\/4TEa7W3<\/a><\/p>\n<p>Descubre la aspiradora inal\u00e1mbrica, la soluci\u00f3n perfecta para una limpieza r\u00e1pida, eficiente y sin complicaciones en tu hogar. Este dispositivo port\u00e1til te ofrece la libertad de moverte por toda la casa sin estar atado a un cable, facilitando la limpieza de cualquier superficie, desde suelos hasta muebles y rincones dif\u00edciles de alcanzar. Ideal para eliminar polvo, pelos de mascota y peque\u00f1os residuos con un solo equipo, esta aspiradora inal\u00e1mbrica combina potencia, autonom\u00eda y dise\u00f1o ergon\u00f3mico para optimizar tu experiencia de limpieza. Su bater\u00eda de larga duraci\u00f3n garantiza que podr\u00e1s limpiar grandes \u00e1reas sin interrupciones, mientras que su sistema de filtraci\u00f3n avanzado mejora la calidad del aire en tu hogar al retener part\u00edculas finas y al\u00e9rgenos. Adem\u00e1s, gracias a sus accesorios intercambiables, puedes adaptar la aspiradora para limpiar tapizados, interiores de veh\u00edculos o \u00e1reas elevadas con facilidad y precisi\u00f3n. Si buscas un equipo que combine tecnolog\u00eda, eficiencia energ\u00e9tica y comodidad, la aspiradora inal\u00e1mbrica es tu mejor opci\u00f3n para mantener tu casa impecable cada d\u00eda. No esperes m\u00e1s para renovar tu m\u00e9todo de limpieza y disfruta de un hogar m\u00e1s limpio y saludable con esta aspiradora ligera y potente.<\/p>\n<\/p><\/div>\n","protected":false},"excerpt":{"rendered":"<p>\ud83d\udfe5 \u00a1OFERT\u00d3N! \ud83d\udfe5 #Publicidad #Amazon # \ud83d\udd34 Aspiradora inal\u00e1mbrica \u2705 AHORA 45.82\u20ac \u20ac \u2714\ufe0f\ud83d\udfe1 \u274c Antes 118.48 \u20ac \ud83d\uded2: https:\/\/btz.es\/4TEa7W3 Descubre la aspiradora inal\u00e1mbrica, la soluci\u00f3n perfecta para una limpieza r\u00e1pida, eficiente y sin complicaciones en tu hogar. Este dispositivo port\u00e1til te ofrece la libertad de moverte por toda la casa sin estar atado a [&hellip;]<\/p>\n","protected":false},"featured_media":7118,"template":"","meta":{"_gspb_post_css":""},"store":[],"product_brand":[],"product_cat":[16],"product_tag":[],"class_list":{"0":"post-7119","1":"product","2":"type-product","3":"status-publish","4":"has-post-thumbnail","6":"product_cat-sin-categorizar","8":"first","9":"instock","10":"shipping-taxable","11":"product-type-external"},"jetpack_sharing_enabled":true,"_links":{"self":[{"href":"https:\/\/ofertacular.com\/index.php\/wp-json\/wp\/v2\/product\/7119","targetHints":{"allow":["GET"]}}],"collection":[{"href":"https:\/\/ofertacular.com\/index.php\/wp-json\/wp\/v2\/product"}],"about":[{"href":"https:\/\/ofertacular.com\/index.php\/wp-json\/wp\/v2\/types\/product"}],"wp:featuredmedia":[{"embeddable":true,"href":"https:\/\/ofertacular.com\/index.php\/wp-json\/wp\/v2\/media\/7118"}],"wp:attachment":[{"href":"https:\/\/ofertacular.com\/index.php\/wp-json\/wp\/v2\/media?parent=7119"}],"wp:term":[{"taxonomy":"store","embeddable":true,"href":"https:\/\/ofertacular.com\/index.php\/wp-json\/wp\/v2\/store?post=7119"},{"taxonomy":"product_brand","embeddable":true,"href":"https:\/\/ofertacular.com\/index.php\/wp-json\/wp\/v2\/product_brand?post=7119"},{"taxonomy":"product_cat","embeddable":true,"href":"https:\/\/ofertacular.com\/index.php\/wp-json\/wp\/v2\/product_cat?post=7119"},{"taxonomy":"product_tag","embeddable":true,"href":"https:\/\/ofertacular.com\/index.php\/wp-json\/wp\/v2\/product_tag?post=7119"}],"curies":[{"name":"wp","href":"https:\/\/api.w.org\/{rel}","templated":true}]}}