{"id":7125,"date":"2025-08-12T10:18:06","date_gmt":"2025-08-12T08:18:06","guid":{"rendered":"https:\/\/ofertacular.com\/index.php\/producto\/1005003559821531\/"},"modified":"2025-08-12T10:18:06","modified_gmt":"2025-08-12T08:18:06","slug":"1005003559821531","status":"publish","type":"product","link":"https:\/\/ofertacular.com\/index.php\/producto\/1005003559821531\/","title":{"rendered":"Mallas deportivas"},"content":{"rendered":"<div class=\"oferta-container\">\n<p>\ud83d\udfe5 <b>EXCLUSIVO<\/b> \ud83d\udfe5 #Publicidad #Amazon #<\/p>\n<p>\ud83d\udd34 <b>Mallas deportivas <\/b><\/p>\n<p>\u2705 <b>AHORA 3.29\u20ac \u20ac<\/b> \u2714\ufe0f\ud83d\udfe1<\/p>\n<p>\u274c Antes 4.19 \u20ac<\/p>\n<p>\ud83d\uded2: <a href=\"https:\/\/btz.es\/4TEfpUL\" target=\"_blank\" rel=\"nofollow noopener\">https:\/\/btz.es\/4TEfpUL<\/a><\/p>\n<p>Descubre las mejores mallas deportivas dise\u00f1adas para ofrecerte comodidad, estilo y rendimiento durante tus entrenamientos. Nuestras mallas deportivas est\u00e1n confeccionadas con materiales de alta calidad que te proporcionan elasticidad y transpirabilidad, permiti\u00e9ndote moverte con total libertad y mantener una temperatura \u00f3ptima, incluso durante las rutinas m\u00e1s intensas. Perfectas para correr, yoga, ciclismo o cualquier actividad f\u00edsica, estas mallas est\u00e1n dise\u00f1adas para adaptarse a tu cuerpo y realzar tu figura, brind\u00e1ndote una sensaci\u00f3n de soporte y confort excepcional. Adem\u00e1s, su dise\u00f1o moderno y vibrantes colores te ayudar\u00e1n a lucir a la moda mientras te ejercitas. No comprometas tu bienestar ni tu estilo: elige nuestras mallas deportivas y experimenta la diferencia en cada entrenamiento.<\/p>\n<\/p><\/div>\n","protected":false},"excerpt":{"rendered":"<p>\ud83d\udfe5 EXCLUSIVO \ud83d\udfe5 #Publicidad #Amazon # \ud83d\udd34 Mallas deportivas \u2705 AHORA 3.29\u20ac \u20ac \u2714\ufe0f\ud83d\udfe1 \u274c Antes 4.19 \u20ac \ud83d\uded2: https:\/\/btz.es\/4TEfpUL Descubre las mejores mallas deportivas dise\u00f1adas para ofrecerte comodidad, estilo y rendimiento durante tus entrenamientos. Nuestras mallas deportivas est\u00e1n confeccionadas con materiales de alta calidad que te proporcionan elasticidad y transpirabilidad, permiti\u00e9ndote moverte con total [&hellip;]<\/p>\n","protected":false},"featured_media":7124,"template":"","meta":{"_gspb_post_css":""},"store":[],"product_brand":[],"product_cat":[16],"product_tag":[],"class_list":{"0":"post-7125","1":"product","2":"type-product","3":"status-publish","4":"has-post-thumbnail","6":"product_cat-sin-categorizar","8":"first","9":"instock","10":"shipping-taxable","11":"product-type-external"},"jetpack_sharing_enabled":true,"_links":{"self":[{"href":"https:\/\/ofertacular.com\/index.php\/wp-json\/wp\/v2\/product\/7125","targetHints":{"allow":["GET"]}}],"collection":[{"href":"https:\/\/ofertacular.com\/index.php\/wp-json\/wp\/v2\/product"}],"about":[{"href":"https:\/\/ofertacular.com\/index.php\/wp-json\/wp\/v2\/types\/product"}],"wp:featuredmedia":[{"embeddable":true,"href":"https:\/\/ofertacular.com\/index.php\/wp-json\/wp\/v2\/media\/7124"}],"wp:attachment":[{"href":"https:\/\/ofertacular.com\/index.php\/wp-json\/wp\/v2\/media?parent=7125"}],"wp:term":[{"taxonomy":"store","embeddable":true,"href":"https:\/\/ofertacular.com\/index.php\/wp-json\/wp\/v2\/store?post=7125"},{"taxonomy":"product_brand","embeddable":true,"href":"https:\/\/ofertacular.com\/index.php\/wp-json\/wp\/v2\/product_brand?post=7125"},{"taxonomy":"product_cat","embeddable":true,"href":"https:\/\/ofertacular.com\/index.php\/wp-json\/wp\/v2\/product_cat?post=7125"},{"taxonomy":"product_tag","embeddable":true,"href":"https:\/\/ofertacular.com\/index.php\/wp-json\/wp\/v2\/product_tag?post=7125"}],"curies":[{"name":"wp","href":"https:\/\/api.w.org\/{rel}","templated":true}]}}