{"id":7134,"date":"2025-08-21T07:51:34","date_gmt":"2025-08-21T05:51:34","guid":{"rendered":"https:\/\/ofertacular.com\/index.php\/producto\/1005008516439272\/"},"modified":"2025-08-21T07:51:34","modified_gmt":"2025-08-21T05:51:34","slug":"1005008516439272","status":"publish","type":"product","link":"https:\/\/ofertacular.com\/index.php\/producto\/1005008516439272\/","title":{"rendered":"Grifos Cocina"},"content":{"rendered":"<div class=\"oferta-container\">\n<p>\ud83d\udfe5 <b>EXCLUSIVO<\/b> \ud83d\udfe5 #Publicidad #Amazon #<\/p>\n<p>\ud83d\udd34 <b>Grifos Cocina Acero Inoxidable<\/b><\/p>\n<p>\u2705 <b>AHORA 11.59 \u20ac<\/b> \u2714\ufe0f\ud83d\udfe1<\/p>\n<p>\u274c Antes 32.89 \u20ac<\/p>\n<p>\ud83c\udf9f Cup\u00f3n BSES02<\/p>\n<p>\ud83d\uded2: <a href=\"https:\/\/btz.es\/4U4hg95\" target=\"_blank\" rel=\"nofollow noopener\">https:\/\/btz.es\/4U4hg95<\/a><\/p>\n<p>Los grifos de cocina son una parte fundamental de cualquier hogar moderno. Estos grifos de acero inoxidable, dise\u00f1ados para ofrecer funcionalidad y est\u00e9tica, son ideales para quienes buscan elevar su cocina a un nuevo nivel. Su dise\u00f1o extra\u00edble permite una mayor versatilidad a la hora de lavar platos o llenar recipientes grandes, facilitando as\u00ed las tareas diarias en la cocina. Gracias a su construcci\u00f3n en acero inoxidable, estos grifos son no solo duraderos, sino tambi\u00e9n resistentes a la corrosi\u00f3n y a las manchas, lo que garantiza que tu grifo se mantendr\u00e1 en condiciones \u00f3ptimas durante a\u00f1os.<\/p>\n<p>Los grifos de cocina de acero inoxidable son especialmente valorados por su elegante apariencia y su capacidad para integrarse en cualquier estilo decorativo, desde el m\u00e1s moderno hasta el m\u00e1s r\u00fastico. Adem\u00e1s, su acabado brillante no solo realza la est\u00e9tica de la cocina, sino que tambi\u00e9n es f\u00e1cil de limpiar y mantener. Con una simple limpieza, podr\u00e1s mantener el brillo y la elegancia de tu grifo, haciendo que tu cocina brille en todo su esplendor.<\/p>\n<p>Una de las caracter\u00edsticas m\u00e1s destacadas de estos grifos es la funcionalidad de su ca\u00f1o extra\u00edble. Esta caracter\u00edstica te permite usar el grifo con mayor flexibilidad, haciendo m\u00e1s sencillo el acceso a lugares dif\u00edciles o el llenado de ollas grandes. Imagina poder lavar esos recipientes voluminosos sin esfuerzo; con este grifo, esto es posible. Adem\u00e1s, muchos de estos modelos vienen con distintas modalidades de chorro, lo que te permitir\u00e1 seleccionar el flujo que m\u00e1s se ajuste a tus necesidades. <\/p>\n<p>Otro aspecto importante a considerar es la instalaci\u00f3n. La mayor\u00eda de estos grifos est\u00e1n dise\u00f1ados para ser instalados de manera sencilla, lo que los convierte en una opci\u00f3n ideal tanto para proyectos de remodelaci\u00f3n como para la construcci\u00f3n de cocinas nuevas. Muchas marcas ofrecen instrucciones claras y directas, lo que te ayudar\u00e1 a realizar la instalaci\u00f3n sin necesidad de un profesional. Sin embargo, si prefieres dejar el trabajo a expertos, siempre puedes optar por contratar a un fontanero.<\/p>\n<p>En t\u00e9rminos de sostenibilidad, elegir grifos de acero inoxidable puede ser una decisi\u00f3n acertada. Este material es reciclable y tiene una huella ambiental reducida en comparaci\u00f3n con otros metales. Adem\u00e1s, al optar por modelos de bajo consumo, puedes contribuir a la reducci\u00f3n del uso de agua en tu hogar, una elecci\u00f3n que no solo beneficia al medio ambiente, sino que tambi\u00e9n se traduce en ahorros en tu factura de agua.<\/p>\n<p>La variedad en cuanto a modelos y estilos tambi\u00e9n es amplia. Puedes encontrar desde grifos de cocina de estilo retro hasta opciones m\u00e1s contempor\u00e1neas, lo que te permite elegir aquel que mejor se adapte a tu estilo personal y al dise\u00f1o de tu cocina. Algunas marcas incluso ofrecen personalizaci\u00f3n, permiti\u00e9ndote elegir acabados o caracter\u00edsticas espec\u00edficas que se ajusten a tus requerimientos.<\/p>\n<p>Finalmente, no olvides que la inversi\u00f3n en un grifo de alta calidad puede suponer un gasto un tanto elevado al principio. Sin embargo, debes considerar la durabilidad y el ahorro potencial a largo plazo. Un grifo de acero inoxidable de calidad no solo durar\u00e1 m\u00e1s, sino que tambi\u00e9n podr\u00e1 evitar problemas como fugas o corrosi\u00f3n, lo que te ahorrar\u00e1 dinero y molestias en el futuro. <\/p>\n<p>En conclusi\u00f3n, los grifos de cocina de acero inoxidable con ca\u00f1o extra\u00edble son una opci\u00f3n excelente para cualquier hogar. No solo ofrecen durabilidad y est\u00e9tica, sino tambi\u00e9n una funcionalidad que simplifica las tareas cotidianas. Si est\u00e1s pensando en remodelar tu cocina o simplemente quieres hacer un cambio, \u00a1considera invertir en un grifo de acero inoxidable y experimenta la diferencia! Con sus caracter\u00edsticas avanzadas y su dise\u00f1o atractivo, es una compra que sin duda valdr\u00e1 la pena.<\/p>\n<\/p><\/div>\n","protected":false},"excerpt":{"rendered":"<p>\ud83d\udfe5 EXCLUSIVO \ud83d\udfe5 #Publicidad #Amazon # \ud83d\udd34 Grifos Cocina Acero Inoxidable \u2705 AHORA 11.59 \u20ac \u2714\ufe0f\ud83d\udfe1 \u274c Antes 32.89 \u20ac \ud83c\udf9f Cup\u00f3n BSES02 \ud83d\uded2: https:\/\/btz.es\/4U4hg95 Los grifos de cocina son una parte fundamental de cualquier hogar moderno. Estos grifos de acero inoxidable, dise\u00f1ados para ofrecer funcionalidad y est\u00e9tica, son ideales para quienes buscan elevar su [&hellip;]<\/p>\n","protected":false},"featured_media":7133,"template":"","meta":{"_gspb_post_css":""},"store":[],"product_brand":[],"product_cat":[16],"product_tag":[],"class_list":{"0":"post-7134","1":"product","2":"type-product","3":"status-publish","4":"has-post-thumbnail","6":"product_cat-sin-categorizar","8":"first","9":"instock","10":"sale","11":"shipping-taxable","12":"product-type-external"},"jetpack_sharing_enabled":true,"_links":{"self":[{"href":"https:\/\/ofertacular.com\/index.php\/wp-json\/wp\/v2\/product\/7134","targetHints":{"allow":["GET"]}}],"collection":[{"href":"https:\/\/ofertacular.com\/index.php\/wp-json\/wp\/v2\/product"}],"about":[{"href":"https:\/\/ofertacular.com\/index.php\/wp-json\/wp\/v2\/types\/product"}],"wp:featuredmedia":[{"embeddable":true,"href":"https:\/\/ofertacular.com\/index.php\/wp-json\/wp\/v2\/media\/7133"}],"wp:attachment":[{"href":"https:\/\/ofertacular.com\/index.php\/wp-json\/wp\/v2\/media?parent=7134"}],"wp:term":[{"taxonomy":"store","embeddable":true,"href":"https:\/\/ofertacular.com\/index.php\/wp-json\/wp\/v2\/store?post=7134"},{"taxonomy":"product_brand","embeddable":true,"href":"https:\/\/ofertacular.com\/index.php\/wp-json\/wp\/v2\/product_brand?post=7134"},{"taxonomy":"product_cat","embeddable":true,"href":"https:\/\/ofertacular.com\/index.php\/wp-json\/wp\/v2\/product_cat?post=7134"},{"taxonomy":"product_tag","embeddable":true,"href":"https:\/\/ofertacular.com\/index.php\/wp-json\/wp\/v2\/product_tag?post=7134"}],"curies":[{"name":"wp","href":"https:\/\/api.w.org\/{rel}","templated":true}]}}