{"id":7140,"date":"2025-08-21T08:05:47","date_gmt":"2025-08-21T06:05:47","guid":{"rendered":"https:\/\/ofertacular.com\/index.php\/producto\/croc-croc\/"},"modified":"2025-08-21T08:05:47","modified_gmt":"2025-08-21T06:05:47","slug":"croc-croc","status":"publish","type":"product","link":"https:\/\/ofertacular.com\/index.php\/producto\/croc-croc\/","title":{"rendered":"Croc Croc"},"content":{"rendered":"<div class=\"oferta-container\">\n<p>\ud83d\udfe5 <b>DATE PRISA<\/b> \ud83d\udfe5 #Publicidad #Amazon #16<\/p>\n<p>\ud83d\udd34 <b>Calzado Crocs <\/b><\/p>\n<p>\u2705 <b>AHORA 0.5 \u20ac<\/b> \u2714\ufe0f\ud83d\udfe1<\/p>\n<p>\u274c Antes <\/p>\n<p>\ud83d\uded2: <a href=\"https:\/\/btz.es\/4U4kG0g\" target=\"_blank\" rel=\"nofollow noopener\">https:\/\/btz.es\/4U4kG0g<\/a><\/p>\n<p>Los Crocs son reconocidos mundialmente por su dise\u00f1o \u00fanico y comodidad excepcional. Fabricados con el material Croslite patentado, estos zapatos ofrecen una ligereza inigualable que permite a los usuarios caminar durante horas sin sensaci\u00f3n de fatiga. Ideales para uso diario, actividades al aire libre o en ambientes laborales donde la comodidad es fundamental, los Crocs combinan funcionalidad y estilo. Su dise\u00f1o ventilado permite una excelente transpiraci\u00f3n, manteniendo los pies frescos y secos incluso en condiciones de calor. Adem\u00e1s, cuentan con una suela antideslizante que proporciona seguridad y estabilidad en diferentes superficies. Disponibles en m\u00faltiples colores y tallas, estos zapatos se adaptan a todos los gustos y necesidades, convirti\u00e9ndolos en una elecci\u00f3n vers\u00e1til y pr\u00e1ctica. La marca Crocs ha revolucionado el mercado del calzado casual con un producto que fusiona tecnolog\u00eda, ergonom\u00eda y tendencia, consolid\u00e1ndose como un imprescindible en armarios alrededor del mundo. Ya sea para un paseo relajado, un d\u00eda de trabajo o una salida casual, las Crocs garantizan confort y durabilidad excepcional, respaldadas por a\u00f1os de innovaci\u00f3n y calidad. Incorporar los Crocs a tu colecci\u00f3n de calzado es apostar por una experiencia de uso superior, donde cada paso se siente ligero y seguro.<\/p>\n<\/p><\/div>\n","protected":false},"excerpt":{"rendered":"<p>\ud83d\udfe5 DATE PRISA \ud83d\udfe5 #Publicidad #Amazon #16 \ud83d\udd34 Calzado Crocs \u2705 AHORA 0.5 \u20ac \u2714\ufe0f\ud83d\udfe1 \u274c Antes \ud83d\uded2: https:\/\/btz.es\/4U4kG0g Los Crocs son reconocidos mundialmente por su dise\u00f1o \u00fanico y comodidad excepcional. Fabricados con el material Croslite patentado, estos zapatos ofrecen una ligereza inigualable que permite a los usuarios caminar durante horas sin sensaci\u00f3n de fatiga. [&hellip;]<\/p>\n","protected":false},"featured_media":7139,"template":"","meta":{"_gspb_post_css":""},"store":[],"product_brand":[],"product_cat":[16],"product_tag":[],"class_list":{"0":"post-7140","1":"product","2":"type-product","3":"status-publish","4":"has-post-thumbnail","6":"product_cat-sin-categorizar","8":"first","9":"instock","10":"shipping-taxable","11":"product-type-external"},"jetpack_sharing_enabled":true,"_links":{"self":[{"href":"https:\/\/ofertacular.com\/index.php\/wp-json\/wp\/v2\/product\/7140","targetHints":{"allow":["GET"]}}],"collection":[{"href":"https:\/\/ofertacular.com\/index.php\/wp-json\/wp\/v2\/product"}],"about":[{"href":"https:\/\/ofertacular.com\/index.php\/wp-json\/wp\/v2\/types\/product"}],"wp:featuredmedia":[{"embeddable":true,"href":"https:\/\/ofertacular.com\/index.php\/wp-json\/wp\/v2\/media\/7139"}],"wp:attachment":[{"href":"https:\/\/ofertacular.com\/index.php\/wp-json\/wp\/v2\/media?parent=7140"}],"wp:term":[{"taxonomy":"store","embeddable":true,"href":"https:\/\/ofertacular.com\/index.php\/wp-json\/wp\/v2\/store?post=7140"},{"taxonomy":"product_brand","embeddable":true,"href":"https:\/\/ofertacular.com\/index.php\/wp-json\/wp\/v2\/product_brand?post=7140"},{"taxonomy":"product_cat","embeddable":true,"href":"https:\/\/ofertacular.com\/index.php\/wp-json\/wp\/v2\/product_cat?post=7140"},{"taxonomy":"product_tag","embeddable":true,"href":"https:\/\/ofertacular.com\/index.php\/wp-json\/wp\/v2\/product_tag?post=7140"}],"curies":[{"name":"wp","href":"https:\/\/api.w.org\/{rel}","templated":true}]}}