{"id":7148,"date":"2025-08-21T09:42:00","date_gmt":"2025-08-21T07:42:00","guid":{"rendered":"https:\/\/ofertacular.com\/index.php\/producto\/cecotec-colchon\/"},"modified":"2025-08-21T09:42:00","modified_gmt":"2025-08-21T07:42:00","slug":"cecotec-colchon","status":"publish","type":"product","link":"https:\/\/ofertacular.com\/index.php\/producto\/cecotec-colchon\/","title":{"rendered":"Cecotec Colch\u00f3n"},"content":{"rendered":"<div class=\"oferta-container\">\n<p>\ud83d\udfe5 <b>DESCUENTAZO<\/b> \ud83d\udfe5 #Publicidad #Amazon #16<\/p>\n<p>\ud83d\udd34 <b>Colch\u00f3n Cecotec <\/b><\/p>\n<p>\u2705 <b>AHORA 94.9 \u20ac<\/b> \u2714\ufe0f\ud83d\udfe1<\/p>\n<p>\u274c Antes 110.00 \u20ac<\/p>\n<p>\ud83d\uded2: <a href=\"https:\/\/btz.es\/4U48Uh7\" target=\"_blank\" rel=\"nofollow noopener\">https:\/\/btz.es\/4U48Uh7<\/a><\/p>\n<p>Descubre el colch\u00f3n Cecotec, una soluci\u00f3n innovadora y eficiente para mejorar la calidad de tu descanso. Este colch\u00f3n ha sido dise\u00f1ado con materiales de alta tecnolog\u00eda para proporcionar un soporte ergon\u00f3mico y adaptarse perfectamente a la forma de tu cuerpo, garantizando un sue\u00f1o profundo y reparador. Ideado para quienes buscan una combinaci\u00f3n perfecta entre comodidad y durabilidad, el colch\u00f3n Cecotec cuenta con una estructura interna que favorece la ventilaci\u00f3n, evitando la acumulaci\u00f3n de humedad y regulando la temperatura durante toda la noche. Su dise\u00f1o moderno y elegante no solo se ajusta a cualquier tipo de dormitorio, sino que tambi\u00e9n incorpora propiedades hipoalerg\u00e9nicas, ideales para personas con sensibilidad o alergias. Este colch\u00f3n es resistente a deformaciones y mantiene sus propiedades a lo largo del tiempo, asegurando un descanso de calidad durante a\u00f1os. Adem\u00e1s, su mantenimiento es sencillo gracias a su funda transpirable y desmontable que facilita la limpieza. Perfecto para todo tipo de durmientes, desde personas que prefieren un soporte firme hasta quienes buscan una superficie m\u00e1s suave y acolchada. Invertir en el colch\u00f3n Cecotec es apostar por un descanso saludable, reduciendo los puntos de presi\u00f3n en el cuerpo y promoviendo una postura correcta durante el sue\u00f1o. No esperes m\u00e1s y transforma tus noches con la comodidad y tecnolog\u00eda del colch\u00f3n Cecotec, pensado para proporcionarte el relax que mereces y un despertar renovado cada ma\u00f1ana.<\/p>\n<\/p><\/div>\n","protected":false},"excerpt":{"rendered":"<p>\ud83d\udfe5 DESCUENTAZO \ud83d\udfe5 #Publicidad #Amazon #16 \ud83d\udd34 Colch\u00f3n Cecotec \u2705 AHORA 94.9 \u20ac \u2714\ufe0f\ud83d\udfe1 \u274c Antes 110.00 \u20ac \ud83d\uded2: https:\/\/btz.es\/4U48Uh7 Descubre el colch\u00f3n Cecotec, una soluci\u00f3n innovadora y eficiente para mejorar la calidad de tu descanso. Este colch\u00f3n ha sido dise\u00f1ado con materiales de alta tecnolog\u00eda para proporcionar un soporte ergon\u00f3mico y adaptarse perfectamente a [&hellip;]<\/p>\n","protected":false},"featured_media":7147,"template":"","meta":{"_gspb_post_css":""},"store":[],"product_brand":[],"product_cat":[16],"product_tag":[],"class_list":{"0":"post-7148","1":"product","2":"type-product","3":"status-publish","4":"has-post-thumbnail","6":"product_cat-sin-categorizar","8":"first","9":"instock","10":"sale","11":"shipping-taxable","12":"product-type-external"},"jetpack_sharing_enabled":true,"_links":{"self":[{"href":"https:\/\/ofertacular.com\/index.php\/wp-json\/wp\/v2\/product\/7148","targetHints":{"allow":["GET"]}}],"collection":[{"href":"https:\/\/ofertacular.com\/index.php\/wp-json\/wp\/v2\/product"}],"about":[{"href":"https:\/\/ofertacular.com\/index.php\/wp-json\/wp\/v2\/types\/product"}],"wp:featuredmedia":[{"embeddable":true,"href":"https:\/\/ofertacular.com\/index.php\/wp-json\/wp\/v2\/media\/7147"}],"wp:attachment":[{"href":"https:\/\/ofertacular.com\/index.php\/wp-json\/wp\/v2\/media?parent=7148"}],"wp:term":[{"taxonomy":"store","embeddable":true,"href":"https:\/\/ofertacular.com\/index.php\/wp-json\/wp\/v2\/store?post=7148"},{"taxonomy":"product_brand","embeddable":true,"href":"https:\/\/ofertacular.com\/index.php\/wp-json\/wp\/v2\/product_brand?post=7148"},{"taxonomy":"product_cat","embeddable":true,"href":"https:\/\/ofertacular.com\/index.php\/wp-json\/wp\/v2\/product_cat?post=7148"},{"taxonomy":"product_tag","embeddable":true,"href":"https:\/\/ofertacular.com\/index.php\/wp-json\/wp\/v2\/product_tag?post=7148"}],"curies":[{"name":"wp","href":"https:\/\/api.w.org\/{rel}","templated":true}]}}