{"id":7150,"date":"2025-08-21T09:43:07","date_gmt":"2025-08-21T07:43:07","guid":{"rendered":"https:\/\/ofertacular.com\/index.php\/producto\/adidas-shoes-12\/"},"modified":"2025-08-21T09:43:07","modified_gmt":"2025-08-21T07:43:07","slug":"adidas-shoes-12","status":"publish","type":"product","link":"https:\/\/ofertacular.com\/index.php\/producto\/adidas-shoes-12\/","title":{"rendered":"adidas Shoes"},"content":{"rendered":"<div class=\"oferta-container\">\n<p>\ud83d\udfe5 <b>\u00a1OFERTA ESPECIAL!<\/b> \ud83d\udfe5 #Publicidad #Amazon #16<\/p>\n<p>\ud83d\udd34 <b>Zapatos adidas <\/b><\/p>\n<p>\u2705 <b>AHORA 24.99 \u20ac<\/b> \u2714\ufe0f\ud83d\udfe1<\/p>\n<p>\u274c Antes 55.00 \u20ac<\/p>\n<p>\ud83d\uded2: <a href=\"https:\/\/btz.es\/4U49lSI\" target=\"_blank\" rel=\"nofollow noopener\">https:\/\/btz.es\/4U49lSI<\/a><\/p>\n<p>Descubre la excelencia y el estilo inconfundible de los zapatos adidas, dise\u00f1ados para ofrecer el m\u00e1ximo rendimiento y confort en cada paso. adidas es una marca l\u00edder en el mundo del calzado deportivo y casual, reconocida por su innovaci\u00f3n tecnol\u00f3gica, dise\u00f1o moderno y compromiso con la calidad. Estos zapatos combinan materiales de alta calidad con tecnolog\u00edas avanzadas como Boost, Primeknit y Torsion, que proporcionan amortiguaci\u00f3n, flexibilidad y soporte \u00f3ptimos para todo tipo de actividades, desde correr y entrenar hasta uso diario. Adem\u00e1s, el dise\u00f1o elegante y vers\u00e1til de los zapatos adidas los convierte en una elecci\u00f3n perfecta tanto para deportistas como para amantes de la moda urbana. Gracias a su durabilidad y acabado premium, estos zapatos aseguran una inversi\u00f3n a largo plazo para tu comodidad y estilo. Ya sea que busques un calzado ligero para mejorar tu rendimiento deportivo o un modelo casual para complementar tus looks diarios, los zapatos adidas cumplen y superan las expectativas. Explora la amplia gama de modelos, colores y tallas para encontrar el par ideal que se adapte a tus necesidades y personalidad. No pierdas la oportunidad de experimentar la combinaci\u00f3n perfecta entre funcionalidad y estilo que solo adidas puede ofrecer. Prep\u00e1rate para destacar y sentirte imparable con los zapatos adidas, tu mejor elecci\u00f3n en calzado deportivo y casual en el mercado actual.<\/p>\n<\/p><\/div>\n","protected":false},"excerpt":{"rendered":"<p>\ud83d\udfe5 \u00a1OFERTA ESPECIAL! \ud83d\udfe5 #Publicidad #Amazon #16 \ud83d\udd34 Zapatos adidas \u2705 AHORA 24.99 \u20ac \u2714\ufe0f\ud83d\udfe1 \u274c Antes 55.00 \u20ac \ud83d\uded2: https:\/\/btz.es\/4U49lSI Descubre la excelencia y el estilo inconfundible de los zapatos adidas, dise\u00f1ados para ofrecer el m\u00e1ximo rendimiento y confort en cada paso. adidas es una marca l\u00edder en el mundo del calzado deportivo y [&hellip;]<\/p>\n","protected":false},"featured_media":7149,"template":"","meta":{"_gspb_post_css":""},"store":[],"product_brand":[],"product_cat":[16],"product_tag":[],"class_list":{"0":"post-7150","1":"product","2":"type-product","3":"status-publish","4":"has-post-thumbnail","6":"product_cat-sin-categorizar","8":"first","9":"instock","10":"sale","11":"shipping-taxable","12":"product-type-external"},"jetpack_sharing_enabled":true,"_links":{"self":[{"href":"https:\/\/ofertacular.com\/index.php\/wp-json\/wp\/v2\/product\/7150","targetHints":{"allow":["GET"]}}],"collection":[{"href":"https:\/\/ofertacular.com\/index.php\/wp-json\/wp\/v2\/product"}],"about":[{"href":"https:\/\/ofertacular.com\/index.php\/wp-json\/wp\/v2\/types\/product"}],"wp:featuredmedia":[{"embeddable":true,"href":"https:\/\/ofertacular.com\/index.php\/wp-json\/wp\/v2\/media\/7149"}],"wp:attachment":[{"href":"https:\/\/ofertacular.com\/index.php\/wp-json\/wp\/v2\/media?parent=7150"}],"wp:term":[{"taxonomy":"store","embeddable":true,"href":"https:\/\/ofertacular.com\/index.php\/wp-json\/wp\/v2\/store?post=7150"},{"taxonomy":"product_brand","embeddable":true,"href":"https:\/\/ofertacular.com\/index.php\/wp-json\/wp\/v2\/product_brand?post=7150"},{"taxonomy":"product_cat","embeddable":true,"href":"https:\/\/ofertacular.com\/index.php\/wp-json\/wp\/v2\/product_cat?post=7150"},{"taxonomy":"product_tag","embeddable":true,"href":"https:\/\/ofertacular.com\/index.php\/wp-json\/wp\/v2\/product_tag?post=7150"}],"curies":[{"name":"wp","href":"https:\/\/api.w.org\/{rel}","templated":true}]}}