{"id":7158,"date":"2025-08-21T11:34:51","date_gmt":"2025-08-21T09:34:51","guid":{"rendered":"https:\/\/ofertacular.com\/index.php\/producto\/nike-sneakers-5\/"},"modified":"2025-08-21T11:34:51","modified_gmt":"2025-08-21T09:34:51","slug":"nike-sneakers-5","status":"publish","type":"product","link":"https:\/\/ofertacular.com\/index.php\/producto\/nike-sneakers-5\/","title":{"rendered":"Nike Sneakers"},"content":{"rendered":"<div class=\"oferta-container\">\n<p>\ud83d\udfe5 <b>\u00a1GANGAZO!<\/b> \ud83d\udfe5 #Publicidad #Amazon #16<\/p>\n<p>\ud83d\udd34 <b>Sneakers Nike <\/b><\/p>\n<p>\u2705 <b>AHORA 39.99 \u20ac<\/b> \u2714\ufe0f\ud83d\udfe1<\/p>\n<p>\u274c Antes 80.00 \u20ac<\/p>\n<p>\ud83d\uded2: <a href=\"https:\/\/btz.es\/4U5btVo\" target=\"_blank\" rel=\"nofollow noopener\">https:\/\/btz.es\/4U5btVo<\/a><\/p>\n<p>Descubre los Sneakers Nike, una combinaci\u00f3n perfecta de estilo y rendimiento dise\u00f1ada para quienes buscan comodidad y moda en su calzado diario. Nike, reconocida mundialmente por su innovaci\u00f3n y calidad, ofrece estos tenis que destacan por su dise\u00f1o moderno, materiales de alta calidad y tecnolog\u00eda avanzada para proporcionar soporte y durabilidad. Ideales para actividades deportivas o para complementar cualquier look casual, estos sneakers cuentan con una suela resistente que garantiza tracci\u00f3n y estabilidad en diversas superficies. La transpirabilidad de los materiales favorece la ventilaci\u00f3n del pie, asegurando confort durante todo el d\u00eda. Adem\u00e1s, su dise\u00f1o ergon\u00f3mico se adapta perfectamente al contorno del pie, reduciendo la fatiga y previniendo lesiones. Perfectos para deportistas y amantes de la moda urbana, los Sneakers Nike son una inversi\u00f3n segura para quienes valoran tanto la est\u00e9tica como el desempe\u00f1o. Disponibles en m\u00faltiples tallas y colores, se ajustan a distintos gustos y necesidades, convirti\u00e9ndose en un b\u00e1sico imprescindible en cualquier guardarropa. Aprovecha la oportunidad de adquirir un calzado de alta gama, respaldado por la reputaci\u00f3n y calidad que solo Nike puede ofrecer. \u00a1Eleva tu estilo y rendimiento con estos incre\u00edbles sneakers!<\/p>\n<\/p><\/div>\n","protected":false},"excerpt":{"rendered":"<p>\ud83d\udfe5 \u00a1GANGAZO! \ud83d\udfe5 #Publicidad #Amazon #16 \ud83d\udd34 Sneakers Nike \u2705 AHORA 39.99 \u20ac \u2714\ufe0f\ud83d\udfe1 \u274c Antes 80.00 \u20ac \ud83d\uded2: https:\/\/btz.es\/4U5btVo Descubre los Sneakers Nike, una combinaci\u00f3n perfecta de estilo y rendimiento dise\u00f1ada para quienes buscan comodidad y moda en su calzado diario. Nike, reconocida mundialmente por su innovaci\u00f3n y calidad, ofrece estos tenis que destacan [&hellip;]<\/p>\n","protected":false},"featured_media":7157,"template":"","meta":{"_gspb_post_css":""},"store":[],"product_brand":[],"product_cat":[16],"product_tag":[],"class_list":{"0":"post-7158","1":"product","2":"type-product","3":"status-publish","4":"has-post-thumbnail","6":"product_cat-sin-categorizar","8":"first","9":"instock","10":"sale","11":"shipping-taxable","12":"product-type-external"},"jetpack_sharing_enabled":true,"_links":{"self":[{"href":"https:\/\/ofertacular.com\/index.php\/wp-json\/wp\/v2\/product\/7158","targetHints":{"allow":["GET"]}}],"collection":[{"href":"https:\/\/ofertacular.com\/index.php\/wp-json\/wp\/v2\/product"}],"about":[{"href":"https:\/\/ofertacular.com\/index.php\/wp-json\/wp\/v2\/types\/product"}],"wp:featuredmedia":[{"embeddable":true,"href":"https:\/\/ofertacular.com\/index.php\/wp-json\/wp\/v2\/media\/7157"}],"wp:attachment":[{"href":"https:\/\/ofertacular.com\/index.php\/wp-json\/wp\/v2\/media?parent=7158"}],"wp:term":[{"taxonomy":"store","embeddable":true,"href":"https:\/\/ofertacular.com\/index.php\/wp-json\/wp\/v2\/store?post=7158"},{"taxonomy":"product_brand","embeddable":true,"href":"https:\/\/ofertacular.com\/index.php\/wp-json\/wp\/v2\/product_brand?post=7158"},{"taxonomy":"product_cat","embeddable":true,"href":"https:\/\/ofertacular.com\/index.php\/wp-json\/wp\/v2\/product_cat?post=7158"},{"taxonomy":"product_tag","embeddable":true,"href":"https:\/\/ofertacular.com\/index.php\/wp-json\/wp\/v2\/product_tag?post=7158"}],"curies":[{"name":"wp","href":"https:\/\/api.w.org\/{rel}","templated":true}]}}