{"id":7162,"date":"2025-08-21T11:39:36","date_gmt":"2025-08-21T09:39:36","guid":{"rendered":"https:\/\/ofertacular.com\/index.php\/producto\/cinta-adhesiva\/"},"modified":"2025-08-21T11:39:36","modified_gmt":"2025-08-21T09:39:36","slug":"cinta-adhesiva","status":"publish","type":"product","link":"https:\/\/ofertacular.com\/index.php\/producto\/cinta-adhesiva\/","title":{"rendered":"Cinta Adhesiva"},"content":{"rendered":"<div class=\"oferta-container\">\n<p>\ud83d\udfe5 <b>\u00a1S\u00d3LO HOY!<\/b> \ud83d\udfe5 #Publicidad #Amazon #16<\/p>\n<p>\ud83d\udd34 <b>Cinta Adhesiva <\/b><\/p>\n<p>\u2705 <b>AHORA 0.8 \u20ac<\/b> \u2714\ufe0f\ud83d\udfe1<\/p>\n<p>\u274c Antes <\/p>\n<p>\ud83d\uded2: <a href=\"https:\/\/btz.es\/4U5c5Gm\" target=\"_blank\" rel=\"nofollow noopener\">https:\/\/btz.es\/4U5c5Gm<\/a><\/p>\n<p>Descubre la versatilidad y resistencia de nuestra cinta adhesiva de alta calidad, perfecta para una amplia variedad de usos dom\u00e9sticos, escolares y profesionales. Esta cinta est\u00e1 dise\u00f1ada para ofrecer una adhesi\u00f3n fuerte y duradera sobre diferentes superficies como papel, cart\u00f3n, pl\u00e1stico y metal, garantizando un rendimiento excepcional sin dejar residuos pegajosos al retirarla. Ideal para embalaje, reparaciones r\u00e1pidas, manualidades y proyectos creativos, nuestra cinta adhesiva es una herramienta indispensable en cualquier hogar u oficina. Adem\u00e1s, su fabricaci\u00f3n con materiales transparentes y flexibles permite un acabado est\u00e9tico y discreto en cualquier aplicaci\u00f3n, mientras que su f\u00e1cil manejo y corte preciso facilitan su uso diario sin complicaciones. Gracias a su resistencia a la humedad y a las variaciones de temperatura, esta cinta asegura una fijaci\u00f3n confiable incluso en condiciones adversas. Incluye un dispensador ergon\u00f3mico que permite un uso limpio, r\u00e1pido y seguro, evitando desperdicios y mejorando la productividad. Con esta cinta adhesiva, disfrutar\u00e1s de una soluci\u00f3n pr\u00e1ctica y econ\u00f3mica que se adapta a tus necesidades y garantiza resultados profesionales en cada trabajo.<\/p>\n<\/p><\/div>\n","protected":false},"excerpt":{"rendered":"<p>\ud83d\udfe5 \u00a1S\u00d3LO HOY! \ud83d\udfe5 #Publicidad #Amazon #16 \ud83d\udd34 Cinta Adhesiva \u2705 AHORA 0.8 \u20ac \u2714\ufe0f\ud83d\udfe1 \u274c Antes \ud83d\uded2: https:\/\/btz.es\/4U5c5Gm Descubre la versatilidad y resistencia de nuestra cinta adhesiva de alta calidad, perfecta para una amplia variedad de usos dom\u00e9sticos, escolares y profesionales. Esta cinta est\u00e1 dise\u00f1ada para ofrecer una adhesi\u00f3n fuerte y duradera sobre diferentes [&hellip;]<\/p>\n","protected":false},"featured_media":7161,"template":"","meta":{"_gspb_post_css":""},"store":[],"product_brand":[],"product_cat":[16],"product_tag":[],"class_list":{"0":"post-7162","1":"product","2":"type-product","3":"status-publish","4":"has-post-thumbnail","6":"product_cat-sin-categorizar","8":"first","9":"instock","10":"shipping-taxable","11":"product-type-external"},"jetpack_sharing_enabled":true,"_links":{"self":[{"href":"https:\/\/ofertacular.com\/index.php\/wp-json\/wp\/v2\/product\/7162","targetHints":{"allow":["GET"]}}],"collection":[{"href":"https:\/\/ofertacular.com\/index.php\/wp-json\/wp\/v2\/product"}],"about":[{"href":"https:\/\/ofertacular.com\/index.php\/wp-json\/wp\/v2\/types\/product"}],"wp:featuredmedia":[{"embeddable":true,"href":"https:\/\/ofertacular.com\/index.php\/wp-json\/wp\/v2\/media\/7161"}],"wp:attachment":[{"href":"https:\/\/ofertacular.com\/index.php\/wp-json\/wp\/v2\/media?parent=7162"}],"wp:term":[{"taxonomy":"store","embeddable":true,"href":"https:\/\/ofertacular.com\/index.php\/wp-json\/wp\/v2\/store?post=7162"},{"taxonomy":"product_brand","embeddable":true,"href":"https:\/\/ofertacular.com\/index.php\/wp-json\/wp\/v2\/product_brand?post=7162"},{"taxonomy":"product_cat","embeddable":true,"href":"https:\/\/ofertacular.com\/index.php\/wp-json\/wp\/v2\/product_cat?post=7162"},{"taxonomy":"product_tag","embeddable":true,"href":"https:\/\/ofertacular.com\/index.php\/wp-json\/wp\/v2\/product_tag?post=7162"}],"curies":[{"name":"wp","href":"https:\/\/api.w.org\/{rel}","templated":true}]}}