{"id":7178,"date":"2025-08-22T09:15:51","date_gmt":"2025-08-22T07:15:51","guid":{"rendered":"https:\/\/ofertacular.com\/index.php\/producto\/pepe-jeans-12\/"},"modified":"2025-08-22T09:15:51","modified_gmt":"2025-08-22T07:15:51","slug":"pepe-jeans-12","status":"publish","type":"product","link":"https:\/\/ofertacular.com\/index.php\/producto\/pepe-jeans-12\/","title":{"rendered":"Pepe Jeans"},"content":{"rendered":"<div class=\"oferta-container\">\n<p>\ud83d\udfe5 <b>DESCUENTO<\/b> \ud83d\udfe5 #Publicidad #Amazon #16<\/p>\n<p>\ud83d\udd34 <b>Moda Pepe <\/b><\/p>\n<p>\u2705 <b>AHORA 30.99 \u20ac<\/b> \u2714\ufe0f\ud83d\udfe1<\/p>\n<p>\u274c Antes 68.95 \u20ac<\/p>\n<p>\ud83d\uded2: <a href=\"https:\/\/btz.es\/4UAsQ2D\" target=\"_blank\" rel=\"nofollow noopener\">https:\/\/btz.es\/4UAsQ2D<\/a><\/p>\n<p>Pepe Jeans es una marca l\u00edder en el mundo de la moda, reconocida por su estilo contempor\u00e1neo y calidad superior. Desde sus inicios, Pepe Jeans ha sabido combinar tendencias urbanas con dise\u00f1o innovador, creando prendas y accesorios que se adaptan perfectamente a las necesidades modernas. Sus colecciones incluyen desde jeans, camisetas, chaquetas hasta calzado y complementos, haciendo que cada pieza sea imprescindible en el armario de cualquier amante de la moda.<\/p>\n<p>La marca Pepe Jeans destaca por su compromiso con la originalidad y la fabricaci\u00f3n de productos duraderos, usando materiales de alta calidad para garantizar comodidad y resistencia. Su l\u00ednea de denim es especialmente reconocida, ofreciendo cortes que favorecen diferentes siluetas y estilos, desde el cl\u00e1sico hasta el m\u00e1s vanguardista.<\/p>\n<p>Adem\u00e1s, Pepe Jeans apuesta por un dise\u00f1o vers\u00e1til que puede combinarse f\u00e1cilmente, permitiendo a sus clientes crear looks tanto casuales como m\u00e1s formales, ideal para cualquier ocasi\u00f3n. La empresa tambi\u00e9n incorpora t\u00e9cnicas eco-friendly y procesos sostenibles en su producci\u00f3n, aline\u00e1ndose con la creciente demanda de moda responsable.<\/p>\n<p>Adquirir productos Pepe Jeans es invertir en moda atemporal que no sacrifica ni la est\u00e9tica ni la funcionalidad. Esta marca es perfecta para quienes buscan un equilibrio entre calidad, tendencia y precio razonable. Gracias a su presencia global, Pepe Jeans se ha consolidado como una elecci\u00f3n top para los consumidores que desean expresar su personalidad a trav\u00e9s de la ropa.<\/p>\n<p>En resumen, si buscas prendas de alta calidad, dise\u00f1o \u00fanico y una marca con identidad fuerte, Pepe Jeans es tu mejor opci\u00f3n para renovar tu armario con estilo y confianza.<\/p>\n<\/p><\/div>\n","protected":false},"excerpt":{"rendered":"<p>\ud83d\udfe5 DESCUENTO \ud83d\udfe5 #Publicidad #Amazon #16 \ud83d\udd34 Moda Pepe \u2705 AHORA 30.99 \u20ac \u2714\ufe0f\ud83d\udfe1 \u274c Antes 68.95 \u20ac \ud83d\uded2: https:\/\/btz.es\/4UAsQ2D Pepe Jeans es una marca l\u00edder en el mundo de la moda, reconocida por su estilo contempor\u00e1neo y calidad superior. Desde sus inicios, Pepe Jeans ha sabido combinar tendencias urbanas con dise\u00f1o innovador, creando prendas [&hellip;]<\/p>\n","protected":false},"featured_media":7177,"template":"","meta":{"_gspb_post_css":""},"store":[],"product_brand":[],"product_cat":[16],"product_tag":[],"class_list":{"0":"post-7178","1":"product","2":"type-product","3":"status-publish","4":"has-post-thumbnail","6":"product_cat-sin-categorizar","8":"first","9":"instock","10":"sale","11":"shipping-taxable","12":"product-type-external"},"jetpack_sharing_enabled":true,"_links":{"self":[{"href":"https:\/\/ofertacular.com\/index.php\/wp-json\/wp\/v2\/product\/7178","targetHints":{"allow":["GET"]}}],"collection":[{"href":"https:\/\/ofertacular.com\/index.php\/wp-json\/wp\/v2\/product"}],"about":[{"href":"https:\/\/ofertacular.com\/index.php\/wp-json\/wp\/v2\/types\/product"}],"wp:featuredmedia":[{"embeddable":true,"href":"https:\/\/ofertacular.com\/index.php\/wp-json\/wp\/v2\/media\/7177"}],"wp:attachment":[{"href":"https:\/\/ofertacular.com\/index.php\/wp-json\/wp\/v2\/media?parent=7178"}],"wp:term":[{"taxonomy":"store","embeddable":true,"href":"https:\/\/ofertacular.com\/index.php\/wp-json\/wp\/v2\/store?post=7178"},{"taxonomy":"product_brand","embeddable":true,"href":"https:\/\/ofertacular.com\/index.php\/wp-json\/wp\/v2\/product_brand?post=7178"},{"taxonomy":"product_cat","embeddable":true,"href":"https:\/\/ofertacular.com\/index.php\/wp-json\/wp\/v2\/product_cat?post=7178"},{"taxonomy":"product_tag","embeddable":true,"href":"https:\/\/ofertacular.com\/index.php\/wp-json\/wp\/v2\/product_tag?post=7178"}],"curies":[{"name":"wp","href":"https:\/\/api.w.org\/{rel}","templated":true}]}}