{"id":7208,"date":"2025-08-22T14:30:00","date_gmt":"2025-08-22T12:30:00","guid":{"rendered":"https:\/\/ofertacular.com\/index.php\/producto\/vecna-figure\/"},"modified":"2025-08-22T14:30:00","modified_gmt":"2025-08-22T12:30:00","slug":"vecna-figure","status":"publish","type":"product","link":"https:\/\/ofertacular.com\/index.php\/producto\/vecna-figure\/","title":{"rendered":"Vecna Figure"},"content":{"rendered":"<div class=\"oferta-container\">\ud83d\udfea <b>FUNKO PRECIO<\/b> \ud83d\udfea #Publicidad #Amazon<\/p>\n<p>\ud83d\udfe3 <b> Funko POP! Stranger Things Vecna Figure<\/b> <\/p>\n<p>\u2705 <b>AHORA 9.99 \u20ac<\/b> \u2714\ufe0f\ud83d\udfe1<br \/>\n\u274c Antes 16.00 \u20ac \u20ac <\/p>\n<p>\ud83d\uded2: https:\/\/btz.es\/4UB9Wat\ud83d\udfe2 <\/p>\n<p>Ofertacular.com<\/p>\n<p>Descubre la figura Funko POP! Vecna de Stranger Things, un imprescindible para coleccionistas y fans de la serie. Esta figura de vinilo captura con precisi\u00f3n los detalles del ic\u00f3nico villano, ideal para exhibir en tu colecci\u00f3n. Perfecta para regalar o para a\u00f1adir un toque especial a tu espacio, esta figura Vecna es una pieza \u00fanica y oficial que llama la atenci\u00f3n por su dise\u00f1o exclusivo y calidad superior.<\/p>\n<\/div>\n","protected":false},"excerpt":{"rendered":"<p>\ud83d\udfea FUNKO PRECIO \ud83d\udfea #Publicidad #Amazon \ud83d\udfe3 Funko POP! Stranger Things Vecna Figure \u2705 AHORA 9.99 \u20ac \u2714\ufe0f\ud83d\udfe1 \u274c Antes 16.00 \u20ac \u20ac \ud83d\uded2: https:\/\/btz.es\/4UB9Wat\ud83d\udfe2 Ofertacular.com Descubre la figura Funko POP! Vecna de Stranger Things, un imprescindible para coleccionistas y fans de la serie. Esta figura de vinilo captura con precisi\u00f3n los detalles del ic\u00f3nico [&hellip;]<\/p>\n","protected":false},"featured_media":7207,"template":"","meta":{"_gspb_post_css":""},"store":[],"product_brand":[],"product_cat":[16],"product_tag":[],"class_list":{"0":"post-7208","1":"product","2":"type-product","3":"status-publish","4":"has-post-thumbnail","6":"product_cat-sin-categorizar","8":"first","9":"instock","10":"sale","11":"shipping-taxable","12":"product-type-external"},"jetpack_sharing_enabled":true,"_links":{"self":[{"href":"https:\/\/ofertacular.com\/index.php\/wp-json\/wp\/v2\/product\/7208","targetHints":{"allow":["GET"]}}],"collection":[{"href":"https:\/\/ofertacular.com\/index.php\/wp-json\/wp\/v2\/product"}],"about":[{"href":"https:\/\/ofertacular.com\/index.php\/wp-json\/wp\/v2\/types\/product"}],"wp:featuredmedia":[{"embeddable":true,"href":"https:\/\/ofertacular.com\/index.php\/wp-json\/wp\/v2\/media\/7207"}],"wp:attachment":[{"href":"https:\/\/ofertacular.com\/index.php\/wp-json\/wp\/v2\/media?parent=7208"}],"wp:term":[{"taxonomy":"store","embeddable":true,"href":"https:\/\/ofertacular.com\/index.php\/wp-json\/wp\/v2\/store?post=7208"},{"taxonomy":"product_brand","embeddable":true,"href":"https:\/\/ofertacular.com\/index.php\/wp-json\/wp\/v2\/product_brand?post=7208"},{"taxonomy":"product_cat","embeddable":true,"href":"https:\/\/ofertacular.com\/index.php\/wp-json\/wp\/v2\/product_cat?post=7208"},{"taxonomy":"product_tag","embeddable":true,"href":"https:\/\/ofertacular.com\/index.php\/wp-json\/wp\/v2\/product_tag?post=7208"}],"curies":[{"name":"wp","href":"https:\/\/api.w.org\/{rel}","templated":true}]}}