{"id":7212,"date":"2025-08-23T07:40:55","date_gmt":"2025-08-23T05:40:55","guid":{"rendered":"https:\/\/ofertacular.com\/index.php\/producto\/asterix-jabali\/"},"modified":"2025-08-23T07:40:55","modified_gmt":"2025-08-23T05:40:55","slug":"asterix-jabali","status":"publish","type":"product","link":"https:\/\/ofertacular.com\/index.php\/producto\/asterix-jabali\/","title":{"rendered":"Ast\u00e9rix Jabal\u00ed"},"content":{"rendered":"<div class=\"oferta-container\">\n<p>\ud83d\udfe5 <b>SUPER OFERTA<\/b> \ud83d\udfe5 #Publicidad #Amazon #16<\/p>\n<p>\ud83d\udd34 <b>Jabal\u00ed Ast\u00e9rix <\/b><\/p>\n<p>\u2705 <b>AHORA 8 \u20ac<\/b> \u2714\ufe0f\ud83d\udfe1<\/p>\n<p>\u274c Antes 19.99 \u20ac<\/p>\n<p>\ud83d\uded2: <a href=\"https:\/\/btz.es\/4UFL3Ar\" target=\"_blank\" rel=\"nofollow noopener\">https:\/\/btz.es\/4UFL3Ar<\/a><\/p>\n<p>Descubre la figura coleccionable de Jabal\u00ed Ast\u00e9rix, un producto imprescindible para los amantes de la emblem\u00e1tica serie de Ast\u00e9rix y Ob\u00e9lix. Este art\u00edculo captura todos los detalles y la esencia del personaje tradicionalmente asociado a los festines ga\u00e9licos originales, reconocido por su calidad y autenticidad. Ideal para coleccionistas y fans que buscan piezas \u00fanicas que representen con fidelidad las aventuras del irreductible guerrero galo. La figura est\u00e1 fabricada con materiales resistentes y acabados detallados que garantizan su durabilidad y atractivo visual, siendo adem\u00e1s un elemento decorativo en cualquier espacio dedicado a c\u00f3mics o cultura pop. Gracias a su tama\u00f1o y dise\u00f1o detallado, Jabal\u00ed Ast\u00e9rix es perfecto para exhibir en vitrinas, escritorios o \u00e1reas recreativas. Este producto tambi\u00e9n es un excelente regalo para ni\u00f1os y adultos, entregando una experiencia nost\u00e1lgica y cultural que conecta generaciones a trav\u00e9s del humor y la historia de la aldea gala. No pierdas la oportunidad de tener esta pieza esencial que combina entretenimiento, arte y tradici\u00f3n de una forma \u00fanica. Incorporar esta figura a tu colecci\u00f3n complementar\u00e1 tu pasi\u00f3n por Ast\u00e9rix, permitiendo revivir las historias de hero\u00edsmo y camarader\u00eda que han cautivado a millones alrededor del mundo. Aprovecha esta oferta exclusiva y hazte con Jabal\u00ed Ast\u00e9rix, un art\u00edculo que destaca por su autenticidad, calidad y encanto cl\u00e1sico.<\/p>\n<\/p><\/div>\n","protected":false},"excerpt":{"rendered":"<p>\ud83d\udfe5 SUPER OFERTA \ud83d\udfe5 #Publicidad #Amazon #16 \ud83d\udd34 Jabal\u00ed Ast\u00e9rix \u2705 AHORA 8 \u20ac \u2714\ufe0f\ud83d\udfe1 \u274c Antes 19.99 \u20ac \ud83d\uded2: https:\/\/btz.es\/4UFL3Ar Descubre la figura coleccionable de Jabal\u00ed Ast\u00e9rix, un producto imprescindible para los amantes de la emblem\u00e1tica serie de Ast\u00e9rix y Ob\u00e9lix. Este art\u00edculo captura todos los detalles y la esencia del personaje tradicionalmente asociado [&hellip;]<\/p>\n","protected":false},"featured_media":7211,"template":"","meta":{"_gspb_post_css":""},"store":[],"product_brand":[],"product_cat":[16],"product_tag":[],"class_list":{"0":"post-7212","1":"product","2":"type-product","3":"status-publish","4":"has-post-thumbnail","6":"product_cat-sin-categorizar","8":"first","9":"instock","10":"sale","11":"shipping-taxable","12":"product-type-external"},"jetpack_sharing_enabled":true,"_links":{"self":[{"href":"https:\/\/ofertacular.com\/index.php\/wp-json\/wp\/v2\/product\/7212","targetHints":{"allow":["GET"]}}],"collection":[{"href":"https:\/\/ofertacular.com\/index.php\/wp-json\/wp\/v2\/product"}],"about":[{"href":"https:\/\/ofertacular.com\/index.php\/wp-json\/wp\/v2\/types\/product"}],"wp:featuredmedia":[{"embeddable":true,"href":"https:\/\/ofertacular.com\/index.php\/wp-json\/wp\/v2\/media\/7211"}],"wp:attachment":[{"href":"https:\/\/ofertacular.com\/index.php\/wp-json\/wp\/v2\/media?parent=7212"}],"wp:term":[{"taxonomy":"store","embeddable":true,"href":"https:\/\/ofertacular.com\/index.php\/wp-json\/wp\/v2\/store?post=7212"},{"taxonomy":"product_brand","embeddable":true,"href":"https:\/\/ofertacular.com\/index.php\/wp-json\/wp\/v2\/product_brand?post=7212"},{"taxonomy":"product_cat","embeddable":true,"href":"https:\/\/ofertacular.com\/index.php\/wp-json\/wp\/v2\/product_cat?post=7212"},{"taxonomy":"product_tag","embeddable":true,"href":"https:\/\/ofertacular.com\/index.php\/wp-json\/wp\/v2\/product_tag?post=7212"}],"curies":[{"name":"wp","href":"https:\/\/api.w.org\/{rel}","templated":true}]}}