{"id":7216,"date":"2025-08-23T07:48:50","date_gmt":"2025-08-23T05:48:50","guid":{"rendered":"https:\/\/ofertacular.com\/index.php\/producto\/adidas-hoops-8\/"},"modified":"2025-08-23T07:48:50","modified_gmt":"2025-08-23T05:48:50","slug":"adidas-hoops-8","status":"publish","type":"product","link":"https:\/\/ofertacular.com\/index.php\/producto\/adidas-hoops-8\/","title":{"rendered":"adidas Hoops"},"content":{"rendered":"<div class=\"oferta-container\">\n<p>\ud83d\udfe5 <b>DESCUENTAZO<\/b> \ud83d\udfe5 #Publicidad #Amazon #16<\/p>\n<p>\ud83d\udd34 <b>Zapatillas Hoops <\/b><\/p>\n<p>\u2705 <b>AHORA 19.99 \u20ac<\/b> \u2714\ufe0f\ud83d\udfe1<\/p>\n<p>\u274c Antes 40.00 \u20ac<\/p>\n<p>\ud83d\uded2: <a href=\"https:\/\/btz.es\/4UFN2UD\" target=\"_blank\" rel=\"nofollow noopener\">https:\/\/btz.es\/4UFN2UD<\/a><\/p>\n<p>Las zapatillas Adidas Hoops son la elecci\u00f3n perfecta para quienes buscan combinar estilo y comodidad en su calzado diario. Dise\u00f1adas con materiales de alta calidad y tecnolog\u00eda avanzada, estas zapatillas ofrecen un soporte excepcional y durabilidad para actividades tanto casuales como deportivas. Su dise\u00f1o moderno y vers\u00e1til permite que se adapten f\u00e1cilmente a diferentes estilos, desde outfit deportivos hasta urbanos. La suela de goma proporciona una tracci\u00f3n \u00f3ptima, mientras que la plantilla acolchada asegura una pisada confortable durante todo el d\u00eda. Ideales para caminar, hacer deporte o simplemente para un look casual, las Adidas Hoops son una inversi\u00f3n segura en estilo y rendimiento. Adem\u00e1s, su est\u00e9tica limpia y el logo distintivo de Adidas garantizan un producto genuino y de confianza. Estas zapatillas destacan por su facilidad de combinaci\u00f3n con ropa deportiva y casual, convirti\u00e9ndolas en un imprescindible para cualquier guardarropa. Si buscas un calzado duradero, c\u00f3modo y con un dise\u00f1o impecable, las Adidas Hoops cumplen con todas esas expectativas.<\/p>\n<\/p><\/div>\n","protected":false},"excerpt":{"rendered":"<p>\ud83d\udfe5 DESCUENTAZO \ud83d\udfe5 #Publicidad #Amazon #16 \ud83d\udd34 Zapatillas Hoops \u2705 AHORA 19.99 \u20ac \u2714\ufe0f\ud83d\udfe1 \u274c Antes 40.00 \u20ac \ud83d\uded2: https:\/\/btz.es\/4UFN2UD Las zapatillas Adidas Hoops son la elecci\u00f3n perfecta para quienes buscan combinar estilo y comodidad en su calzado diario. Dise\u00f1adas con materiales de alta calidad y tecnolog\u00eda avanzada, estas zapatillas ofrecen un soporte excepcional y [&hellip;]<\/p>\n","protected":false},"featured_media":7215,"template":"","meta":{"_gspb_post_css":""},"store":[],"product_brand":[],"product_cat":[16],"product_tag":[],"class_list":{"0":"post-7216","1":"product","2":"type-product","3":"status-publish","4":"has-post-thumbnail","6":"product_cat-sin-categorizar","8":"first","9":"instock","10":"sale","11":"shipping-taxable","12":"product-type-external"},"jetpack_sharing_enabled":true,"_links":{"self":[{"href":"https:\/\/ofertacular.com\/index.php\/wp-json\/wp\/v2\/product\/7216","targetHints":{"allow":["GET"]}}],"collection":[{"href":"https:\/\/ofertacular.com\/index.php\/wp-json\/wp\/v2\/product"}],"about":[{"href":"https:\/\/ofertacular.com\/index.php\/wp-json\/wp\/v2\/types\/product"}],"wp:featuredmedia":[{"embeddable":true,"href":"https:\/\/ofertacular.com\/index.php\/wp-json\/wp\/v2\/media\/7215"}],"wp:attachment":[{"href":"https:\/\/ofertacular.com\/index.php\/wp-json\/wp\/v2\/media?parent=7216"}],"wp:term":[{"taxonomy":"store","embeddable":true,"href":"https:\/\/ofertacular.com\/index.php\/wp-json\/wp\/v2\/store?post=7216"},{"taxonomy":"product_brand","embeddable":true,"href":"https:\/\/ofertacular.com\/index.php\/wp-json\/wp\/v2\/product_brand?post=7216"},{"taxonomy":"product_cat","embeddable":true,"href":"https:\/\/ofertacular.com\/index.php\/wp-json\/wp\/v2\/product_cat?post=7216"},{"taxonomy":"product_tag","embeddable":true,"href":"https:\/\/ofertacular.com\/index.php\/wp-json\/wp\/v2\/product_tag?post=7216"}],"curies":[{"name":"wp","href":"https:\/\/api.w.org\/{rel}","templated":true}]}}