{"id":7252,"date":"2025-08-25T12:49:47","date_gmt":"2025-08-25T10:49:47","guid":{"rendered":"https:\/\/ofertacular.com\/index.php\/producto\/suirviz-u8\/"},"modified":"2025-08-25T12:49:47","modified_gmt":"2025-08-25T10:49:47","slug":"suirviz-u8","status":"publish","type":"product","link":"https:\/\/ofertacular.com\/index.php\/producto\/suirviz-u8\/","title":{"rendered":"Suirviz U8"},"content":{"rendered":"<div class=\"oferta-container\">\n<p>\ud83d\udfe5 <b>\u00a1DESCUENTO \u00daNICO!<\/b> \ud83d\udfe5 #Publicidad #Amazon #16<\/p>\n<p>\ud83d\udd34 <b>Reproductor MP3 <\/b><\/p>\n<p>\u2705 <b>AHORA 59.99 \u20ac<\/b> \u2714\ufe0f\ud83d\udfe1<\/p>\n<p>\u274c Antes 65.55 \u20ac<\/p>\n<p>\ud83d\uded2: <a href=\"https:\/\/btz.es\/4USIrHw\" target=\"_blank\" rel=\"nofollow noopener\">https:\/\/btz.es\/4USIrHw<\/a><\/p>\n<p>El Suirviz U8 es un reproductor MP3 de \u00faltima generaci\u00f3n dise\u00f1ado para los amantes de la m\u00fasica que buscan calidad, portabilidad y funcionalidad. Este dispositivo compacto ofrece un sonido claro y n\u00edtido, gracias a su tecnolog\u00eda avanzada de audio, ideal para escuchar tu m\u00fasica favorita en cualquier momento y lugar. Su interfaz intuitiva y su pantalla f\u00e1cil de leer permiten una navegaci\u00f3n c\u00f3moda y r\u00e1pida entre canciones, listas de reproducci\u00f3n y ajustes. Adem\u00e1s, el Suirviz U8 cuenta con una bater\u00eda de larga duraci\u00f3n que garantiza horas continuas de reproducci\u00f3n sin interrupciones, perfecto para uso diario o actividades al aire libre. Su dise\u00f1o ergon\u00f3mico y ligero facilita su transporte, mientras que su compatibilidad con m\u00faltiples formatos de audio asegura que pueda reproducir una amplia variedad de archivos, desde MP3 hasta WAV. Este reproductor es una opci\u00f3n destacada para quienes valoran la calidad del sonido y la practicidad en un solo dispositivo, ofreciendo una experiencia auditiva envolvente y personalizada. Incorporar el Suirviz U8 en tu rutina musical significa disfrutar de un producto fiable y moderno, preparado para satisfacer las necesidades de los usuarios m\u00e1s exigentes.<\/p>\n<\/p><\/div>\n","protected":false},"excerpt":{"rendered":"<p>\ud83d\udfe5 \u00a1DESCUENTO \u00daNICO! \ud83d\udfe5 #Publicidad #Amazon #16 \ud83d\udd34 Reproductor MP3 \u2705 AHORA 59.99 \u20ac \u2714\ufe0f\ud83d\udfe1 \u274c Antes 65.55 \u20ac \ud83d\uded2: https:\/\/btz.es\/4USIrHw El Suirviz U8 es un reproductor MP3 de \u00faltima generaci\u00f3n dise\u00f1ado para los amantes de la m\u00fasica que buscan calidad, portabilidad y funcionalidad. Este dispositivo compacto ofrece un sonido claro y n\u00edtido, gracias a [&hellip;]<\/p>\n","protected":false},"featured_media":7251,"template":"","meta":{"_gspb_post_css":""},"store":[],"product_brand":[],"product_cat":[16],"product_tag":[],"class_list":{"0":"post-7252","1":"product","2":"type-product","3":"status-publish","4":"has-post-thumbnail","6":"product_cat-sin-categorizar","8":"first","9":"instock","10":"sale","11":"shipping-taxable","12":"product-type-external"},"jetpack_sharing_enabled":true,"_links":{"self":[{"href":"https:\/\/ofertacular.com\/index.php\/wp-json\/wp\/v2\/product\/7252","targetHints":{"allow":["GET"]}}],"collection":[{"href":"https:\/\/ofertacular.com\/index.php\/wp-json\/wp\/v2\/product"}],"about":[{"href":"https:\/\/ofertacular.com\/index.php\/wp-json\/wp\/v2\/types\/product"}],"wp:featuredmedia":[{"embeddable":true,"href":"https:\/\/ofertacular.com\/index.php\/wp-json\/wp\/v2\/media\/7251"}],"wp:attachment":[{"href":"https:\/\/ofertacular.com\/index.php\/wp-json\/wp\/v2\/media?parent=7252"}],"wp:term":[{"taxonomy":"store","embeddable":true,"href":"https:\/\/ofertacular.com\/index.php\/wp-json\/wp\/v2\/store?post=7252"},{"taxonomy":"product_brand","embeddable":true,"href":"https:\/\/ofertacular.com\/index.php\/wp-json\/wp\/v2\/product_brand?post=7252"},{"taxonomy":"product_cat","embeddable":true,"href":"https:\/\/ofertacular.com\/index.php\/wp-json\/wp\/v2\/product_cat?post=7252"},{"taxonomy":"product_tag","embeddable":true,"href":"https:\/\/ofertacular.com\/index.php\/wp-json\/wp\/v2\/product_tag?post=7252"}],"curies":[{"name":"wp","href":"https:\/\/api.w.org\/{rel}","templated":true}]}}