{"id":7258,"date":"2025-08-26T07:31:17","date_gmt":"2025-08-26T05:31:17","guid":{"rendered":"https:\/\/ofertacular.com\/index.php\/producto\/charged-edge-2\/"},"modified":"2025-08-26T07:31:17","modified_gmt":"2025-08-26T05:31:17","slug":"charged-edge-2","status":"publish","type":"product","link":"https:\/\/ofertacular.com\/index.php\/producto\/charged-edge-2\/","title":{"rendered":"Charged Edge"},"content":{"rendered":"<div class=\"oferta-container\">\n<p>\ud83d\udfe5 <b>ES UN CHOLL\u00d3N<\/b> \ud83d\udfe5 #Publicidad #Amazon #16<\/p>\n<p>\ud83d\udd34 <b>Power Bank <\/b><\/p>\n<p>\u2705 <b>AHORA 39 \u20ac<\/b> \u2714\ufe0f\ud83d\udfe1<\/p>\n<p>\u274c Antes 65.00 \u20ac<\/p>\n<p>\ud83d\uded2: <a href=\"https:\/\/btz.es\/4UXqCF9\" target=\"_blank\" rel=\"nofollow noopener\">https:\/\/btz.es\/4UXqCF9<\/a><\/p>\n<p>El Charged Edge es un dispositivo port\u00e1til esencial para aquellos que necesitan mantener sus dispositivos electr\u00f3nicos cargados mientras est\u00e1n en movimiento. Con una capacidad notable y un dise\u00f1o compacto, este power bank se convierte en el compa\u00f1ero ideal para viajes, jornadas largas de trabajo o para cualquier situaci\u00f3n donde el acceso a una toma de corriente sea limitado. Su tecnolog\u00eda avanzada asegura una carga r\u00e1pida y eficiente, protegiendo tus dispositivos contra sobrecargas y cortocircuitos. Fabricado con materiales de alta calidad, el Charged Edge no solo brinda funcionalidad sino tambi\u00e9n durabilidad y estilo. Adem\u00e1s, su interfaz intuitiva permite monitorear el nivel de bater\u00eda restante, asegurando que siempre est\u00e9s informado sobre la energ\u00eda disponible. Si buscas una soluci\u00f3n confiable para nunca quedarte sin bater\u00eda, el Charged Edge es la opci\u00f3n perfecta para ti. Palabras clave: power bank port\u00e1til, carga r\u00e1pida, bater\u00eda externa, cargador m\u00f3vil, dispositivo de carga, tecnolog\u00eda de bater\u00eda, accesorios para m\u00f3viles, energ\u00eda port\u00e1til, carga segura, recarga eficiente.<\/p>\n<\/p><\/div>\n","protected":false},"excerpt":{"rendered":"<p>\ud83d\udfe5 ES UN CHOLL\u00d3N \ud83d\udfe5 #Publicidad #Amazon #16 \ud83d\udd34 Power Bank \u2705 AHORA 39 \u20ac \u2714\ufe0f\ud83d\udfe1 \u274c Antes 65.00 \u20ac \ud83d\uded2: https:\/\/btz.es\/4UXqCF9 El Charged Edge es un dispositivo port\u00e1til esencial para aquellos que necesitan mantener sus dispositivos electr\u00f3nicos cargados mientras est\u00e1n en movimiento. Con una capacidad notable y un dise\u00f1o compacto, este power bank se [&hellip;]<\/p>\n","protected":false},"featured_media":7257,"template":"","meta":{"_gspb_post_css":""},"store":[],"product_brand":[],"product_cat":[16],"product_tag":[],"class_list":{"0":"post-7258","1":"product","2":"type-product","3":"status-publish","4":"has-post-thumbnail","6":"product_cat-sin-categorizar","8":"first","9":"instock","10":"sale","11":"shipping-taxable","12":"product-type-external"},"jetpack_sharing_enabled":true,"_links":{"self":[{"href":"https:\/\/ofertacular.com\/index.php\/wp-json\/wp\/v2\/product\/7258","targetHints":{"allow":["GET"]}}],"collection":[{"href":"https:\/\/ofertacular.com\/index.php\/wp-json\/wp\/v2\/product"}],"about":[{"href":"https:\/\/ofertacular.com\/index.php\/wp-json\/wp\/v2\/types\/product"}],"wp:featuredmedia":[{"embeddable":true,"href":"https:\/\/ofertacular.com\/index.php\/wp-json\/wp\/v2\/media\/7257"}],"wp:attachment":[{"href":"https:\/\/ofertacular.com\/index.php\/wp-json\/wp\/v2\/media?parent=7258"}],"wp:term":[{"taxonomy":"store","embeddable":true,"href":"https:\/\/ofertacular.com\/index.php\/wp-json\/wp\/v2\/store?post=7258"},{"taxonomy":"product_brand","embeddable":true,"href":"https:\/\/ofertacular.com\/index.php\/wp-json\/wp\/v2\/product_brand?post=7258"},{"taxonomy":"product_cat","embeddable":true,"href":"https:\/\/ofertacular.com\/index.php\/wp-json\/wp\/v2\/product_cat?post=7258"},{"taxonomy":"product_tag","embeddable":true,"href":"https:\/\/ofertacular.com\/index.php\/wp-json\/wp\/v2\/product_tag?post=7258"}],"curies":[{"name":"wp","href":"https:\/\/api.w.org\/{rel}","templated":true}]}}